{"id":1294,"date":"2020-06-17T17:49:19","date_gmt":"2020-06-17T17:49:19","guid":{"rendered":"http:\/\/elvinodelaspiedras.local\/alpartir\/"},"modified":"2020-07-22T14:42:41","modified_gmt":"2020-07-22T14:42:41","slug":"alpartir","status":"publish","type":"page","link":"https:\/\/elvinodelaspiedras.es\/en\/do-carinena\/towns\/alpartir\/","title":{"rendered":"Alpartir"},"content":{"rendered":"<p><img decoding=\"async\" title=\"ALPARTIR\" src=\"\/_archivos\/imagenes\/do-carinena_342.jpg\" alt=\"ALPARTIR\" width=\"148\"><\/p>\n<p>Located in the province of Zaragoza, at the foot of Sierra de Algair\u00e9n mountain range on the Alpartir River.<\/p>\n<p>The main sources of wealth are olive oil, vineyards and almonds.<\/p>\n<p>It is necessary to divide the town itself: first, the oldest part with medieval characteristics, located on the hill of Mosan, and secondly, the modern part and wineries in the lower part on both sides of the river. In this more modern area is the renaissance church, Nuestra Se\u00f1ora de los \u00c1ngeles, from the 16th century, whose portal is on the side of the building. The upper part of the tower is from improvements made in the 18th century, made of brick and closed by a pyramid-shaped metal structure, which houses the bell. The temple contains interesting altarpieces, like the main one of Virgen Mary figue of Nuestra Se\u00f1ora de los \u00c1ngeles or the Virgen del Rosario, attributed to the Aragonese painter Felipe C\u00e1ceres. There are other good examples of works of art such as an ogee arch corresponding to the fa\u00e7ade of a 15th century palace that belonged to the religious order of San Juan de Jerusal\u00e9n.<\/p>\n<p>The festivities are in honor of San Gregorio, May 9 (pilgrimage), San Gervasio and San Protasio, from June 18 to 21.<\/p>\n","protected":false},"excerpt":{"rendered":"<p>Located in the province of Zaragoza, at the foot of Sierra de Algair\u00e9n mountain range on the Alpartir River. The main sources of wealth are olive oil, vineyards and almonds. It is necessary to divide the town itself: first, the oldest part with medieval characteristics, located on the hill of Mosan, and secondly, the modern &hellip;<\/p>\n","protected":false},"author":5,"featured_media":0,"parent":1590,"menu_order":0,"comment_status":"closed","ping_status":"closed","template":"","meta":{"_genesis_hide_title":false,"_genesis_hide_breadcrumbs":false,"_genesis_hide_singular_image":false,"_genesis_hide_footer_widgets":false,"_genesis_custom_body_class":"","_genesis_custom_post_class":"","_genesis_layout":"","ngg_post_thumbnail":0,"footnotes":""},"class_list":{"0":"post-1294","1":"page","2":"type-page","3":"status-publish","5":"entry"},"_links":{"self":[{"href":"https:\/\/elvinodelaspiedras.es\/en\/wp-json\/wp\/v2\/pages\/1294"}],"collection":[{"href":"https:\/\/elvinodelaspiedras.es\/en\/wp-json\/wp\/v2\/pages"}],"about":[{"href":"https:\/\/elvinodelaspiedras.es\/en\/wp-json\/wp\/v2\/types\/page"}],"author":[{"embeddable":true,"href":"https:\/\/elvinodelaspiedras.es\/en\/wp-json\/wp\/v2\/users\/5"}],"replies":[{"embeddable":true,"href":"https:\/\/elvinodelaspiedras.es\/en\/wp-json\/wp\/v2\/comments?post=1294"}],"version-history":[{"count":2,"href":"https:\/\/elvinodelaspiedras.es\/en\/wp-json\/wp\/v2\/pages\/1294\/revisions"}],"predecessor-version":[{"id":5739,"href":"https:\/\/elvinodelaspiedras.es\/en\/wp-json\/wp\/v2\/pages\/1294\/revisions\/5739"}],"up":[{"embeddable":true,"href":"https:\/\/elvinodelaspiedras.es\/en\/wp-json\/wp\/v2\/pages\/1590"}],"wp:attachment":[{"href":"https:\/\/elvinodelaspiedras.es\/en\/wp-json\/wp\/v2\/media?parent=1294"}],"curies":[{"name":"wp","href":"https:\/\/api.w.org\/{rel}","templated":true}]}}