{"id":1302,"date":"2020-06-17T17:49:19","date_gmt":"2020-06-17T17:49:19","guid":{"rendered":"http:\/\/elvinodelaspiedras.local\/bodegas-inscritas\/"},"modified":"2026-03-06T09:02:27","modified_gmt":"2026-03-06T09:02:27","slug":"wineries","status":"publish","type":"page","link":"https:\/\/elvinodelaspiedras.es\/en\/do-carinena\/wineries\/","title":{"rendered":"Wineries"},"content":{"rendered":"\t\t<div data-elementor-type=\"wp-page\" data-elementor-id=\"1302\" class=\"elementor elementor-1302\">\n\t\t\t\t\t\t<section class=\"elementor-section elementor-top-section elementor-element elementor-element-55125184 elementor-section-boxed elementor-section-height-default elementor-section-height-default\" data-id=\"55125184\" data-element_type=\"section\">\n\t\t\t\t\t\t<div class=\"elementor-container elementor-column-gap-default\">\n\t\t\t\t\t<div class=\"elementor-column elementor-col-100 elementor-top-column elementor-element elementor-element-3d46f00f\" data-id=\"3d46f00f\" data-element_type=\"column\">\n\t\t\t<div class=\"elementor-widget-wrap elementor-element-populated\">\n\t\t\t\t\t\t<div class=\"elementor-element elementor-element-1caba523 elementor-widget elementor-widget-text-editor\" data-id=\"1caba523\" data-element_type=\"widget\" data-widget_type=\"text-editor.default\">\n\t\t\t\t<div class=\"elementor-widget-container\">\n\t\t\t\t\t\t\t<h2>Aguar\u00f3n<\/h2>\n<table border=\"0\">\n<tbody>\n<tr>\n<td>Sociedad Cooperativa Vit\u00edcola San Jos\u00e9, S. Coop.<\/td>\n<td>Ctra. Calatayud-Cari\u00f1ena, s\/n\n50408 Aguar\u00f3n (Zaragoza)\nTlf: 976 620 460\nE-mail: <a href=\"mailto:coopsanjose@grandesvinos.com\">coopsanjose@grandesvinos.com<\/a>\nWeb:\u00a0<a style=\"background-color: #ffffff\" href=\"http:\/\/www.grandesvinos.com\" target=\"_blank\" rel=\"noopener noreferrer\">www.grandesvinos.com<\/a><\/td>\n<\/tr>\n<\/tbody>\n<\/table>\n<h2>Alfam\u00e9n<\/h2>\n<table border=\"0\">\n<tbody>\n<tr>\n<td>Bodegas Esteban Mart\u00edn, S.L.<\/td>\n<td>Camino Virgen de Lagunas, s\/n\n50461 Alfam\u00e9n (Zaragoza)\nTlf: 976 628 490\nE-mail: <a href=\"mailto:info@estebanmartin.es\">info@estebanmartin.es<\/a>\nWeb: <a style=\"background-color: #ffffff\" href=\"http:\/\/www.estebanmartin.com\">www.estebanmartin.com<\/a><\/td>\n<\/tr>\n<tr>\n<td>Sociedad Cooperativa San Roque de Alfam\u00e9n, Ltda.<\/td>\n<td>Cooperativa, 2\n50461 Alfamen (Zaragoza)\nTlf: 976 626 014\nE-mail: <a href=\"mailto:coopsanroque@grandesvinos.com\">coopsanroque@grandesvinos.com<\/a>\nWeb:\u00a0<a style=\"background-color: #ffffff\" href=\"http:\/\/www.grandesvinos.com\" target=\"_blank\" rel=\"noopener noreferrer\">www.grandesvinos.com<\/a><\/td>\n<\/tr>\n<\/tbody>\n<\/table>\n<h2>Almonacid de la Sierra<\/h2>\n<table border=\"0\">\n<tbody>\n<tr>\n<td>Bodegas A\u00f1adas, S.A.<\/td>\n<td>San Jos\u00e9, 8\n50108 Almonacid de la Sierra (Zaragoza)\nTlf: 976 793 016\nE-mail: <a href=\"mailto:bodega@bodegascare.com\" target=\"_blank\" rel=\"noopener\">bodega@bodegascare.com<\/a>\nWeb: <a style=\"background-color: #ffffff\" href=\"http:\/\/www.carewines.com\/\" target=\"_blank\" rel=\"noopener\" data-saferedirecturl=\"https:\/\/www.google.com\/url?q=http:\/\/www.carewines.com&amp;source=gmail&amp;ust=1711450762935000&amp;usg=AOvVaw0wsnpw-GPNMbUymU9CRMNP\">www.carewines.com<\/a><\/td>\n<\/tr>\n<tr>\n<td>Manuel Moneva e Hijos, S.L.<\/td>\n<td>Avda. de Zaragoza, 10,\n50108 Almonacid de la Sierra (Zaragoza)\nTlf: 976 627 020\nE-mail: <a href=\"mailto:monevahijos@terra.es\">info@bodegasmanuelmoneva.com<\/a>\nWeb:<a style=\"background-color: #ffffff\" href=\"http:\/\/bodegasmanuelmoneva.com\/\" target=\"_blank\" rel=\"noopener noreferrer\">www.bodegasmanuelmoneva.com<\/a><\/td>\n<\/tr>\n<tr>\n<td>Roberto Zazurca L\u00f3pez<\/td>\n<td>Barranco, s\/n\n50108 Almonacid de la Sierra (Zaragoza)\nTlf: 976 627 382\nE-mail: <a style=\"background-color: #ffffff\" href=\"mailto:bodegaszazurca@gmail.com\" target=\"_blank\" rel=\"noopener noreferrer\">bodegaszazurca@gmail.com<\/a><\/td>\n<\/tr>\n<tr>\n<td>Vi\u00f1edos y Bodegas Pablo, S.C.<\/td>\n<td>Avda. Zaragoza, 16\n50108 Almonacid de la Sierra (Zaragoza)\nTlf: 976 627 037\nE-mail: <a href=\"mailto:granviu@granviu.com\">granviu@granviu.com<\/a>\nWeb:<a style=\"background-color: #ffffff\" href=\"http:\/\/www.granviu.com\" target=\"_blank\" rel=\"noopener noreferrer\"> www.granviu.com<\/a><\/td>\n<\/tr>\n<tr>\n<td>Francisco Javier Sanz Soguero<\/td>\n<td>Barranco, 60\n50108 Almonacid de la Sierra (Zaragoza)\nTlf: 696 453 134\nE-mail: <a href=\"mailto:info@vignius.com\" target=\"_blank\" rel=\"noopener noreferrer\">info@vignius.com<\/a>\nWeb: <a href=\"http:\/\/www.vignius.com\" target=\"_blank\" rel=\"noopener noreferrer\">www.vignius.com<\/a><\/td>\n<\/tr>\n<tr>\n<td>Bodem Bodegas, S.L.<\/td>\n<td>Ctra. Z-V- 1201. Parcela 55, Pol\u00edgono 30, Paraje el R\u00edo\n50108 Almonacid de la Sierra (Zaragoza)\nTlf: 976 780 136\nE-mail: <a href=\"mailto:direccion@bodembodegas.com\" target=\"_blank\" rel=\"noopener noreferrer\">direccion@bodembodegas.com<\/a>\nWeb: <a style=\"background-color: #ffffff\" href=\"https:\/\/www.bodembodegas.com\/\/\/\/\">www.bodembodegas.com<\/a><\/td>\n<\/tr>\n<tr>\n<td>Libre y Salvaje, S.L.<\/td>\n<td>Camino del Bosque, 2\n50108 Almonacid de la Sierra (Zaragoza)\nTlf: 627 445 357\nE-mail: info@libreysalvaje.com<\/td>\n<\/tr>\n<tr>\n<td>Bodega Familia Navascu\u00e9s, S.L.<\/td>\n<td>Avda. de Zaragoza, 10\n50108 Almonacid de la Sierra (Zaragoza)\nTlf: 651 845 176\nE-mail: <a href=\"mailto:info@familianavascues.com\">info@familianavascues.com<\/a><\/td>\n<\/tr>\n<\/tbody>\n<\/table>\n<h2>Cari\u00f1ena<\/h2>\n<table border=\"0\">\n<tbody>\n<tr>\n<td>Bodegas A\u00f1adas, S.A.<\/td>\n<td>Ctra. Aguar\u00f3n, km. 47.100\n50400 Cari\u00f1ena (Zaragoza)\nTlf: 976 793 016\nE-mail: <a href=\"mailto:bodega@bodegascare.com\" target=\"_blank\" rel=\"noopener\">bodega@bodegascare.com<\/a>\nWeb: <a style=\"background-color: #ffffff\" href=\"http:\/\/www.carewines.com\/\" target=\"_blank\" rel=\"noopener noreferrer\">www.carewines.com<\/a><\/td>\n<\/tr>\n<tr>\n<td>Bodegas Luis Mar\u00edn Pardos, S. L.<\/td>\n<td>San Valero, 1\n50400 Cari\u00f1ena (Zaragoza)\nTlf: 976 621 129\nE-mail: <a href=\"mailto:administracion@ignaciomarin.com\">luismarin@luismarin.eu<\/a>\nWeb: <a style=\"background-color: #ffffff\" href=\"http:\/\/www.luismarin.eu\">www.luismarin.eu<\/a><\/td>\n<\/tr>\n<tr>\n<td>Bodegas Luis Mar\u00edn Pardos, S. L.<\/td>\n<td>Ctra. Cari\u00f1ena Encinacorba, 1\n50400 Cari\u00f1ena (Zaragoza)\nTlf: 976 621 129\nE-mail: <a href=\"mailto:administracion@ignaciomarin.com\">luismarin@luismarin.eu<\/a>\nWeb: <a style=\"background-color: #ffffff\" href=\"http:\/\/www.luismarin.eu\">www.luismarin.eu<\/a><\/td>\n<\/tr>\n<tr>\n<td>Bodegas San Valero Soc. Coop. Grupo BSV<\/td>\n<td>Ctra. Zaragoza-Valencia, s\/n\n50400 Cari\u00f1ena (Zaragoza)\nTlf: 976 620 400\nE-mail: <a href=\"mailto:bsv@sanvalero.com\">bsv@sanvalero.com<\/a>\nWeb:<a style=\"background-color: #ffffff\" href=\"http:\/\/www.sanvalero.com\" target=\"_blank\" rel=\"noopener noreferrer\"> www.sanvalero.com<\/a><\/td>\n<\/tr>\n<tr>\n<td>Bodegas San Valero Soc. Coop. Grupo BSV<\/td>\n<td>Crta. Cari\u00f1ena Belchite A-220, Km. 24\n50400 Cari\u00f1ena (Zaragoza)\nTlf: 976 620 400\nE-mail: <a href=\"mailto:bsv@sanvalero.com\">bsv@sanvalero.com<\/a>\nWeb:<a style=\"background-color: #ffffff\" href=\"http:\/\/www.sanvalero.com\" target=\"_blank\" rel=\"noopener noreferrer\"> www.sanvalero.com<\/a><\/td>\n<\/tr>\n<tr>\n<td>S.A.T. n\u00ba 75, Cari\u00f1ena Vitivin\u00edcola<\/td>\n<td>Ctra. Zaragoza-Valencia, s\/n\n50400 Cari\u00f1ena (Zaragoza)\nTlf: 976 620 237\nE-mail: <a href=\"mailto:carinenaviticola@grandesvinos.com\" target=\"_blank\" rel=\"noopener noreferrer\">carinenaviticola@grandesvinos.com<\/a>\nWeb:\u00a0<a style=\"background-color: #ffffff\" href=\"http:\/\/www.grandesvinos.com\" target=\"_blank\" rel=\"noopener noreferrer\">www.grandesvinos.com<\/a><\/td>\n<\/tr>\n<tr>\n<td>Grandes Vinos y Vi\u00f1edos, S.A.<\/td>\n<td>Ctra. Zaragoza-Valencia, km. 46,300\n50400 Cari\u00f1ena (Zaragoza)\nTlf: 976 621 261\nE-mail: <a href=\"mailto:info@grandesvinos.com\">info@grandesvinos.com<\/a>\nWeb:<a href=\"http:\/\/www.grandesvinos.com\"> www.grandesvinos.com<\/a><\/td>\n<\/tr>\n<tr>\n<td>Bodegas Ignacio Marin, S.L.<\/td>\n<td>Ctra. Valencia, Km. 449\n50400 Cari\u00f1ena (Zaragoza)\nTlf:\u00a0 976 142 494\nE-mail:<a href=\"mailto:E-mail%3Aadministracion@ignaciomarin.com\" target=\"_blank\" rel=\"noopener\">administracion@ignaciomarin.com<\/a>\nWeb: <a href=\"http:\/\/www.ignaciomarin.com\" target=\"_blank\" rel=\"noopener\">www.ignaciomarin.com<\/a><\/td>\n<\/tr>\n<tr>\n<td>Bodegas Romeo Irisarri, S.L.<\/td>\n<td>La Cruz, 8\n50400 Cari\u00f1ena (Zaragoza)\nTlf: 976 620 012<\/td>\n<\/tr>\n<\/tbody>\n<\/table>\n<h2>Cosuenda<\/h2>\n<table border=\"0\">\n<tbody>\n<tr>\n<td scope=\"row\">Bodega San Bernab\u00e9 de Cosuenda\nSociedad Cooperativa, Ltda.<\/td>\n<td>San Crist\u00f3bal, n\u00ba 45\n50409 Cosuenda (Zaragoza)\nTlf: 976 627 093\nE-mail: <a href=\"mailto:coopsanbernabe@grandesvinos.com\" target=\"_blank\" rel=\"noopener noreferrer\">coopsanbernabe@grandesvinos.com<\/a>\nWeb:\u00a0<a href=\"http:\/\/www.grandesvinos.com\">www.grandesvinos.com<\/a><\/td>\n<\/tr>\n<\/tbody>\n<\/table>\n<h2>Encinacorba<\/h2>\n<table border=\"0\">\n<tbody>\n<tr>\n<td>Bodegas Vinos y Vi\u00f1edos, S.L.<\/td>\n<td>Camino de la Estaci\u00f3n, s\/n.\n50470 Encinacorba (Zaragoza)\nTlf: 976 621 129<a href=\"mailto:administracion@ignaciomarin.com\">\n<\/a><\/td>\n<\/tr>\n<\/tbody>\n<\/table>\n<h2>Longares<\/h2>\n<table border=\"0\">\n<tbody>\n<tr>\n<td>Bodegas Ignacio Mar\u00edn S.L.<\/td>\n<td>Ctra. N-330, km 459\n50460 Longares (Zaragoza)\nTlf: 976 142 494\nE-mail: <a href=\"mailto:administracion@ignaciomarin.com\" target=\"_blank\" rel=\"noopener noreferrer\">administracion@ignaciomarin.com<\/a>\nWeb: <a href=\"http:\/\/www.ignaciomarin.comm\">www.ignaciomarin.com<\/a><\/td>\n<\/tr>\n<\/tbody>\n<\/table>\n<h2>Muel<\/h2>\n<table border=\"0\">\n<tbody>\n<tr>\n<td>Heredad Ans\u00f3n, S.L.<\/td>\n<td>C\/ Eras Altas, s\/n\n50450 Muel (Zaragoza)\nTlf: 976 141 133\nEmail: <a href=\"mailto:info@bodegasheredadanson.com\">info@bodegasheredadanson.com<\/a>\nWeb: <a href=\"http:\/\/www.bodegasheredadanson.com\" target=\"_blank\" rel=\"noopener noreferrer\">www.bodegasheredadanson.com<\/a><\/td>\n<\/tr>\n<tr>\n<td>Sociedad Cooperativa Agraria Ntra. Sra. Virgen de la Fuente<\/td>\n<td>C\/ Allu\u00e9 Salvador, 14\n50450 Muel (Zaragoza)\nTlf: 976 140 047\nEmail: <a href=\"mailto:coop.muel@jalonet.net\">coop.muel@jalonet.net<\/a><\/td>\n<\/tr>\n<\/tbody>\n<\/table>\n<h2>Paniza<\/h2>\n<table border=\"0\">\n<tbody>\n<tr>\n<td>Bodegas Paniza, S. Coop.<\/td>\n<td>Ctra. Zaragoza-Valencia, Km 53\n50480 Paniza (Zaragoza)\nTlf: 976 622 515\nE-mail: <a href=\"mailto:info@bodegaspaniza.com\">info@bodegaspaniza.com<\/a>\nWeb: <a href=\"https:\/\/www.bodegaspaniza.com\/\" target=\"_blank\" rel=\"noopener noreferrer\">www.bodegaspaniza.com<\/a><\/td>\n<\/tr>\n<\/tbody>\n<\/table>\n<h2>Tosos<\/h2>\n<table border=\"0\">\n<tbody>\n<tr>\n<td>Xucrogas, S.A.-Hacienda Molleda<\/td>\n<td>Ctra. A-220, Km 29,3\n50154 Tosos (Zaragoza)\nTlf: 976 620 702\nE-mail: <a href=\"mailto:haciendamolleda@gmail.com\">haciendamolleda@gmail.com<\/a>\nWeb: <a href=\"http:\/\/www.haciendamolleda.com\" target=\"_blank\" rel=\"noopener\">www.haciendamolleda.com<\/a><\/td>\n<\/tr>\n<\/tbody>\n<\/table>\n<h2>Villanueva de Huerva<\/h2>\n<table border=\"0\">\n<tbody>\n<tr>\n<td>Sociedad Cooperativa Agraria Nuestra Sra. Del Pilar<\/td>\n<td>San Pablo, 1\n50153 Villanueva de Huerva (Zaragoza)\nTlf: 976 143 427\nE-mail: <a href=\"mailto:coopvillanueva@grandesvinos.com\">coopvillanueva@grandesvinos.com<\/a>\nWeb:\u00a0<a href=\"http:\/\/www.grandesvinos.com\">www.grandesvinos.com<\/a><\/td>\n<\/tr>\n<\/tbody>\n<\/table>\t\t\t\t\t\t<\/div>\n\t\t\t\t<\/div>\n\t\t\t\t\t<\/div>\n\t\t<\/div>\n\t\t\t\t\t<\/div>\n\t\t<\/section>\n\t\t\t\t<\/div>\n\t\t","protected":false},"excerpt":{"rendered":"<p>Aguar\u00f3n Sociedad Cooperativa Vit\u00edcola San Jos\u00e9, S. Coop. Ctra. Calatayud-Cari\u00f1ena, s\/n 50408 Aguar\u00f3n (Zaragoza) Tlf: 976 620 460 E-mail: coopsanjose@grandesvinos.com Web:\u00a0www.grandesvinos.com Alfam\u00e9n Bodegas Esteban Mart\u00edn, S.L. Camino Virgen de Lagunas, s\/n 50461 Alfam\u00e9n (Zaragoza) Tlf: 976 628 490 E-mail: info@estebanmartin.es Web: www.estebanmartin.com Sociedad Cooperativa San Roque de Alfam\u00e9n, Ltda. Cooperativa, 2 50461 Alfamen (Zaragoza) Tlf: &hellip;<\/p>\n","protected":false},"author":5,"featured_media":0,"parent":1337,"menu_order":1,"comment_status":"closed","ping_status":"closed","template":"","meta":{"_genesis_hide_title":false,"_genesis_hide_breadcrumbs":false,"_genesis_hide_singular_image":false,"_genesis_hide_footer_widgets":false,"_genesis_custom_body_class":"","_genesis_custom_post_class":"","_genesis_layout":"","ngg_post_thumbnail":0,"footnotes":""},"class_list":{"0":"post-1302","1":"page","2":"type-page","3":"status-publish","5":"entry"},"_links":{"self":[{"href":"https:\/\/elvinodelaspiedras.es\/en\/wp-json\/wp\/v2\/pages\/1302"}],"collection":[{"href":"https:\/\/elvinodelaspiedras.es\/en\/wp-json\/wp\/v2\/pages"}],"about":[{"href":"https:\/\/elvinodelaspiedras.es\/en\/wp-json\/wp\/v2\/types\/page"}],"author":[{"embeddable":true,"href":"https:\/\/elvinodelaspiedras.es\/en\/wp-json\/wp\/v2\/users\/5"}],"replies":[{"embeddable":true,"href":"https:\/\/elvinodelaspiedras.es\/en\/wp-json\/wp\/v2\/comments?post=1302"}],"version-history":[{"count":114,"href":"https:\/\/elvinodelaspiedras.es\/en\/wp-json\/wp\/v2\/pages\/1302\/revisions"}],"predecessor-version":[{"id":7941,"href":"https:\/\/elvinodelaspiedras.es\/en\/wp-json\/wp\/v2\/pages\/1302\/revisions\/7941"}],"up":[{"embeddable":true,"href":"https:\/\/elvinodelaspiedras.es\/en\/wp-json\/wp\/v2\/pages\/1337"}],"wp:attachment":[{"href":"https:\/\/elvinodelaspiedras.es\/en\/wp-json\/wp\/v2\/media?parent=1302"}],"curies":[{"name":"wp","href":"https:\/\/api.w.org\/{rel}","templated":true}]}}