{"id":1307,"date":"2020-06-17T17:49:19","date_gmt":"2020-06-17T17:49:19","guid":{"rendered":"http:\/\/elvinodelaspiedras.local\/capitulo-i\/"},"modified":"2020-07-17T11:26:31","modified_gmt":"2020-07-17T11:26:31","slug":"capitulo-i","status":"publish","type":"page","link":"https:\/\/elvinodelaspiedras.es\/en\/regulating-council\/legislation\/legislacion-vitivinicola-general\/legislacion-anterior-consejo-regulador\/orden-apa23512002\/capitulo-i\/","title":{"rendered":"CAPITULO I"},"content":{"rendered":"<p style=\"text-align: center;\"><strong>CAP\u00cdTULO I<br \/>\nGeneralidades<\/strong><\/p>\n<p><strong>Art\u00edculo 1. Base legal.<\/strong><\/p>\n<p>De acuerdo con lo dispuesto en la Ley 25\/1970, de 2 de diciembre, denominada Estatuto de la Vi\u00f1a , del Vino y de los Alcoholes y en el Reglamento que la desarrolla, aprobado por el Decreto 835\/1972, de 23 de marzo, as\u00ed como la normativa de la Comunidad Europea y en particular el Reglamento (CE) 1493\/99 del Consejo de 17 de mayo por el que se establece la organizaci\u00f3n com\u00fan del mercado vitivin\u00edcola, quedan protegidos con la Denominaci\u00f3n de Origen \u00abCari\u00f1ena\u00bb los vinos designados por esta denominaci\u00f3n geogr\u00e1fica que, reuniendo las caracter\u00edsticas definidas en este Reglamento, hayan cumplido en su producci\u00f3n, elaboraci\u00f3n y crianza los requisitos exigidos en el mismo y en la legislaci\u00f3n vigente.<\/p>\n<p><strong>Art\u00edculo 2. Extensi\u00f3n de la protecci\u00f3n.<\/strong><\/p>\n<p>1. La protecci\u00f3n otorgada se extiende al nombre de la denominaci\u00f3n y al de los t\u00e9rminos municipales que componen las zonas de producci\u00f3n y crianza de acuerdo con lo dispuesto en los art\u00edculos 81 y siguientes de la Ley 25\/1970 y dem\u00e1s legislaci\u00f3n aplicable.<\/p>\n<p>2. Queda prohibida la utilizaci\u00f3n, en otros vinos, de nombres, marcas, t\u00e9rminos, expresiones y signos que por su similitud fon\u00e9tica o gr\u00e1fica con los protegidos, pueden inducir a confusi\u00f3n con los que son objeto de esta Reglamentaci\u00f3n, incluso los que vayan precedidos de la terminolog\u00eda \u00abtipo\u00bb, \u00abestilo\u00bb, \u00abcepa\u00bb, \u00abembotellado en &#8230;\u00bb, \u00abcon bodegas en&#8230;\u00bb y otras an\u00e1logas.<\/p>\n<p><strong>Art\u00edculo 3. \u00d3rganos competentes.<\/strong><\/p>\n<p>La defensa de la Denominaci\u00f3n de Origen, la aplicaci\u00f3n de su Reglamento, la vigilancia del cumplimiento del mismo, as\u00ed como el fomento y control de la calidad de los vinos amparados quedan encomendados al Consejo Regulador de la Denominaci\u00f3n de Origen, al Departamento de Agricultura de la Diputaci\u00f3n General de Arag\u00f3n y al Ministerio de Agricultura, Pesca y Alimentaci\u00f3n en el \u00e1mbito de sus respectivas competencias.<\/p>\n","protected":false},"excerpt":{"rendered":"<p>CAP\u00cdTULO I Generalidades Art\u00edculo 1. Base legal. De acuerdo con lo dispuesto en la Ley 25\/1970, de 2 de diciembre, denominada Estatuto de la Vi\u00f1a , del Vino y de los Alcoholes y en el Reglamento que la desarrolla, aprobado por el Decreto 835\/1972, de 23 de marzo, as\u00ed como la normativa de la Comunidad &hellip;<\/p>\n","protected":false},"author":5,"featured_media":0,"parent":1384,"menu_order":0,"comment_status":"closed","ping_status":"closed","template":"","meta":{"_genesis_hide_title":false,"_genesis_hide_breadcrumbs":false,"_genesis_hide_singular_image":false,"_genesis_hide_footer_widgets":false,"_genesis_custom_body_class":"","_genesis_custom_post_class":"","_genesis_layout":"","ngg_post_thumbnail":0,"footnotes":""},"class_list":{"0":"post-1307","1":"page","2":"type-page","3":"status-publish","5":"entry"},"_links":{"self":[{"href":"https:\/\/elvinodelaspiedras.es\/en\/wp-json\/wp\/v2\/pages\/1307"}],"collection":[{"href":"https:\/\/elvinodelaspiedras.es\/en\/wp-json\/wp\/v2\/pages"}],"about":[{"href":"https:\/\/elvinodelaspiedras.es\/en\/wp-json\/wp\/v2\/types\/page"}],"author":[{"embeddable":true,"href":"https:\/\/elvinodelaspiedras.es\/en\/wp-json\/wp\/v2\/users\/5"}],"replies":[{"embeddable":true,"href":"https:\/\/elvinodelaspiedras.es\/en\/wp-json\/wp\/v2\/comments?post=1307"}],"version-history":[{"count":2,"href":"https:\/\/elvinodelaspiedras.es\/en\/wp-json\/wp\/v2\/pages\/1307\/revisions"}],"predecessor-version":[{"id":5498,"href":"https:\/\/elvinodelaspiedras.es\/en\/wp-json\/wp\/v2\/pages\/1307\/revisions\/5498"}],"up":[{"embeddable":true,"href":"https:\/\/elvinodelaspiedras.es\/en\/wp-json\/wp\/v2\/pages\/1384"}],"wp:attachment":[{"href":"https:\/\/elvinodelaspiedras.es\/en\/wp-json\/wp\/v2\/media?parent=1307"}],"curies":[{"name":"wp","href":"https:\/\/api.w.org\/{rel}","templated":true}]}}