{"id":1310,"date":"2020-06-17T17:49:20","date_gmt":"2020-06-17T17:49:20","guid":{"rendered":"http:\/\/elvinodelaspiedras.local\/capitulo-iv\/"},"modified":"2020-07-17T11:27:20","modified_gmt":"2020-07-17T11:27:20","slug":"capitulo-iv","status":"publish","type":"page","link":"https:\/\/elvinodelaspiedras.es\/en\/regulating-council\/legislation\/legislacion-vitivinicola-general\/legislacion-anterior-consejo-regulador\/orden-apa23512002\/capitulo-iv\/","title":{"rendered":"CAPITULO IV"},"content":{"rendered":"<p style=\"text-align: center;\"><strong>CAP\u00cdTULO IV<br \/>\nDe las caracter\u00edsticas de los vinos<\/strong><\/p>\n<p><strong>Art\u00edculo 14. Caracter\u00edsticas de los vinos.<\/strong><\/p>\n<p>1. Los vinos amparados por la Denominaci\u00f3n de Origen \u00abCari\u00f1ena\u00bb tendr\u00e1n las siguientes caracter\u00edsticas:<\/p>\n<p style=\"text-align: center;\"><img decoding=\"async\" style=\"border: 1px solid black;\" title=\"TiposVinos\" src=\"\/_archivos\/imagenes\/contenidos_200.jpg\" alt=\"TiposVinos\"><\/p>\n<p>Los vinos destinados a \u00abcrianza\u00bb, \u00abreserva\u00bb y \u00abgran reserva\u00bb, deber\u00e1n tener una graduaci\u00f3n alcoh\u00f3lica adquirida m\u00ednima de 12,5 y los destinados a \u00aba\u00f1ejo\u00bb de 14.<\/p>\n<p>2. La elaboraci\u00f3n del vino de licor se realizar\u00e1 exclusivamente con las variedades Moscatel de Alejandr\u00eda, Macabeo y Garnacha tinta cuyos vinos alcancen en el momento de la recolecci\u00f3n una concentraci\u00f3n de az\u00facares superior a 22 grados Brix.<\/p>\n","protected":false},"excerpt":{"rendered":"<p>CAP\u00cdTULO IV De las caracter\u00edsticas de los vinos Art\u00edculo 14. Caracter\u00edsticas de los vinos. 1. Los vinos amparados por la Denominaci\u00f3n de Origen \u00abCari\u00f1ena\u00bb tendr\u00e1n las siguientes caracter\u00edsticas: Los vinos destinados a \u00abcrianza\u00bb, \u00abreserva\u00bb y \u00abgran reserva\u00bb, deber\u00e1n tener una graduaci\u00f3n alcoh\u00f3lica adquirida m\u00ednima de 12,5 y los destinados a \u00aba\u00f1ejo\u00bb de 14. 2. La &hellip;<\/p>\n","protected":false},"author":5,"featured_media":0,"parent":1384,"menu_order":0,"comment_status":"closed","ping_status":"closed","template":"","meta":{"_genesis_hide_title":false,"_genesis_hide_breadcrumbs":false,"_genesis_hide_singular_image":false,"_genesis_hide_footer_widgets":false,"_genesis_custom_body_class":"","_genesis_custom_post_class":"","_genesis_layout":"","ngg_post_thumbnail":0,"footnotes":""},"class_list":{"0":"post-1310","1":"page","2":"type-page","3":"status-publish","5":"entry"},"_links":{"self":[{"href":"https:\/\/elvinodelaspiedras.es\/en\/wp-json\/wp\/v2\/pages\/1310"}],"collection":[{"href":"https:\/\/elvinodelaspiedras.es\/en\/wp-json\/wp\/v2\/pages"}],"about":[{"href":"https:\/\/elvinodelaspiedras.es\/en\/wp-json\/wp\/v2\/types\/page"}],"author":[{"embeddable":true,"href":"https:\/\/elvinodelaspiedras.es\/en\/wp-json\/wp\/v2\/users\/5"}],"replies":[{"embeddable":true,"href":"https:\/\/elvinodelaspiedras.es\/en\/wp-json\/wp\/v2\/comments?post=1310"}],"version-history":[{"count":4,"href":"https:\/\/elvinodelaspiedras.es\/en\/wp-json\/wp\/v2\/pages\/1310\/revisions"}],"predecessor-version":[{"id":5502,"href":"https:\/\/elvinodelaspiedras.es\/en\/wp-json\/wp\/v2\/pages\/1310\/revisions\/5502"}],"up":[{"embeddable":true,"href":"https:\/\/elvinodelaspiedras.es\/en\/wp-json\/wp\/v2\/pages\/1384"}],"wp:attachment":[{"href":"https:\/\/elvinodelaspiedras.es\/en\/wp-json\/wp\/v2\/media?parent=1310"}],"curies":[{"name":"wp","href":"https:\/\/api.w.org\/{rel}","templated":true}]}}