{"id":1311,"date":"2020-06-17T17:49:20","date_gmt":"2020-06-17T17:49:20","guid":{"rendered":"http:\/\/elvinodelaspiedras.local\/capitulo-v\/"},"modified":"2020-07-17T11:27:41","modified_gmt":"2020-07-17T11:27:41","slug":"capitulo-v","status":"publish","type":"page","link":"https:\/\/elvinodelaspiedras.es\/en\/regulating-council\/legislation\/legislacion-vitivinicola-general\/legislacion-anterior-consejo-regulador\/orden-apa23512002\/capitulo-v\/","title":{"rendered":"CAPITULO V"},"content":{"rendered":"<p style=\"text-align: center;\"><strong>CAP\u00cdTULO V<br \/>\nDe los Registros<\/strong><\/p>\n<p><strong>Art\u00edculo 15. Registros del Consejo Regulador.<\/strong><\/p>\n<p>1. Todas las explotaciones vit\u00edcolas de producci\u00f3n y las bodegas cuyos productos se destinen a la Denominaci\u00f3n de Origen \u00abCari\u00f1ena\u00bb deber\u00e1n figurar inscritas en los correspondientes Registros del Consejo Regulador.<\/p>\n<p>2. El Consejo regulador llevar\u00e1 los siguientes Registros:<\/p>\n<p>a) Registro de vi\u00f1as.<br \/>\nb) Registro de bodegas de elaboraci\u00f3n.<br \/>\nc) Registro de bodegas de almacenamiento.<br \/>\nd) Registro de bodegas de crianza.<br \/>\ne) Registro de bodegas de embotellado.<\/p>\n<p><strong>Art\u00edculo 16. Registro de Vi\u00f1as.<\/strong><\/p>\n<p>1. En el Registro de Vi\u00f1as se podr\u00e1n inscribir aquellas cuyas parcelas figuren inscritas en el Registro Vit\u00edcola, y est\u00e9n situadas en la zona de producci\u00f3n, cuyos terrenos el Consejo Regulador considere aptos y cuya uva pueda ser destinada a la elaboraci\u00f3n de vinos protegidos, previas las comprobaciones que en el Consejo Regulador estime necesarias.<\/p>\n<p>2. En la inscripci\u00f3n figurar\u00e1 el nombre del titular de la explotaci\u00f3n, cualquiera que sea su naturaleza jur\u00eddica; el nombre de la vi\u00f1a, pago y t\u00e9rmino municipal en que est\u00e1 situada, pol\u00edgono, y parcela catastral, superficie de producci\u00f3n, variedad o variedades del vi\u00f1edo y cuantos datos sean precisos para su clasificaci\u00f3n y localizaci\u00f3n.<\/p>\n<p>3. Con la instancia de inscripci\u00f3n se acompa\u00f1ar\u00e1 un plano o croquis detallado, de las parcelas objeto de la misma y la autorizaci\u00f3n de plantaciones expedida por el \u00f3rgano correspondiente del Departamento de Agricultura del Gobierno de Arag\u00f3n.<\/p>\n<p><strong>Art\u00edculo 17. Registro de Bodegas.<\/strong><\/p>\n<p>1. En el Registro de Bodegas de Elaboraci\u00f3n se inscribir\u00e1n aquellas situadas en la zona de producci\u00f3n en la que se vinifique uva procedente de vi\u00f1as inscritas, cuyos vinos producidos puedan optar a la Denominaci\u00f3n de Origen.<\/p>\n<p>2. En el Registro de Bodegas de Almacenamiento se inscribir\u00e1n aquellas situadas en la zona de producci\u00f3n que se dediquen exclusivamente al almacenamiento de vinos amparados por la Denominaci\u00f3n de Origen.<\/p>\n<p>3. En el Registro de Bodegas de Crianza se inscribir\u00e1n todas aquellas situadas en la zona de crianza que se dediquen exclusivamente a la crianza de vinos con Denominaci\u00f3n de Origen o con derecho a ella.<\/p>\n<p>4. En el Registro de Bodegas de Embotellado se inscribir\u00e1n aquellas situadas en la zona de producci\u00f3n que se dediquen al embotellado de vinos con Denominaci\u00f3n de Origen.<\/p>\n<p>5. En la inscripci\u00f3n figurar\u00e1 el nombre de la Empresa, localidad y zona de emplazamiento, domicilio social, caracter\u00edsticas de la bodega, material de construcci\u00f3n y capacidad de envases y maquinaria, sistema de elaboraci\u00f3n y cuantos datos sean precisos para la perfecta identificaci\u00f3n y catalogaci\u00f3n de la bodega. En el caso de que la Empresa elaboradora no sea propietaria de los locales, se har\u00e1 constar esta circunstancia indicando el nombre del propietario. Se acompa\u00f1ar\u00e1 un plano o croquis a escala conveniente donde queden reflejados todos los detalles de construcci\u00f3n e instalaciones.<\/p>\n<p>6. Ser\u00e1 condici\u00f3n indispensable para la inscripci\u00f3n de una bodega en el Registro correspondiente o para conservar su vigencia que el local, las instalaciones y conducciones de l\u00edquidos y gases sean independientes y con separaci\u00f3n entre sus edificios por medio de la v\u00eda p\u00fablica de cualquier otro local donde se elaboren, manipulen o almacenen vinos de uvas obtenidas de superficies vit\u00edcolas no inscritas, salvo cuando se trate de productos embotellados y etiquetados en situaci\u00f3n de tr\u00e1nsito de almac\u00e9n.<\/p>\n<p>7. Los locales o bodegas destinados a la crianza o envejecimiento deber\u00e1n estar exentos de trepidaciones, con temperatura constante y fresca durante todo el a\u00f1o y con el estado higronom\u00e9trico y ventilaci\u00f3n adecuados, adem\u00e1s de los restantes requisitos que se estimen necesarios para que el vino adquiera las caracter\u00edsticas espec\u00edficas de los vinos de la Denominaci\u00f3n de Origen \u00abCari\u00f1ena\u00bb.<\/p>\n<p>8. Para la vigencia de las inscripciones en los correspondientes Registros ser\u00e1 indispensable cumplir en todo momento con los requisitos que impone el presente cap\u00edtulo, debiendo comunicar al Consejo cualquier variaci\u00f3n que afecte a los datos suministrados en la inscripci\u00f3n cuando \u00e9sta se produzca. En consecuencia, el Consejo Regulador podr\u00e1 suspender o anular las inscripciones cuando los titulares de las mismas no se atuvieran a tales prescripciones.<\/p>\n<p><strong>Art\u00edculo 18. Inscripciones.<\/strong><\/p>\n<p>1. Las solicitudes de inscripci\u00f3n se dirigir\u00e1n al Consejo Regulador, acompa\u00f1ando los datos, documentos y comprobantes que, en cada caso, sean requeridos por las normas vigentes en los impresos que disponga el Consejo Regulador.<\/p>\n<p>2. Para la inscripci\u00f3n en los Registros ser\u00e1 condici\u00f3n necesaria que los solicitantes, personas f\u00edsicas o jur\u00eddicas, cumplan los requisitos establecidos en este Reglamento. El Consejo Regulador denegar\u00e1 las inscripciones que no se ajusten a los preceptos del Reglamento.<\/p>\n<p>3. Cualquier variaci\u00f3n de los datos registrados deber\u00e1 ser comunicada al Consejo Regulador para la actualizaci\u00f3n correspondiente, quien podr\u00e1 controlar y verificar la veracidad de los datos de inscripci\u00f3n.<\/p>\n<p>4. La inscripci\u00f3n en los Registros tendr\u00e1 una vigencia de tres a\u00f1os, pudiendo ser renovada a solicitud del interesado al final de dicho periodo, siempre y cuando se haya mantenido la actividad y supere los controles que el Consejo Regulador establezca en su manual de procedimiento.<\/p>\n<p>5. La inscripci\u00f3n en estos Registros no exime a los interesados de sus obligaciones respecto de aquellos registros que con car\u00e1cter general est\u00e9n establecidos, y en especial los registros de bodegas agroalimentarias y sanitarios de la Diputaci\u00f3n General de Arag\u00f3n, cuya certificaci\u00f3n deber\u00e1 acompa\u00f1ar a la solicitud de inscripci\u00f3n en el Consejo Regulador.<\/p>\n","protected":false},"excerpt":{"rendered":"<p>CAP\u00cdTULO V De los Registros Art\u00edculo 15. Registros del Consejo Regulador. 1. Todas las explotaciones vit\u00edcolas de producci\u00f3n y las bodegas cuyos productos se destinen a la Denominaci\u00f3n de Origen \u00abCari\u00f1ena\u00bb deber\u00e1n figurar inscritas en los correspondientes Registros del Consejo Regulador. 2. El Consejo regulador llevar\u00e1 los siguientes Registros: a) Registro de vi\u00f1as. b) Registro &hellip;<\/p>\n","protected":false},"author":5,"featured_media":0,"parent":1384,"menu_order":0,"comment_status":"closed","ping_status":"closed","template":"","meta":{"_genesis_hide_title":false,"_genesis_hide_breadcrumbs":false,"_genesis_hide_singular_image":false,"_genesis_hide_footer_widgets":false,"_genesis_custom_body_class":"","_genesis_custom_post_class":"","_genesis_layout":"","ngg_post_thumbnail":0,"footnotes":""},"class_list":{"0":"post-1311","1":"page","2":"type-page","3":"status-publish","5":"entry"},"_links":{"self":[{"href":"https:\/\/elvinodelaspiedras.es\/en\/wp-json\/wp\/v2\/pages\/1311"}],"collection":[{"href":"https:\/\/elvinodelaspiedras.es\/en\/wp-json\/wp\/v2\/pages"}],"about":[{"href":"https:\/\/elvinodelaspiedras.es\/en\/wp-json\/wp\/v2\/types\/page"}],"author":[{"embeddable":true,"href":"https:\/\/elvinodelaspiedras.es\/en\/wp-json\/wp\/v2\/users\/5"}],"replies":[{"embeddable":true,"href":"https:\/\/elvinodelaspiedras.es\/en\/wp-json\/wp\/v2\/comments?post=1311"}],"version-history":[{"count":2,"href":"https:\/\/elvinodelaspiedras.es\/en\/wp-json\/wp\/v2\/pages\/1311\/revisions"}],"predecessor-version":[{"id":5503,"href":"https:\/\/elvinodelaspiedras.es\/en\/wp-json\/wp\/v2\/pages\/1311\/revisions\/5503"}],"up":[{"embeddable":true,"href":"https:\/\/elvinodelaspiedras.es\/en\/wp-json\/wp\/v2\/pages\/1384"}],"wp:attachment":[{"href":"https:\/\/elvinodelaspiedras.es\/en\/wp-json\/wp\/v2\/media?parent=1311"}],"curies":[{"name":"wp","href":"https:\/\/api.w.org\/{rel}","templated":true}]}}