{"id":1323,"date":"2020-06-17T17:49:20","date_gmt":"2020-06-17T17:49:20","guid":{"rendered":"http:\/\/elvinodelaspiedras.local\/circular-104\/"},"modified":"2020-07-16T12:42:10","modified_gmt":"2020-07-16T12:42:10","slug":"circular-104","status":"publish","type":"page","link":"https:\/\/elvinodelaspiedras.es\/en\/regulating-council\/legislation\/legislacion-vitivinicola-general\/legislacion-anterior-consejo-regulador\/circular-104\/","title":{"rendered":"CIRCULAR 104"},"content":{"rendered":"<p>Acuerdo Modificaci\u00f3n Dise\u00f1o Cintillos<\/p>\n<p style=\"padding-left: 330px\">Cari\u00f1ena, 29 de Septiembre de 2005<br \/>\nRef. : CHE\/aap<\/p>\n<p>De parte del Sr. Presidente del Consejo Regulador, le comunico, que seg\u00fan el acta de Pleno del d\u00eda 4 de Mayo de 2004, figura, entre otros, el siguiente acuerdo:<\/p>\n<p>El Sr. Secretario presenta la posible modificaci\u00f3n de cintillos, correspondiente al procedimiento &#8221; Para la certificaci\u00f3n de Productos&#8221;, el punto 6.9, Uso de Referencias de producto amparado por la D.O., en el apartado 3\u00ba, se acuerda, modificar el dise\u00f1o de las contraetiquetas, en lo que se refiere al fondo del color utilizado en los cintillos de joven, crianza, reserva, gran reserva, vino de licor y a\u00f1ejo, pudiendo ser utilizado el color de pantone admitido \u00f3 el color del fondo de la contraetiqueta determinado por la empresa, debiendo ser revisadas todas las contraetiquetas que se soliciten para su aprobaci\u00f3n.&#8221;<\/p>\n<p>Le saluda, atentamente.<\/p>\n<p style=\"padding-left: 30px\">El Secretario del Consejo Regulador<br \/>\nClaudio Herrero Ezquerro<\/p>\n","protected":false},"excerpt":{"rendered":"<p>Acuerdo Modificaci\u00f3n Dise\u00f1o Cintillos Cari\u00f1ena, 29 de Septiembre de 2005 Ref. : CHE\/aap De parte del Sr. Presidente del Consejo Regulador, le comunico, que seg\u00fan el acta de Pleno del d\u00eda 4 de Mayo de 2004, figura, entre otros, el siguiente acuerdo: El Sr. Secretario presenta la posible modificaci\u00f3n de cintillos, correspondiente al procedimiento &#8221; &hellip;<\/p>\n","protected":false},"author":5,"featured_media":0,"parent":1367,"menu_order":6,"comment_status":"closed","ping_status":"closed","template":"","meta":{"_genesis_hide_title":false,"_genesis_hide_breadcrumbs":false,"_genesis_hide_singular_image":false,"_genesis_hide_footer_widgets":false,"_genesis_custom_body_class":"","_genesis_custom_post_class":"","_genesis_layout":"","ngg_post_thumbnail":0,"footnotes":""},"class_list":{"0":"post-1323","1":"page","2":"type-page","3":"status-publish","5":"entry"},"_links":{"self":[{"href":"https:\/\/elvinodelaspiedras.es\/en\/wp-json\/wp\/v2\/pages\/1323"}],"collection":[{"href":"https:\/\/elvinodelaspiedras.es\/en\/wp-json\/wp\/v2\/pages"}],"about":[{"href":"https:\/\/elvinodelaspiedras.es\/en\/wp-json\/wp\/v2\/types\/page"}],"author":[{"embeddable":true,"href":"https:\/\/elvinodelaspiedras.es\/en\/wp-json\/wp\/v2\/users\/5"}],"replies":[{"embeddable":true,"href":"https:\/\/elvinodelaspiedras.es\/en\/wp-json\/wp\/v2\/comments?post=1323"}],"version-history":[{"count":1,"href":"https:\/\/elvinodelaspiedras.es\/en\/wp-json\/wp\/v2\/pages\/1323\/revisions"}],"predecessor-version":[{"id":5450,"href":"https:\/\/elvinodelaspiedras.es\/en\/wp-json\/wp\/v2\/pages\/1323\/revisions\/5450"}],"up":[{"embeddable":true,"href":"https:\/\/elvinodelaspiedras.es\/en\/wp-json\/wp\/v2\/pages\/1367"}],"wp:attachment":[{"href":"https:\/\/elvinodelaspiedras.es\/en\/wp-json\/wp\/v2\/media?parent=1323"}],"curies":[{"name":"wp","href":"https:\/\/api.w.org\/{rel}","templated":true}]}}