{"id":1325,"date":"2020-06-17T17:49:20","date_gmt":"2020-06-17T17:49:20","guid":{"rendered":"http:\/\/elvinodelaspiedras.local\/circular-106\/"},"modified":"2020-07-16T12:41:58","modified_gmt":"2020-07-16T12:41:58","slug":"circular-106","status":"publish","type":"page","link":"https:\/\/elvinodelaspiedras.es\/en\/regulating-council\/legislation\/legislacion-vitivinicola-general\/legislacion-anterior-consejo-regulador\/circular-106\/","title":{"rendered":"CIRCULAR 106"},"content":{"rendered":"<p>Acuerdo sobre la Modificaci\u00f3n del dise\u00f1o de precintas<\/p>\n<p style=\"text-align: right\">Cari\u00f1ena, 17 de Julio de 2006<br \/>\nRef. : CHE\/aap<\/p>\n<p>De parte del Sr. Presidente del Consejo Regulador, le comunico, que seg\u00fan el acta de Pleno del d\u00eda 27 de Abril de 2006, aprobada el 30 de junio de 2006, figura, entre otros, el siguiente acuerdo:<\/p>\n<p>&#8230;Acuerdo sobre la Modificaci\u00f3n del dise\u00f1o de precintas.<\/p>\n<p>Se acuerda, por unanimidad:<\/p>\n<ul>\n<li>Que, se eliminen de las precintas o cintillos las menciones crianza, reserva y gran reserva, indic\u00e1ndose expresamente &#8220;El Consejo Regulador de la Denominaci\u00f3n de Origen Cari\u00f1ena garantiza el origen geogr\u00e1fico del vino&#8221;.<\/li>\n<li>Las solicitudes de precintas o cintillos al Consejo Regulador de la Denominaci\u00f3n de Origen Cari\u00f1ena se realizar\u00e1n conforme al modelo que se adjunta, (documento n\u00ba 1).<\/li>\n<li>Las Bodegas inscritas que quieran adquirir vino &#8220;v.t.c.p.r.d.&#8221; a otra Bodega inscrita deber\u00e1n presentar al Consejo Regulador de la Denominaci\u00f3n de Origen Cari\u00f1ena el documento que se adjunta, (documento n\u00ba 2).<\/li>\n<\/ul>\n<p>No formul\u00e1ndose reparo en contrario se entiende la conformidad un\u00e1nime con los puntos anteriores&#8230;&#8221;<\/p>\n<p>Le saluda, atentamente.<\/p>\n<p style=\"padding-left: 30px\">El Secretario del Consejo Regulador<br \/>\nClaudio Herrero Ezquerro<\/p>\n","protected":false},"excerpt":{"rendered":"<p>Acuerdo sobre la Modificaci\u00f3n del dise\u00f1o de precintas Cari\u00f1ena, 17 de Julio de 2006 Ref. : CHE\/aap De parte del Sr. Presidente del Consejo Regulador, le comunico, que seg\u00fan el acta de Pleno del d\u00eda 27 de Abril de 2006, aprobada el 30 de junio de 2006, figura, entre otros, el siguiente acuerdo: &#8230;Acuerdo sobre &hellip;<\/p>\n","protected":false},"author":5,"featured_media":0,"parent":1367,"menu_order":4,"comment_status":"closed","ping_status":"closed","template":"","meta":{"_genesis_hide_title":false,"_genesis_hide_breadcrumbs":false,"_genesis_hide_singular_image":false,"_genesis_hide_footer_widgets":false,"_genesis_custom_body_class":"","_genesis_custom_post_class":"","_genesis_layout":"","ngg_post_thumbnail":0,"footnotes":""},"class_list":{"0":"post-1325","1":"page","2":"type-page","3":"status-publish","5":"entry"},"_links":{"self":[{"href":"https:\/\/elvinodelaspiedras.es\/en\/wp-json\/wp\/v2\/pages\/1325"}],"collection":[{"href":"https:\/\/elvinodelaspiedras.es\/en\/wp-json\/wp\/v2\/pages"}],"about":[{"href":"https:\/\/elvinodelaspiedras.es\/en\/wp-json\/wp\/v2\/types\/page"}],"author":[{"embeddable":true,"href":"https:\/\/elvinodelaspiedras.es\/en\/wp-json\/wp\/v2\/users\/5"}],"replies":[{"embeddable":true,"href":"https:\/\/elvinodelaspiedras.es\/en\/wp-json\/wp\/v2\/comments?post=1325"}],"version-history":[{"count":1,"href":"https:\/\/elvinodelaspiedras.es\/en\/wp-json\/wp\/v2\/pages\/1325\/revisions"}],"predecessor-version":[{"id":5452,"href":"https:\/\/elvinodelaspiedras.es\/en\/wp-json\/wp\/v2\/pages\/1325\/revisions\/5452"}],"up":[{"embeddable":true,"href":"https:\/\/elvinodelaspiedras.es\/en\/wp-json\/wp\/v2\/pages\/1367"}],"wp:attachment":[{"href":"https:\/\/elvinodelaspiedras.es\/en\/wp-json\/wp\/v2\/media?parent=1325"}],"curies":[{"name":"wp","href":"https:\/\/api.w.org\/{rel}","templated":true}]}}