{"id":1326,"date":"2020-06-17T17:49:20","date_gmt":"2020-06-17T17:49:20","guid":{"rendered":"http:\/\/elvinodelaspiedras.local\/circular-206\/"},"modified":"2020-07-16T12:41:51","modified_gmt":"2020-07-16T12:41:51","slug":"circular-206","status":"publish","type":"page","link":"https:\/\/elvinodelaspiedras.es\/en\/regulating-council\/legislation\/legislacion-vitivinicola-general\/legislacion-anterior-consejo-regulador\/circular-206\/","title":{"rendered":"CIRCULAR 206"},"content":{"rendered":"<p style=\"text-align: left\">Acuerdo Modificaci\u00f3n Dise\u00f1o Cintillos<\/p>\n<p style=\"text-align: right\">Cari\u00f1ena, 23 de Febrero de 2007<br \/>\nRef. : CHE\/aap<\/p>\n<p>De parte del Sr. Presidente del Consejo Regulador, le comunico, que seg\u00fan el acta de Pleno del d\u00eda 21 de Diciembre de 2006, aprobada el 9 de Febrero de 2007, figura, entre otros, el siguiente acuerdo:<\/p>\n<p>&#8220;&#8230;Acuerdo sobre la Modificaci\u00f3n del dise\u00f1o de precintas.<\/p>\n<p>El Sr. Secretario presenta la posible modificaci\u00f3n de cintillos, correspondiente al procedimiento &#8221; Para la certificaci\u00f3n de Productos&#8221;, el punto 6.9, Uso de Referencias de producto amparado por la D.O., en el apartado 3\u00ba, se acuerda:<\/p>\n<ul>\n<li>El color gen\u00e9rico de los cintillos y contraetiquetas del Consejo Regulador ser\u00e1 el blanco.<\/li>\n<li>Modificar el dise\u00f1o de las contraetiquetas, en lo que se refiere al nuevo logotipo del Consejo regulador y al fondo del color utilizado en los cintillos y contraetiquetas de joven, crianza, reserva, gran reserva, vino de licor y a\u00f1ejo, pudiendo ser utilizado el color de pantone admitido blanco \u00f3 el color del fondo de la contraetiqueta determinado por la empresa.<\/li>\n<li>Ser\u00e1 opcional la utilizaci\u00f3n de las menciones crianza, reserva, gran reserva, vino de licor y a\u00f1ejo, que obligatoriamente se reflejar\u00e1n el etiquetado.<\/li>\n<li>La indicaci\u00f3n obligatoria &#8220;Cari\u00f1ena, Denominaci\u00f3n de Origen&#8221; se presentar\u00e1 con caracteres y tama\u00f1os m\u00ednimos de forma clara, legible, indeleble y suficientemente grandes para que destaque del fondo sobre el que est\u00e1 impresa y pueda distinguirse claramente del resto de las dem\u00e1s indicaciones escritas y dibujos, tal y como se refleja a continuaci\u00f3n:<\/li>\n<\/ul>\n<p style=\"text-align: center\"><img decoding=\"async\" style=\"border: 1px solid black\" title=\"ContraEtiquetas\" src=\"\/_archivos\/imagenes\/contenidos_201.jpg\" alt=\"ContraEtiquetas\" \/><\/p>\n<p style=\"text-align: center\"><img decoding=\"async\" style=\"border: 1px solid black\" title=\"cintillo\" src=\"\/_archivos\/imagenes\/contenidos_202.jpg\" alt=\"cintillo\" \/><\/p>\n<p>Le saluda, atentamente.<\/p>\n<p style=\"padding-left: 60px\">El Secretario del Consejo Regulador<br \/>\nClaudio Herrero Ezquerro<\/p>\n","protected":false},"excerpt":{"rendered":"<p>Acuerdo Modificaci\u00f3n Dise\u00f1o Cintillos Cari\u00f1ena, 23 de Febrero de 2007 Ref. : CHE\/aap De parte del Sr. Presidente del Consejo Regulador, le comunico, que seg\u00fan el acta de Pleno del d\u00eda 21 de Diciembre de 2006, aprobada el 9 de Febrero de 2007, figura, entre otros, el siguiente acuerdo: &#8220;&#8230;Acuerdo sobre la Modificaci\u00f3n del dise\u00f1o &hellip;<\/p>\n","protected":false},"author":5,"featured_media":0,"parent":1367,"menu_order":3,"comment_status":"closed","ping_status":"closed","template":"","meta":{"_genesis_hide_title":false,"_genesis_hide_breadcrumbs":false,"_genesis_hide_singular_image":false,"_genesis_hide_footer_widgets":false,"_genesis_custom_body_class":"","_genesis_custom_post_class":"","_genesis_layout":"","ngg_post_thumbnail":0,"footnotes":""},"class_list":{"0":"post-1326","1":"page","2":"type-page","3":"status-publish","5":"entry"},"_links":{"self":[{"href":"https:\/\/elvinodelaspiedras.es\/en\/wp-json\/wp\/v2\/pages\/1326"}],"collection":[{"href":"https:\/\/elvinodelaspiedras.es\/en\/wp-json\/wp\/v2\/pages"}],"about":[{"href":"https:\/\/elvinodelaspiedras.es\/en\/wp-json\/wp\/v2\/types\/page"}],"author":[{"embeddable":true,"href":"https:\/\/elvinodelaspiedras.es\/en\/wp-json\/wp\/v2\/users\/5"}],"replies":[{"embeddable":true,"href":"https:\/\/elvinodelaspiedras.es\/en\/wp-json\/wp\/v2\/comments?post=1326"}],"version-history":[{"count":1,"href":"https:\/\/elvinodelaspiedras.es\/en\/wp-json\/wp\/v2\/pages\/1326\/revisions"}],"predecessor-version":[{"id":5453,"href":"https:\/\/elvinodelaspiedras.es\/en\/wp-json\/wp\/v2\/pages\/1326\/revisions\/5453"}],"up":[{"embeddable":true,"href":"https:\/\/elvinodelaspiedras.es\/en\/wp-json\/wp\/v2\/pages\/1367"}],"wp:attachment":[{"href":"https:\/\/elvinodelaspiedras.es\/en\/wp-json\/wp\/v2\/media?parent=1326"}],"curies":[{"name":"wp","href":"https:\/\/api.w.org\/{rel}","templated":true}]}}