{"id":1330,"date":"2020-06-17T17:49:20","date_gmt":"2020-06-17T17:49:20","guid":{"rendered":"http:\/\/elvinodelaspiedras.local\/coleccion-de-narrativa\/"},"modified":"2020-07-22T09:53:00","modified_gmt":"2020-07-22T09:53:00","slug":"coleccion-de-narrativa","status":"publish","type":"page","link":"https:\/\/elvinodelaspiedras.es\/en\/el-vino-de-las-piedras\/campanas-anteriores\/coleccion-de-narrativa\/","title":{"rendered":"Narrative collection"},"content":{"rendered":"<p><img decoding=\"async\" class=\"aligncenter\" title=\"portada libro dulces piedras\" src=\"\/_archivos\/imagenes\/noticias_2589.jpg\" alt=\"portada libro dulces piedras\" width=\"160\"><\/p>\n<p style=\"text-align: center;\"><strong>MAR\u00cdA PILAR CLAU Y MARIANO GISTA\u00cdN: \u201cDulces piedras escondidas\u201d<\/strong><\/p>\n<p>En 2011, la D.O.P. Cari\u00f1ena lanz\u00f3 la colecci\u00f3n de narrativa&nbsp;contempor\u00e1nea de &#8220;El Vino de las Piedras&#8221;. Una iniciativa en la que diversos autores aragoneses escriben una novela corta sobre Cari\u00f1ena. La primera de esta colecci\u00f3n fue &#8220;Dulces piedras escondidas&#8221;. Una novela realista, con los protagonistas desafiando a la crisis y con algunos destellos&nbsp;m\u00e1gicos, as\u00ed la definen sus autores Mar\u00eda Pilar Clau y Mariano Gista\u00edn. La ficci\u00f3n transcurre entre Estados Unidos, una \u00f3rbita de fantas\u00eda, vinculada al siglo XIII y a la conquista de Zaragoza en 1118, y los campos de Cari\u00f1ena. Los novelistas incorporan a la obra la crisis econ\u00f3mica, la crisis de valores, el desamor, la pol\u00e9mica del pepino y, entre otras cosas, el tsunami de Fukushima. &#8220;Dulces piedras escondidas&#8221; habla de las complejas relaciones familiares, de los amores rotos y de lo dif\u00edcil que es entender algo de la vida.<\/p>\n<p><img decoding=\"async\" class=\"aligncenter\" title=\"portada libro castr0o\" src=\"\/_archivos\/imagenes\/noticias_2590.jpg\" alt=\"portada libro castr0o\" width=\"160\"><\/p>\n<p style=\"text-align: center;\"><strong>ANT\u00d3N CASTRO: \u201cCari\u00f1ena\u201d<\/strong><\/p>\n<p>En 2012 se lanz\u00f3 el segundo relato de la colecci\u00f3n: &#8220;Cari\u00f1ena&#8221;, del escritor y periodista Ant\u00f3n Castro. La novela compuesta por 120 p\u00e1ginas y 21 cap\u00edtulos, es una obra autobiogr\u00e1fica, que ahonda en la importancia de la cultura, la amistad, el vino y especialmente la poes\u00eda. Ant\u00f3n Castro relata en la novela la experiencia vital de un joven de 19 a\u00f1os, objetor de conciencia y v\u00edctima de la incertidumbre, que escapa de su Galicia natal y se va a la vendimia de Cari\u00f1ena diez d\u00edas de octubre de 1978. Una vez all\u00ed conoce el mundo del vino, los detalles de la historia de Cari\u00f1ena, de la comarca y duerme en las grutas-bodegas del lugar mientras espera que le den su primer empleo.<\/p>\n","protected":false},"excerpt":{"rendered":"<p>MAR\u00cdA PILAR CLAU Y MARIANO GISTA\u00cdN: \u201cDulces piedras escondidas\u201d En 2011, la D.O.P. Cari\u00f1ena lanz\u00f3 la colecci\u00f3n de narrativa&nbsp;contempor\u00e1nea de &#8220;El Vino de las Piedras&#8221;. Una iniciativa en la que diversos autores aragoneses escriben una novela corta sobre Cari\u00f1ena. La primera de esta colecci\u00f3n fue &#8220;Dulces piedras escondidas&#8221;. Una novela realista, con los protagonistas desafiando &hellip;<\/p>\n","protected":false},"author":5,"featured_media":0,"parent":1305,"menu_order":5,"comment_status":"closed","ping_status":"closed","template":"","meta":{"_genesis_hide_title":false,"_genesis_hide_breadcrumbs":false,"_genesis_hide_singular_image":false,"_genesis_hide_footer_widgets":false,"_genesis_custom_body_class":"","_genesis_custom_post_class":"","_genesis_layout":"","ngg_post_thumbnail":0,"footnotes":""},"class_list":{"0":"post-1330","1":"page","2":"type-page","3":"status-publish","5":"entry"},"_links":{"self":[{"href":"https:\/\/elvinodelaspiedras.es\/en\/wp-json\/wp\/v2\/pages\/1330"}],"collection":[{"href":"https:\/\/elvinodelaspiedras.es\/en\/wp-json\/wp\/v2\/pages"}],"about":[{"href":"https:\/\/elvinodelaspiedras.es\/en\/wp-json\/wp\/v2\/types\/page"}],"author":[{"embeddable":true,"href":"https:\/\/elvinodelaspiedras.es\/en\/wp-json\/wp\/v2\/users\/5"}],"replies":[{"embeddable":true,"href":"https:\/\/elvinodelaspiedras.es\/en\/wp-json\/wp\/v2\/comments?post=1330"}],"version-history":[{"count":4,"href":"https:\/\/elvinodelaspiedras.es\/en\/wp-json\/wp\/v2\/pages\/1330\/revisions"}],"predecessor-version":[{"id":5687,"href":"https:\/\/elvinodelaspiedras.es\/en\/wp-json\/wp\/v2\/pages\/1330\/revisions\/5687"}],"up":[{"embeddable":true,"href":"https:\/\/elvinodelaspiedras.es\/en\/wp-json\/wp\/v2\/pages\/1305"}],"wp:attachment":[{"href":"https:\/\/elvinodelaspiedras.es\/en\/wp-json\/wp\/v2\/media?parent=1330"}],"curies":[{"name":"wp","href":"https:\/\/api.w.org\/{rel}","templated":true}]}}