{"id":1333,"date":"2020-06-17T17:49:20","date_gmt":"2020-06-17T17:49:20","guid":{"rendered":"http:\/\/elvinodelaspiedras.local\/contacto\/"},"modified":"2025-11-12T18:09:58","modified_gmt":"2025-11-12T18:09:58","slug":"contact-us","status":"publish","type":"page","link":"https:\/\/elvinodelaspiedras.es\/en\/communication\/contact-us\/","title":{"rendered":"Contact us"},"content":{"rendered":"<p><strong>Secretary and Administration:<\/strong><br \/>\nPhone: 976 79 30 31<\/p>\n<p><a href=\"mailto:contacto@elvinodelaspiedras.es\" target=\"_blank\" rel=\"noopener noreferrer\">contacto@elvinodelaspiedras.es<\/a><\/p>\n<p><strong>ATRIA and Restructuring:<\/strong><br \/>\nPhone: 976 62 06 94<\/p>\n<p><strong>Marketing and Communications Manager:<\/strong><\/p>\n<p>Jos\u00e9 Luis Campos<br \/>\nSonia P\u00e9rez<br \/>\nPhone: 976 793 143<\/p>\n<p><a href=\"mailto:comunicacion@elvinodelaspiedras.es\" target=\"_blank\" rel=\"noopener noreferrer\">comunicacion@elvinodelaspiedras.es<\/a><\/p>\n<p><strong>Press Office:<\/strong><br \/>\nMAASZOOM Comunicaci\u00f3n &#8211; Santiago Mart\u00edn<br \/>\nPhone: 976 43 21 06<br \/>\nE-mail: <a href=\"mailto:comunicacion@maaszoom.es\">comunicacion@maaszoom.es<\/a><\/p>\n<p>If you wish, you can also contact us by filling out the form below:<\/p>\n<p>Fill up the fields and press Send button. Your request will be answered as soon as possible. Thank you.<\/p>\n\n<div class=\"wpcf7 no-js\" id=\"wpcf7-f5-o1\" lang=\"es-ES\" dir=\"ltr\">\n<div class=\"screen-reader-response\"><p role=\"status\" aria-live=\"polite\" aria-atomic=\"true\"><\/p> <ul><\/ul><\/div>\n<form action=\"\/en\/wp-json\/wp\/v2\/pages\/1333#wpcf7-f5-o1\" method=\"post\" class=\"wpcf7-form init\" aria-label=\"Contact form\" novalidate=\"novalidate\" data-status=\"init\">\n<div style=\"display: none;\">\n<input type=\"hidden\" name=\"_wpcf7\" value=\"5\" \/>\n<input type=\"hidden\" name=\"_wpcf7_version\" value=\"5.9.8\" \/>\n<input type=\"hidden\" name=\"_wpcf7_locale\" value=\"es_ES\" \/>\n<input type=\"hidden\" name=\"_wpcf7_unit_tag\" value=\"wpcf7-f5-o1\" \/>\n<input type=\"hidden\" name=\"_wpcf7_container_post\" value=\"0\" \/>\n<input type=\"hidden\" name=\"_wpcf7_posted_data_hash\" value=\"\" \/>\n<input type=\"hidden\" name=\"_wpcf7_recaptcha_response\" value=\"\" \/>\n<\/div>\n<div class=\"mainform\">\n\t<div class=\"vc_row wpb_row vc_row-fluid form-body\">\n\t\t<div class=\"wpb_column vc_column_container\">\n\t\t\t<div class=\"vc_column-inner\">\n\t\t\t\t<div class=\"box form-nombre\">\n\t\t\t\t\t<p><label><span class=\"form-label\">Name:<\/span><\/label><span class=\"wpcf7-form-control-wrap\" data-name=\"your-name\"><input size=\"40\" maxlength=\"400\" class=\"wpcf7-form-control wpcf7-text\" aria-invalid=\"false\" placeholder=\"Name\" value=\"\" type=\"text\" name=\"your-name\" \/><\/span>\n\t\t\t\t\t<\/p>\n\t\t\t\t<\/div>\n\t\t\t\t<div class=\"box form-email\">\n\t\t\t\t\t<p><label><span class=\"form-label\">Email <small class=\"red\">*<\/small>:<\/span><\/label><span class=\"wpcf7-form-control-wrap\" data-name=\"your-email\"><input size=\"40\" maxlength=\"400\" class=\"wpcf7-form-control wpcf7-email wpcf7-validates-as-required wpcf7-text wpcf7-validates-as-email\" aria-required=\"true\" aria-invalid=\"false\" placeholder=\"Email\" value=\"\" type=\"email\" name=\"your-email\" \/><\/span>\n\t\t\t\t\t<\/p>\n\t\t\t\t<\/div>\n\t\t\t\t<div class=\"box form-subject\">\n\t\t\t\t\t<p><label><span class=\"form-label\">Subject:<\/span><\/label><span class=\"wpcf7-form-control-wrap\" data-name=\"your-subject\"><input size=\"40\" maxlength=\"400\" class=\"wpcf7-form-control wpcf7-text\" aria-invalid=\"false\" placeholder=\"Subject\" value=\"\" type=\"text\" name=\"your-subject\" \/><\/span>\n\t\t\t\t\t<\/p>\n\t\t\t\t<\/div>\n\t\t\t\t<div class=\"box form-mensaje\">\n\t\t\t\t\t<p><label><span class=\"form-label\">Message <small class=\"red\">*<\/small>:<\/span><\/label><span class=\"wpcf7-form-control-wrap\" data-name=\"your-message\"><textarea cols=\"40\" rows=\"10\" maxlength=\"500\" minlength=\"1\" class=\"wpcf7-form-control wpcf7-textarea wpcf7-validates-as-required\" aria-required=\"true\" aria-invalid=\"false\" placeholder=\"Message\" name=\"your-message\"><\/textarea><\/span>\n\t\t\t\t\t<\/p>\n\t\t\t\t<\/div>\n\t\t\t<\/div>\n\t\t<\/div>\n\t<\/div>\n\t<div class=\"vc_row wpb_row vc_row-fluid form-footer\">\n\t\t<div class=\"wpb_column vc_column_container\">\n\t\t\t<div class=\"vc_column-inner\">\n\t\t\t\t<div class=\"legal\">\n\t\t\t\t\t<p><small class=\"intro-lgpd\"><b>Responsible:<\/b> D.O.P. CARI\u00d1ENA<\/small><small><b>Purpose:<\/b> Manage queries and comments. Also send you information of our products and the sector, in case that you've accepted it expressly. <\/small><small><b>Legitimation:<\/b> Consent of the interested party or his legal representative. <\/small><small><b>Recipients:<\/b> D.O.P. CARI\u00d1ENA does not yield data to third parties. Only if you have consented to the sending of information. <\/small><small><b>Rights:<\/b>Access, rectify and delete data, such as explained in our <a href=\"\/en\/privacy-policy\/\" target=\"_blank\">Privacy Policy<\/a>.<\/small>\n\t\t\t\t\t<\/p>\n\t\t\t\t<\/div>\n\t\t\t\t<div class=\"form-check\">\n\t\t\t\t\t<p><small><span class=\"wpcf7-form-control-wrap\" data-name=\"acceptance-23\"><span class=\"wpcf7-form-control wpcf7-acceptance\"><span class=\"wpcf7-list-item\"><input type=\"checkbox\" name=\"acceptance-23\" value=\"1\" aria-invalid=\"false\" \/><\/span><\/span><\/span> <span class=\"wpcf7-list-item\">I accept the <a href=\"\/en\/privacy-policy\/\"target=\"_blank\"> Privacy Policy<\/a><\/span><\/small><small class=\"red\">*<\/small>\n\t\t\t\t\t<\/p>\n\t\t\t\t\t<p><small><span class=\"wpcf7-form-control-wrap\" data-name=\"checkbox-459\"><span class=\"wpcf7-form-control wpcf7-checkbox\"><span class=\"wpcf7-list-item first last\"><input type=\"checkbox\" name=\"checkbox-459[]\" value=\"I consent to the subsequent use of my data to send commercial information and news\" \/><span class=\"wpcf7-list-item-label\">I consent to the subsequent use of my data to send commercial information and news<\/span><\/span><\/span><\/span><\/small>\n\t\t\t\t\t<\/p>\n\t\t\t\t\t<div class=\"send\">\n\t\t\t\t\t\t<p><input class=\"wpcf7-form-control wpcf7-submit has-spinner\" id=\"contactar\" type=\"submit\" value=\"Send\" \/>\n\t\t\t\t\t\t<\/p>\n\t\t\t\t\t<\/div>\n\t\t\t\t<\/div>\n\t\t\t<\/div>\n\t\t<\/div>\n\t<\/div>\n<\/div><div class=\"wpcf7-response-output\" aria-hidden=\"true\"><\/div>\n<\/form>\n<\/div>\n\n","protected":false},"excerpt":{"rendered":"<p>Secretary and Administration: Phone: 976 79 30 31 contacto@elvinodelaspiedras.es ATRIA and Restructuring: Phone: 976 62 06 94 Marketing and Communications Manager: Jos\u00e9 Luis Campos Sonia P\u00e9rez Phone: 976 793 143 comunicacion@elvinodelaspiedras.es Press Office: MAASZOOM Comunicaci\u00f3n &#8211; Santiago Mart\u00edn Phone: 976 43 21 06 E-mail: comunicacion@maaszoom.es If you wish, you can also contact us by filling &hellip;<\/p>\n","protected":false},"author":5,"featured_media":0,"parent":5455,"menu_order":6,"comment_status":"closed","ping_status":"closed","template":"","meta":{"_genesis_hide_title":false,"_genesis_hide_breadcrumbs":false,"_genesis_hide_singular_image":false,"_genesis_hide_footer_widgets":false,"_genesis_custom_body_class":"","_genesis_custom_post_class":"","_genesis_layout":"","ngg_post_thumbnail":0,"footnotes":""},"class_list":{"0":"post-1333","1":"page","2":"type-page","3":"status-publish","5":"entry"},"_links":{"self":[{"href":"https:\/\/elvinodelaspiedras.es\/en\/wp-json\/wp\/v2\/pages\/1333"}],"collection":[{"href":"https:\/\/elvinodelaspiedras.es\/en\/wp-json\/wp\/v2\/pages"}],"about":[{"href":"https:\/\/elvinodelaspiedras.es\/en\/wp-json\/wp\/v2\/types\/page"}],"author":[{"embeddable":true,"href":"https:\/\/elvinodelaspiedras.es\/en\/wp-json\/wp\/v2\/users\/5"}],"replies":[{"embeddable":true,"href":"https:\/\/elvinodelaspiedras.es\/en\/wp-json\/wp\/v2\/comments?post=1333"}],"version-history":[{"count":13,"href":"https:\/\/elvinodelaspiedras.es\/en\/wp-json\/wp\/v2\/pages\/1333\/revisions"}],"predecessor-version":[{"id":7891,"href":"https:\/\/elvinodelaspiedras.es\/en\/wp-json\/wp\/v2\/pages\/1333\/revisions\/7891"}],"up":[{"embeddable":true,"href":"https:\/\/elvinodelaspiedras.es\/en\/wp-json\/wp\/v2\/pages\/5455"}],"wp:attachment":[{"href":"https:\/\/elvinodelaspiedras.es\/en\/wp-json\/wp\/v2\/media?parent=1333"}],"curies":[{"name":"wp","href":"https:\/\/api.w.org\/{rel}","templated":true}]}}