{"id":1339,"date":"2020-06-17T17:49:20","date_gmt":"2020-06-17T17:49:20","guid":{"rendered":"http:\/\/elvinodelaspiedras.local\/descubre-las-sorpresas\/"},"modified":"2021-08-19T14:26:38","modified_gmt":"2021-08-19T14:26:38","slug":"descubre-las-sorpresas","status":"publish","type":"page","link":"https:\/\/elvinodelaspiedras.es\/en\/el-vino-de-las-piedras\/campanas-anteriores\/descubre-las-sorpresas\/","title":{"rendered":"Discover the surprises (2016)"},"content":{"rendered":"<p><img decoding=\"async\" src=\"https:\/\/elvinodelaspiedras.es\/wp-content\/uploads\/2021\/08\/2963.jpg\"><\/p>\n<p>En <strong>2016<\/strong>, la <strong>Denominaci\u00f3n de Origen Cari\u00f1ena<\/strong> celebr\u00f3 la <strong>50 edici\u00f3n<\/strong> de su <strong>Fiesta de la Vendimia<\/strong> y el <strong>quinto aniversario<\/strong> de su <strong>lema identificativo \u201cEl Vino de las Piedras\u201d<\/strong>. Un <strong>a\u00f1o de especial celebraci\u00f3n<\/strong> que se complet\u00f3 con la <strong>campa\u00f1a \u201cDescubre las sorpresas de El Vino de las Piedras\u201d<\/strong>, que reparti\u00f3 <strong>20.000 euros en premios<\/strong> a lo largo de dos fines de semana de septiembre.<\/p>\n<p>\u201cDescubre las sorpresas\u201d ofreci\u00f3 un <strong>regalo seguro<\/strong> a todos los <strong>clientes de 20 restaurantes zaragozanos<\/strong> por <strong>acompa\u00f1ar su comida<\/strong> con una <strong>botella de vino de la D.O.P. Cari\u00f1ena<\/strong>, a <strong>escoger entre 11 tintos y 5 blancos de ocho bodegas<\/strong> de la Denominaci\u00f3n.<\/p>\n<p><img decoding=\"async\" src=\"https:\/\/elvinodelaspiedras.es\/wp-content\/uploads\/2021\/08\/El-matrimonio-Michael-y-Marsha-Crimes-de-Pensilvania-EEUU.jpg\"><\/p>\n<p>Un <strong>crucero<\/strong> para dos personas, un <strong>cuadro<\/strong> del reconocido pintor aragon\u00e9s <strong>Pepe Cerd\u00e1<\/strong> y un <strong>iPad<\/strong>fueron los <strong>principales premios<\/strong> de esta promoci\u00f3n. Pero en total se repartieron <strong>m\u00e1s de dos mil regalos<\/strong>: 20 comidas o cenas para dos personas en los restaurantes participantes, 10 cavas (c\u00e1maras refrigeradoras) de vino, 10 auriculares bluetooth est\u00e9reo, 100 powerbanksy m\u00e1s de 1.500 botellas de El Vino de las Piedras.<\/p>\n<p>Un <strong>grupo familiar de nueve andaluces<\/strong>, que visitaban Zaragoza por una boda, fueron los ganadores del principal premio, el <strong>crucero<\/strong>, que prefirieron canjear por otro viaje para disfrutar todos ellos. \u201cConoc\u00edamos los Vinos de las Piedras de Cari\u00f1ena porque en la familia tenemos grandes bebedores de vino. Conocen perfectamente el tipo de uva, la zona\u2026<strong>El vino de Cari\u00f1ena tiene un aroma, un sabor y un color exquisito<\/strong>. Ellos siempre lo demandan much\u00edsimo\u201d, aseguraban entre la alegr\u00eda por su fortuna.<\/p>\n<p><img decoding=\"async\" src=\"https:\/\/elvinodelaspiedras.es\/wp-content\/uploads\/2021\/08\/En-la-campana-participan-hasta-16-Vinos-de-las-Piedras.jpg\"><\/p>\n<p><strong>6 VINOS DE 8 BODEGAS EN UNA VEINTENA DE RESTAURANTES<\/strong><\/p>\n<p>En \u201cDescubre las sorpresas\u201d participaron ocho <strong>bodegas de la Denominaci\u00f3n de Origen Protegida Cari\u00f1ena: Grandes Vinos, Bodegas Solar de Urbezo, Bodegas Esteban Mart\u00edn, Bodega Hacienda Molleda, Bodegas Paniza, Bodegas San Valero, Bodegas Ignacio Mar\u00edn y Bodegas Gabarda<\/strong>; cada una con dos vinos de sus marcas.<\/p>\n<p>BLANCOS<\/p>\n<p>Corona de Arag\u00f3n Garnacha Blanca (Grandes Vinos)<\/p>\n<p>Duque de Medina\u2013Blanco (Bodegas Ignacio Mar\u00edn)<\/p>\n<p>Esteban Mart\u00edn Blanco 2015 (Bodegas Esteban Mart\u00edn)<\/p>\n<p>Gabarda Chardonay (Bodegas Gabarda)<\/p>\n<p>UrbezoChardonay 2015 (Bodegas Solar de Urbezo)<\/p>\n<p>TINTOS<\/p>\n<p>Artigazo Edici\u00f3n Limitada (Bodegas Paniza)<\/p>\n<p>Ballad (Bodegas Ignacio Mar\u00edn)<\/p>\n<p>Corona de Arag\u00f3n Old Vine Garnacha (Grandes Vinos)<\/p>\n<p>Corona de Arag\u00f3n SpecialSelection (Grandes Vinos)<\/p>\n<p>Esteban Mart\u00edn Crianza 2012 (Bodegas Esteban Mart\u00edn)<\/p>\n<p>Esteban Mart\u00edn Joven 2015 (Bodegas Esteban Mart\u00edn)<\/p>\n<p>Finca La Matea (Hacienda Molleda)<\/p>\n<p>GHM Cari\u00f1ena+Garnacha (Hacienda Molleda)<\/p>\n<p>Particular Garnacha 2015 (Bodegas San Valero)<\/p>\n<p>Particular Garnacha Vi\u00f1as Centenarias 2012 (Bodegas San Valero)<\/p>\n<p>Urbezo Crianza 2012 (Bodegas Solar de Urbezo)<\/p>\n<p><img decoding=\"async\" src=\"https:\/\/elvinodelaspiedras.es\/wp-content\/uploads\/2021\/08\/Maria-Angeles-Aranda-ha-descubierto-la-tarjeta-ganadora-del-crucero.jpg\"><\/p>\n<p>El <strong>presidente del Consejo Regulador<\/strong>, Antonio Ubide, destacaba que el <strong>objetivo<\/strong> de esta campa\u00f1a era \u201c<strong>introducir en la cultura del vino al ne\u00f3fito<\/strong> y, por otro lado, <strong>mejorar la apreciaci\u00f3n de estos vinos a quienes ya los consumen<\/strong>\u201d. Con este fin, en cada restaurante se cont\u00f3 con una <strong>embajadora de la D.O.P<\/strong>., para ofrecer una <strong>degustaci\u00f3n<\/strong> gratuita y <strong>resolver cualquier duda<\/strong> sobre los vinosde la campa\u00f1a; as\u00ed como para entregar los regalos.<\/p>\n<p>La <strong>Asociaci\u00f3n de Restaurantes Horeca Zaragoza<\/strong>, <strong>colaboradora<\/strong> en la campa\u00f1a, tambi\u00e9n valor\u00f3 positivamente el \u00e9xito de la iniciativa, destacando que el <strong>90% de los clientes <\/strong>hab\u00eda elegido maridar su comida o cena con alguna de las marcas que permit\u00edan conseguir un premio y el sustancial aumento en las reservas. \u201cDescubre las sorpresas\u201d inici\u00f3 as\u00ed una exitosa l\u00ednea de trabajo en la promoci\u00f3n de la D.O.P. Cari\u00f1ena y la colaboraci\u00f3n y apoyo a la hosteler\u00eda de Arag\u00f3n.<\/p>\n<p><img decoding=\"async\" src=\"https:\/\/elvinodelaspiedras.es\/wp-content\/uploads\/2021\/08\/Los-grupos-tambien-han-apostado-por-El-Vino-de-las-Piedras.jpg\"><\/p>\n","protected":false},"excerpt":{"rendered":"<p>En 2016, la Denominaci\u00f3n de Origen Cari\u00f1ena celebr\u00f3 la 50 edici\u00f3n de su Fiesta de la Vendimia y el quinto aniversario de su lema identificativo \u201cEl Vino de las Piedras\u201d. Un a\u00f1o de especial celebraci\u00f3n que se complet\u00f3 con la campa\u00f1a \u201cDescubre las sorpresas de El Vino de las Piedras\u201d, que reparti\u00f3 20.000 euros en &hellip;<\/p>\n","protected":false},"author":5,"featured_media":0,"parent":1305,"menu_order":2,"comment_status":"closed","ping_status":"closed","template":"","meta":{"_genesis_hide_title":false,"_genesis_hide_breadcrumbs":false,"_genesis_hide_singular_image":false,"_genesis_hide_footer_widgets":false,"_genesis_custom_body_class":"","_genesis_custom_post_class":"","_genesis_layout":"","ngg_post_thumbnail":0,"footnotes":""},"class_list":{"0":"post-1339","1":"page","2":"type-page","3":"status-publish","5":"entry"},"_links":{"self":[{"href":"https:\/\/elvinodelaspiedras.es\/en\/wp-json\/wp\/v2\/pages\/1339"}],"collection":[{"href":"https:\/\/elvinodelaspiedras.es\/en\/wp-json\/wp\/v2\/pages"}],"about":[{"href":"https:\/\/elvinodelaspiedras.es\/en\/wp-json\/wp\/v2\/types\/page"}],"author":[{"embeddable":true,"href":"https:\/\/elvinodelaspiedras.es\/en\/wp-json\/wp\/v2\/users\/5"}],"replies":[{"embeddable":true,"href":"https:\/\/elvinodelaspiedras.es\/en\/wp-json\/wp\/v2\/comments?post=1339"}],"version-history":[{"count":5,"href":"https:\/\/elvinodelaspiedras.es\/en\/wp-json\/wp\/v2\/pages\/1339\/revisions"}],"predecessor-version":[{"id":6584,"href":"https:\/\/elvinodelaspiedras.es\/en\/wp-json\/wp\/v2\/pages\/1339\/revisions\/6584"}],"up":[{"embeddable":true,"href":"https:\/\/elvinodelaspiedras.es\/en\/wp-json\/wp\/v2\/pages\/1305"}],"wp:attachment":[{"href":"https:\/\/elvinodelaspiedras.es\/en\/wp-json\/wp\/v2\/media?parent=1339"}],"curies":[{"name":"wp","href":"https:\/\/api.w.org\/{rel}","templated":true}]}}