{"id":1342,"date":"2020-06-30T17:49:20","date_gmt":"2020-06-30T17:49:20","guid":{"rendered":"http:\/\/elvinodelaspiedras.local\/dossier-de-prensa\/"},"modified":"2025-11-10T17:38:53","modified_gmt":"2025-11-10T17:38:53","slug":"press-dossier","status":"publish","type":"page","link":"https:\/\/elvinodelaspiedras.es\/en\/communication\/press-dossier\/","title":{"rendered":"Press dossier"},"content":{"rendered":"<p>In this section you will find useful materials such as pictures or information specifically addressed to the communication sector.<\/p>\n<p>&nbsp;<\/p>\n<p class=\"destacado5\">DOSSIER D.O. CARI\u00d1ENA (ENGLISH)<\/p>\n<p><a href=\"https:\/\/elvinodelaspiedras.es\/wp-content\/uploads\/2025\/11\/DOSSIER-2025-INGLES-2.pdf\" target=\"_blank\" rel=\"noopener\">Download PDF<\/a><\/p>\n<p>&nbsp;<\/p>\n<p class=\"destacado5\">DOSSIER ENVIRONMENTAL FACTORS D.O. CARI\u00d1ENA (ENGLISH)<\/p>\n<p><a href=\"https:\/\/elvinodelaspiedras.es\/en\/wp-content\/uploads\/sites\/3\/2023\/02\/FACTORES-AMBIENTALES-2023-INGLES.pdf\" target=\"_blank\" rel=\"noopener\"><span style=\"text-decoration: underline\">D0wnload PDF<\/span><\/a><\/p>\n<p>&nbsp;<\/p>\n<p class=\"destacado5\">DOSSIER ESTAD\u00cdSTICAS D.O. CARI\u00d1ENA 2024 (SPANISH)<\/p>\n<p><a href=\"https:\/\/elvinodelaspiedras.es\/en\/wp-content\/uploads\/sites\/3\/2025\/03\/ESTADISTICAS-DOP-2024.pdf\" target=\"_blank\" rel=\"noopener\"><span style=\"text-decoration: underline\">Download PDF<\/span><\/a><\/p>\n","protected":false},"excerpt":{"rendered":"<p>In this section you will find useful materials such as pictures or information specifically addressed to the communication sector. &nbsp; DOSSIER D.O. CARI\u00d1ENA (ENGLISH) Download PDF &nbsp; DOSSIER ENVIRONMENTAL FACTORS D.O. CARI\u00d1ENA (ENGLISH) D0wnload PDF &nbsp; DOSSIER ESTAD\u00cdSTICAS D.O. CARI\u00d1ENA 2024 (SPANISH) Download PDF<\/p>\n","protected":false},"author":5,"featured_media":0,"parent":5455,"menu_order":2,"comment_status":"closed","ping_status":"closed","template":"","meta":{"_genesis_hide_title":false,"_genesis_hide_breadcrumbs":false,"_genesis_hide_singular_image":false,"_genesis_hide_footer_widgets":false,"_genesis_custom_body_class":"","_genesis_custom_post_class":"","_genesis_layout":"","ngg_post_thumbnail":0,"footnotes":""},"class_list":{"0":"post-1342","1":"page","2":"type-page","3":"status-publish","5":"entry"},"_links":{"self":[{"href":"https:\/\/elvinodelaspiedras.es\/en\/wp-json\/wp\/v2\/pages\/1342"}],"collection":[{"href":"https:\/\/elvinodelaspiedras.es\/en\/wp-json\/wp\/v2\/pages"}],"about":[{"href":"https:\/\/elvinodelaspiedras.es\/en\/wp-json\/wp\/v2\/types\/page"}],"author":[{"embeddable":true,"href":"https:\/\/elvinodelaspiedras.es\/en\/wp-json\/wp\/v2\/users\/5"}],"replies":[{"embeddable":true,"href":"https:\/\/elvinodelaspiedras.es\/en\/wp-json\/wp\/v2\/comments?post=1342"}],"version-history":[{"count":27,"href":"https:\/\/elvinodelaspiedras.es\/en\/wp-json\/wp\/v2\/pages\/1342\/revisions"}],"predecessor-version":[{"id":7882,"href":"https:\/\/elvinodelaspiedras.es\/en\/wp-json\/wp\/v2\/pages\/1342\/revisions\/7882"}],"up":[{"embeddable":true,"href":"https:\/\/elvinodelaspiedras.es\/en\/wp-json\/wp\/v2\/pages\/5455"}],"wp:attachment":[{"href":"https:\/\/elvinodelaspiedras.es\/en\/wp-json\/wp\/v2\/media?parent=1342"}],"curies":[{"name":"wp","href":"https:\/\/api.w.org\/{rel}","templated":true}]}}