{"id":1345,"date":"2020-06-17T17:49:20","date_gmt":"2020-06-17T17:49:20","guid":{"rendered":"http:\/\/elvinodelaspiedras.local\/el-salon-del-vino\/"},"modified":"2021-08-05T12:00:23","modified_gmt":"2021-08-05T12:00:23","slug":"el-salon-del-vino","status":"publish","type":"page","link":"https:\/\/elvinodelaspiedras.es\/en\/el-vino-de-las-piedras\/campanas-anteriores\/el-salon-del-vino\/","title":{"rendered":"Wine lounge (2012-2015)"},"content":{"rendered":"<p><img decoding=\"async\" title=\"salon-vino-de-las-piedras\" src=\"\/_archivos\/imagenes\/noticias_2570.JPG\" alt=\"DSC_0058\"><\/p>\n<p>En su af\u00e1n y constante esfuerzo por <strong>acercar los vinos de Cari\u00f1ena a la sociedad aragonesa<\/strong>, la Denominaci\u00f3n de Origen Protegida puso en marcha en 2012 un proyecto in\u00e9dito: <strong>el Sal\u00f3n del Vino de las Piedras<\/strong>. <strong>Un punto de encuentro gastron\u00f3mico y cultural<\/strong> que supuso durante sus cuatro ediciones la oportunidad de saborear vinos caracter\u00edsticos y representativos de la Denominaci\u00f3n Cari\u00f1ena, acompa\u00f1ados de suculentas y exquisitas tapas.<\/p>\n<p>Desde 2012 y hasta 2015, la Sala Multiusos del Auditorio de Zaragoza se transform\u00f3 en el Sal\u00f3n del Vino de las Piedras. El primer acontecimiento de estas caracter\u00edsticas organizado por una Denominaci\u00f3n de Origen. <strong>Se trataba de un certamen para disfrutar en familia y con amigos y en el que ten\u00eda cabida todo tipo de p\u00fablico<\/strong>, desde expertos hasta los que daban sus primeros pasos en el mundo y la cultura vin\u00edcola.<\/p>\n<p>La D.O.P. logr\u00f3 &nbsp;calar hondo en la sociedad aragonesa con esta iniciativa, que<strong> cada a\u00f1o congreg\u00f3 a unos 6.000 visitantes<\/strong>, a los que se sirvieron cerca de 12.000 copas de vino en los tres d\u00edas de duraci\u00f3n del Sal\u00f3n.<\/p>\n","protected":false},"excerpt":{"rendered":"<p>En su af\u00e1n y constante esfuerzo por acercar los vinos de Cari\u00f1ena a la sociedad aragonesa, la Denominaci\u00f3n de Origen Protegida puso en marcha en 2012 un proyecto in\u00e9dito: el Sal\u00f3n del Vino de las Piedras. Un punto de encuentro gastron\u00f3mico y cultural que supuso durante sus cuatro ediciones la oportunidad de saborear vinos caracter\u00edsticos &hellip;<\/p>\n","protected":false},"author":5,"featured_media":0,"parent":1305,"menu_order":3,"comment_status":"closed","ping_status":"closed","template":"","meta":{"_genesis_hide_title":false,"_genesis_hide_breadcrumbs":false,"_genesis_hide_singular_image":false,"_genesis_hide_footer_widgets":false,"_genesis_custom_body_class":"","_genesis_custom_post_class":"","_genesis_layout":"","ngg_post_thumbnail":0,"footnotes":""},"class_list":{"0":"post-1345","1":"page","2":"type-page","3":"status-publish","5":"entry"},"_links":{"self":[{"href":"https:\/\/elvinodelaspiedras.es\/en\/wp-json\/wp\/v2\/pages\/1345"}],"collection":[{"href":"https:\/\/elvinodelaspiedras.es\/en\/wp-json\/wp\/v2\/pages"}],"about":[{"href":"https:\/\/elvinodelaspiedras.es\/en\/wp-json\/wp\/v2\/types\/page"}],"author":[{"embeddable":true,"href":"https:\/\/elvinodelaspiedras.es\/en\/wp-json\/wp\/v2\/users\/5"}],"replies":[{"embeddable":true,"href":"https:\/\/elvinodelaspiedras.es\/en\/wp-json\/wp\/v2\/comments?post=1345"}],"version-history":[{"count":6,"href":"https:\/\/elvinodelaspiedras.es\/en\/wp-json\/wp\/v2\/pages\/1345\/revisions"}],"predecessor-version":[{"id":6572,"href":"https:\/\/elvinodelaspiedras.es\/en\/wp-json\/wp\/v2\/pages\/1345\/revisions\/6572"}],"up":[{"embeddable":true,"href":"https:\/\/elvinodelaspiedras.es\/en\/wp-json\/wp\/v2\/pages\/1305"}],"wp:attachment":[{"href":"https:\/\/elvinodelaspiedras.es\/en\/wp-json\/wp\/v2\/media?parent=1345"}],"curies":[{"name":"wp","href":"https:\/\/api.w.org\/{rel}","templated":true}]}}