{"id":1364,"date":"2020-06-17T17:49:20","date_gmt":"2020-06-17T17:49:20","guid":{"rendered":"http:\/\/elvinodelaspiedras.local\/la-ruta-de-verano\/"},"modified":"2020-07-22T09:51:43","modified_gmt":"2020-07-22T09:51:43","slug":"summer-route","status":"publish","type":"page","link":"https:\/\/elvinodelaspiedras.es\/en\/el-vino-de-las-piedras\/campanas-anteriores\/summer-route\/","title":{"rendered":"Summer Route"},"content":{"rendered":"<p><img decoding=\"async\" title=\"ruta-verano-vino-de-las-piedras\" src=\"\/_archivos\/imagenes\/contenidos_2439.jpg\" alt=\"La ruta de verano del Vino de las Piedras\"><\/p>\n<p>La D.O.P. Cari\u00f1ena dio el impulso definitivo al <strong>enoturismo en la zona<\/strong> en 2013 con la <strong>Ruta de Verano del Vino de las Piedras<\/strong>. Una original iniciativa que invit\u00f3 a disfrutar de la literatura, la danza, el arte o la magia y a degustar los exclusivos vinos de la Denominaci\u00f3n adentr\u00e1ndose en el coraz\u00f3n de sus bodegas. Fue el aldabonazo y puesta de largo de un proyecto a\u00fan m\u00e1s ambicioso:<strong> la Ruta enotur\u00edstica del Vino de las Piedras.<\/strong><\/p>\n<p><strong>La primera edici\u00f3n de la&nbsp; Ruta de Verano<\/strong> cont\u00f3 con una cuidada programaci\u00f3n que incluy\u00f3 m\u00e1s de una docena de actividades multiculturales, gratuitas y simult\u00e1neas impartidas por artistas, m\u00fasicos y escritores de primer nivel. Los actos se desarrollaron en diez escenarios con capacidad total para <strong>2.000 personas.<\/strong> Adem\u00e1s, los visitantes tuvieron la oportunidad de ver por las calles de Cari\u00f1ena a rostros tan conocidos como <strong>Santiago Segura, Mar\u00eda Barranco, Jorge Sanz, Benjam\u00edn Prado, Rosa Reg\u00e1s, Eloy S\u00e1nchez Gij\u00f3n o Paula Ortiz.<\/strong><\/p>\n<p>Al a\u00f1o siguiente, el protagonista de la segunda edici\u00f3n de la Ruta de Verano fue el cantante <strong>Melendi<\/strong>, que ofreci\u00f3 en Cari\u00f1ena la \u00fanica actuaci\u00f3n en Arag\u00f3n de su gira &#8220;10\u00ba Aniversario&#8221;. La respuesta del p\u00fablico fue inmediata hasta el punto de que se colg\u00f3 el cartel de &#8220;no hay entradas&#8221; varios d\u00edas antes de la actuaci\u00f3n. Melendi no defraudi\u00f3 y ofreci\u00f3, ante <strong>3.000 personas<\/strong>, una espectacular puesta en escena de luces y sonido&nbsp;para repasar los grandes \u00e9xitos de su carrera.<\/p>\n<p>La Ruta de Verano del Vino de las Piedras tuvo en 2005 un nuevo formato, concentrando en un solo espacio &#8211;<strong>la Plaza del Vino<\/strong>&#8211; la oferta vin\u00edcola, gastron\u00f3mica y las actuaciones musicales, protagonizadas por artistas aragoneses. Un total de <strong>7.000 personas participaron en las actividadades<\/strong> y disfrutaron con los conciertos de <strong>\u00c1ngel Petisme -que interpret\u00f3 por primera vez en Cari\u00f1ena &#8220;El Vino de las Piedras&#8221;, todo un himno <\/strong>y homenaje a nuestros vinos-, Mar\u00eda Jos\u00e9 Hern\u00e1ndez y Emociones a la Carta. Las visitas a bodegas, al Museo del Vino y las excursiones guiadas por la ciudad de Cari\u00f1ena completaron la oferta de esta i<strong>niciativa nacida para fomentar el enoturismo,<\/strong> y que en a\u00f1os posteriores ha cedido el testigo directo a las propias bodegas de la Denominaci\u00f3n y a la Ruta del Vino Campo de Cari\u00f1ena <strong>&#8220;La Ruta del Vino de las Piedras&#8221;<\/strong>.<\/p>\n","protected":false},"excerpt":{"rendered":"<p>La D.O.P. Cari\u00f1ena dio el impulso definitivo al enoturismo en la zona en 2013 con la Ruta de Verano del Vino de las Piedras. Una original iniciativa que invit\u00f3 a disfrutar de la literatura, la danza, el arte o la magia y a degustar los exclusivos vinos de la Denominaci\u00f3n adentr\u00e1ndose en el coraz\u00f3n de &hellip;<\/p>\n","protected":false},"author":5,"featured_media":0,"parent":1305,"menu_order":4,"comment_status":"closed","ping_status":"closed","template":"","meta":{"_genesis_hide_title":false,"_genesis_hide_breadcrumbs":false,"_genesis_hide_singular_image":false,"_genesis_hide_footer_widgets":false,"_genesis_custom_body_class":"","_genesis_custom_post_class":"","_genesis_layout":"","ngg_post_thumbnail":0,"footnotes":""},"class_list":{"0":"post-1364","1":"page","2":"type-page","3":"status-publish","5":"entry"},"_links":{"self":[{"href":"https:\/\/elvinodelaspiedras.es\/en\/wp-json\/wp\/v2\/pages\/1364"}],"collection":[{"href":"https:\/\/elvinodelaspiedras.es\/en\/wp-json\/wp\/v2\/pages"}],"about":[{"href":"https:\/\/elvinodelaspiedras.es\/en\/wp-json\/wp\/v2\/types\/page"}],"author":[{"embeddable":true,"href":"https:\/\/elvinodelaspiedras.es\/en\/wp-json\/wp\/v2\/users\/5"}],"replies":[{"embeddable":true,"href":"https:\/\/elvinodelaspiedras.es\/en\/wp-json\/wp\/v2\/comments?post=1364"}],"version-history":[{"count":3,"href":"https:\/\/elvinodelaspiedras.es\/en\/wp-json\/wp\/v2\/pages\/1364\/revisions"}],"predecessor-version":[{"id":5686,"href":"https:\/\/elvinodelaspiedras.es\/en\/wp-json\/wp\/v2\/pages\/1364\/revisions\/5686"}],"up":[{"embeddable":true,"href":"https:\/\/elvinodelaspiedras.es\/en\/wp-json\/wp\/v2\/pages\/1305"}],"wp:attachment":[{"href":"https:\/\/elvinodelaspiedras.es\/en\/wp-json\/wp\/v2\/media?parent=1364"}],"curies":[{"name":"wp","href":"https:\/\/api.w.org\/{rel}","templated":true}]}}