{"id":1367,"date":"2020-06-17T17:49:20","date_gmt":"2020-06-17T17:49:20","guid":{"rendered":"http:\/\/elvinodelaspiedras.local\/legislacion-anterior-consejo-regulador\/"},"modified":"2021-09-15T08:42:14","modified_gmt":"2021-09-15T08:42:14","slug":"legislacion-anterior-consejo-regulador","status":"publish","type":"page","link":"https:\/\/elvinodelaspiedras.es\/en\/regulating-council\/legislation\/legislacion-vitivinicola-general\/legislacion-anterior-consejo-regulador\/","title":{"rendered":"Previous legislation Regulating Council"},"content":{"rendered":"<h3>Legislaci\u00f3n anterior C.R.<\/h3>\n<p><a href=\"\/en\/regulating-council\/legislation\/legislacion-vitivinicola-general\/legislacion-anterior-consejo-regulador\/orden-21101993\/\" target=\"_blank\" rel=\"noopener noreferrer\">ORDEN de 21 de octubre de 1993, del Departamento de Agricultura, Ganader\u00eda y Montes, por la que se dictan normas relativas al proceso de calificaci\u00f3n que deben superar los vinos con derecho a Denominaci\u00f3n de Origen producidos en la Comunidad Aut\u00f3noma de Arag\u00f3n.<\/a><\/p>\n<p><a href=\"\/en\/regulating-council\/legislation\/legislacion-vitivinicola-general\/legislacion-anterior-consejo-regulador\/orden-apa23512002\/\" target=\"_blank\" rel=\"noopener noreferrer\">ORDEN APA\/2351\/2002, de 11 de septiembre, por la que se ratifica la modificaci\u00f3n del Reglamento de la Denominaci\u00f3n de Origen \u00abCari\u00f1ena\u00bb y de su Consejo Regulador.<\/a><\/p>\n<p><a href=\"\/_archivos\/ficheros\/contenidos_237.pdf\" target=\"_blank\" rel=\"noopener noreferrer\">ORDEN de 6 de mayo de 2009, del Consejero de Agricultura y Alimentaci\u00f3n, por la que se aprueba la normativa espec\u00edfica de la denominaci\u00f3n de origen &#8220;Cari\u00f1ena&#8221;<\/a><\/p>\n<p>CIRCULARES<\/p>\n<p><a href=\"\/en\/regulating-council\/legislation\/legislacion-vitivinicola-general\/legislacion-anterior-consejo-regulador\/circular-206\/\">21\/12\/2006 Circular 206 &#8211; Acuerdo Modificaci\u00f3n Dise\u00f1o Cintillos<\/a><\/p>\n<p><a href=\"\/en\/regulating-council\/legislation\/legislacion-vitivinicola-general\/legislacion-anterior-consejo-regulador\/circular-106\/\">27\/04\/2006 Circular 106 &#8211; Acuerdo sobre la Modificaci\u00f3n del dise\u00f1o de precintas<\/a><\/p>\n<p><a href=\"\/en\/regulating-council\/legislation\/legislacion-vitivinicola-general\/legislacion-anterior-consejo-regulador\/circular-105\/\">17\/06\/2005 Circular 105 &#8211; Acuerdos adoptados para la mejora de la calidad<\/a><\/p>\n<p><a href=\"\/en\/regulating-council\/legislation\/legislacion-vitivinicola-general\/legislacion-anterior-consejo-regulador\/circular-104\/\">04\/05\/2004 Circular 104 &#8211; Acuerdo Modificaci\u00f3n Dise\u00f1o Cintillos<\/a><\/p>\n","protected":false},"excerpt":{"rendered":"<p>Legislaci\u00f3n anterior C.R. ORDEN de 21 de octubre de 1993, del Departamento de Agricultura, Ganader\u00eda y Montes, por la que se dictan normas relativas al proceso de calificaci\u00f3n que deben superar los vinos con derecho a Denominaci\u00f3n de Origen producidos en la Comunidad Aut\u00f3noma de Arag\u00f3n. ORDEN APA\/2351\/2002, de 11 de septiembre, por la que &hellip;<\/p>\n","protected":false},"author":5,"featured_media":0,"parent":1618,"menu_order":1,"comment_status":"closed","ping_status":"closed","template":"","meta":{"_genesis_hide_title":false,"_genesis_hide_breadcrumbs":false,"_genesis_hide_singular_image":false,"_genesis_hide_footer_widgets":false,"_genesis_custom_body_class":"","_genesis_custom_post_class":"","_genesis_layout":"","ngg_post_thumbnail":0,"footnotes":""},"class_list":{"0":"post-1367","1":"page","2":"type-page","3":"status-publish","5":"entry"},"_links":{"self":[{"href":"https:\/\/elvinodelaspiedras.es\/en\/wp-json\/wp\/v2\/pages\/1367"}],"collection":[{"href":"https:\/\/elvinodelaspiedras.es\/en\/wp-json\/wp\/v2\/pages"}],"about":[{"href":"https:\/\/elvinodelaspiedras.es\/en\/wp-json\/wp\/v2\/types\/page"}],"author":[{"embeddable":true,"href":"https:\/\/elvinodelaspiedras.es\/en\/wp-json\/wp\/v2\/users\/5"}],"replies":[{"embeddable":true,"href":"https:\/\/elvinodelaspiedras.es\/en\/wp-json\/wp\/v2\/comments?post=1367"}],"version-history":[{"count":6,"href":"https:\/\/elvinodelaspiedras.es\/en\/wp-json\/wp\/v2\/pages\/1367\/revisions"}],"predecessor-version":[{"id":6655,"href":"https:\/\/elvinodelaspiedras.es\/en\/wp-json\/wp\/v2\/pages\/1367\/revisions\/6655"}],"up":[{"embeddable":true,"href":"https:\/\/elvinodelaspiedras.es\/en\/wp-json\/wp\/v2\/pages\/1618"}],"wp:attachment":[{"href":"https:\/\/elvinodelaspiedras.es\/en\/wp-json\/wp\/v2\/media?parent=1367"}],"curies":[{"name":"wp","href":"https:\/\/api.w.org\/{rel}","templated":true}]}}