{"id":1382,"date":"2020-06-17T17:49:21","date_gmt":"2020-06-17T17:49:21","guid":{"rendered":"http:\/\/elvinodelaspiedras.local\/museo-del-vino\/"},"modified":"2025-10-21T16:11:15","modified_gmt":"2025-10-21T16:11:15","slug":"museo-del-vino","status":"publish","type":"page","link":"https:\/\/elvinodelaspiedras.es\/en\/museo-del-vino\/","title":{"rendered":"Cari\u00f1ena Wine museum"},"content":{"rendered":"\t\t<div data-elementor-type=\"wp-page\" data-elementor-id=\"1382\" class=\"elementor elementor-1382\">\n\t\t\t\t\t\t<section class=\"elementor-section elementor-top-section elementor-element elementor-element-16a47cb elementor-section-boxed elementor-section-height-default elementor-section-height-default\" data-id=\"16a47cb\" data-element_type=\"section\">\n\t\t\t\t\t\t<div class=\"elementor-container elementor-column-gap-default\">\n\t\t\t\t\t<div class=\"elementor-column elementor-col-16 elementor-top-column elementor-element elementor-element-0104965\" data-id=\"0104965\" data-element_type=\"column\">\n\t\t\t<div class=\"elementor-widget-wrap\">\n\t\t\t\t\t\t\t<\/div>\n\t\t<\/div>\n\t\t\t\t<div class=\"elementor-column elementor-col-66 elementor-top-column elementor-element elementor-element-320a52a\" data-id=\"320a52a\" data-element_type=\"column\">\n\t\t\t<div class=\"elementor-widget-wrap elementor-element-populated\">\n\t\t\t\t\t\t<div class=\"elementor-element elementor-element-44cefdd elementor-widget elementor-widget-image\" data-id=\"44cefdd\" data-element_type=\"widget\" data-widget_type=\"image.default\">\n\t\t\t\t<div class=\"elementor-widget-container\">\n\t\t\t\t\t\t\t\t\t\t\t\t\t<img fetchpriority=\"high\" decoding=\"async\" width=\"1024\" height=\"350\" src=\"https:\/\/elvinodelaspiedras.es\/en\/wp-content\/uploads\/sites\/3\/2025\/05\/LOGO_EST_RGB-e1732808008524-1024x350.png\" class=\"attachment-large size-large wp-image-7688\" alt=\"\" srcset=\"https:\/\/elvinodelaspiedras.es\/en\/wp-content\/uploads\/sites\/3\/2025\/05\/LOGO_EST_RGB-e1732808008524-1024x350.png 1024w, https:\/\/elvinodelaspiedras.es\/en\/wp-content\/uploads\/sites\/3\/2025\/05\/LOGO_EST_RGB-e1732808008524-300x102.png 300w, https:\/\/elvinodelaspiedras.es\/en\/wp-content\/uploads\/sites\/3\/2025\/05\/LOGO_EST_RGB-e1732808008524-768x262.png 768w\" sizes=\"(max-width: 1024px) 100vw, 1024px\" \/>\t\t\t\t\t\t\t\t\t\t\t\t\t<\/div>\n\t\t\t\t<\/div>\n\t\t\t\t\t<\/div>\n\t\t<\/div>\n\t\t\t\t<div class=\"elementor-column elementor-col-16 elementor-top-column elementor-element elementor-element-7518e37\" data-id=\"7518e37\" data-element_type=\"column\">\n\t\t\t<div class=\"elementor-widget-wrap\">\n\t\t\t\t\t\t\t<\/div>\n\t\t<\/div>\n\t\t\t\t\t<\/div>\n\t\t<\/section>\n\t\t\t\t<section class=\"elementor-section elementor-top-section elementor-element elementor-element-a349628 elementor-section-boxed elementor-section-height-default elementor-section-height-default\" data-id=\"a349628\" data-element_type=\"section\">\n\t\t\t\t\t\t<div class=\"elementor-container elementor-column-gap-default\">\n\t\t\t\t\t<div class=\"elementor-column elementor-col-100 elementor-top-column elementor-element elementor-element-fa887e9\" data-id=\"fa887e9\" data-element_type=\"column\">\n\t\t\t<div class=\"elementor-widget-wrap elementor-element-populated\">\n\t\t\t\t\t\t<div class=\"elementor-element elementor-element-841b504 elementor-widget elementor-widget-image\" data-id=\"841b504\" data-element_type=\"widget\" data-widget_type=\"image.default\">\n\t\t\t\t<div class=\"elementor-widget-container\">\n\t\t\t\t\t\t\t\t\t\t\t\t\t<img decoding=\"async\" width=\"1024\" height=\"398\" src=\"https:\/\/elvinodelaspiedras.es\/en\/wp-content\/uploads\/sites\/3\/2025\/07\/Logo-JPG-1024x398.jpg\" class=\"attachment-large size-large wp-image-7716\" alt=\"\" srcset=\"https:\/\/elvinodelaspiedras.es\/en\/wp-content\/uploads\/sites\/3\/2025\/07\/Logo-JPG-1024x398.jpg 1024w, https:\/\/elvinodelaspiedras.es\/en\/wp-content\/uploads\/sites\/3\/2025\/07\/Logo-JPG-300x117.jpg 300w, https:\/\/elvinodelaspiedras.es\/en\/wp-content\/uploads\/sites\/3\/2025\/07\/Logo-JPG-768x298.jpg 768w\" sizes=\"(max-width: 1024px) 100vw, 1024px\" \/>\t\t\t\t\t\t\t\t\t\t\t\t\t<\/div>\n\t\t\t\t<\/div>\n\t\t\t\t\t<\/div>\n\t\t<\/div>\n\t\t\t\t\t<\/div>\n\t\t<\/section>\n\t\t\t\t<section class=\"elementor-section elementor-top-section elementor-element elementor-element-422ba26 elementor-section-boxed elementor-section-height-default elementor-section-height-default\" data-id=\"422ba26\" data-element_type=\"section\">\n\t\t\t\t\t\t<div class=\"elementor-container elementor-column-gap-default\">\n\t\t\t\t\t<div class=\"elementor-column elementor-col-100 elementor-top-column elementor-element elementor-element-af29083\" data-id=\"af29083\" data-element_type=\"column\">\n\t\t\t<div class=\"elementor-widget-wrap elementor-element-populated\">\n\t\t\t\t\t\t<div class=\"elementor-element elementor-element-da9229c elementor-widget elementor-widget-text-editor\" data-id=\"da9229c\" data-element_type=\"widget\" data-widget_type=\"text-editor.default\">\n\t\t\t\t<div class=\"elementor-widget-container\">\n\t\t\t\t\t\t\t<h5 style=\"text-align: center\">M\u00e1s\u00a0informaci\u00f3n:\u00a0<a style=\"font-weight: bold;font-size: 1.953em;background-color: #ffffff\" href=\"https:\/\/carinenawinemuseum.com\/\" target=\"_blank\" rel=\"noopener\">carinenawinemuseum.com<\/a><\/h5>\t\t\t\t\t\t<\/div>\n\t\t\t\t<\/div>\n\t\t\t\t\t<\/div>\n\t\t<\/div>\n\t\t\t\t\t<\/div>\n\t\t<\/section>\n\t\t\t\t<section class=\"elementor-section elementor-top-section elementor-element elementor-element-1db6051 elementor-section-boxed elementor-section-height-default elementor-section-height-default\" data-id=\"1db6051\" data-element_type=\"section\">\n\t\t\t\t\t\t<div class=\"elementor-container elementor-column-gap-default\">\n\t\t\t\t\t<div class=\"elementor-column elementor-col-50 elementor-top-column elementor-element elementor-element-4fe32a7\" data-id=\"4fe32a7\" data-element_type=\"column\">\n\t\t\t<div class=\"elementor-widget-wrap elementor-element-populated\">\n\t\t\t\t\t\t<div class=\"elementor-element elementor-element-a9f11db elementor-widget elementor-widget-text-editor\" data-id=\"a9f11db\" data-element_type=\"widget\" data-widget_type=\"text-editor.default\">\n\t\t\t\t<div class=\"elementor-widget-container\">\n\t\t\t\t\t\t\t<h3>&nbsp;<\/h3>\n<p><span style=\"font-weight: bold\">Horarios de visita:<\/span><\/p>\n<ul>\n<li>Miercoles a lunes: de 10:30 a 18:00 horas<\/li>\n<li>Martes cerrado<\/li>\n<li>Para eventos o visitas de grupo fuera del horario general consultar por correo electr\u00f3nico<\/li>\n<\/ul>\n<p><span style=\"font-weight: bold\">Entradas:<\/span><\/p>\n<ul>\n<li>General: 7 \u20ac<\/li>\n<li>Reducida: 5 \u20ac (ni\u00f1os de 4 a 11 a\u00f1os, jubilados, estudiantes, empadronados en Cari\u00f1ena)<\/li>\n<li>Grupos: 6 \u20ac (m\u00e1s de 10 personas)<\/li>\n<\/ul>\t\t\t\t\t\t<\/div>\n\t\t\t\t<\/div>\n\t\t\t\t\t<\/div>\n\t\t<\/div>\n\t\t\t\t<div class=\"elementor-column elementor-col-50 elementor-top-column elementor-element elementor-element-001ae31\" data-id=\"001ae31\" data-element_type=\"column\">\n\t\t\t<div class=\"elementor-widget-wrap elementor-element-populated\">\n\t\t\t\t\t\t<div class=\"elementor-element elementor-element-ec6f6cf elementor-widget elementor-widget-text-editor\" data-id=\"ec6f6cf\" data-element_type=\"widget\" data-widget_type=\"text-editor.default\">\n\t\t\t\t<div class=\"elementor-widget-container\">\n\t\t\t\t\t\t\t<p>Phone: 600 976 004<\/p><p>E-mail:\u00a0<a href=\"mailto:info@carinenawinemuseum.com\" target=\"_blank\" rel=\"noopener\">info@carinenawinemuseum.com<\/a><\/p>\t\t\t\t\t\t<\/div>\n\t\t\t\t<\/div>\n\t\t\t\t<div class=\"elementor-element elementor-element-40af83a elementor-widget elementor-widget-google_maps\" data-id=\"40af83a\" data-element_type=\"widget\" data-widget_type=\"google_maps.default\">\n\t\t\t\t<div class=\"elementor-widget-container\">\n\t\t\t\t\t<div class=\"elementor-custom-embed\">\n\t\t\t<iframe loading=\"lazy\"\n\t\t\t\t\tsrc=\"https:\/\/maps.google.com\/maps?q=Ctra.%20Encinacorba%2C%20n%C2%BA%202%2C%2050400%20Cari%C3%B1ena%20%28Zaragoza%29%20&#038;t=m&#038;z=10&#038;output=embed&#038;iwloc=near\"\n\t\t\t\t\ttitle=\"Ctra. Encinacorba, n\u00ba 2, 50400 Cari\u00f1ena (Zaragoza) \"\n\t\t\t\t\taria-label=\"Ctra. Encinacorba, n\u00ba 2, 50400 Cari\u00f1ena (Zaragoza) \"\n\t\t\t><\/iframe>\n\t\t<\/div>\n\t\t\t\t<\/div>\n\t\t\t\t<\/div>\n\t\t\t\t\t<\/div>\n\t\t<\/div>\n\t\t\t\t\t<\/div>\n\t\t<\/section>\n\t\t\t\t<section class=\"elementor-section elementor-top-section elementor-element elementor-element-a1a7595 elementor-section-boxed elementor-section-height-default elementor-section-height-default\" data-id=\"a1a7595\" data-element_type=\"section\">\n\t\t\t\t\t\t<div class=\"elementor-container elementor-column-gap-default\">\n\t\t\t\t\t<div class=\"elementor-column elementor-col-100 elementor-top-column elementor-element elementor-element-fd2b042\" data-id=\"fd2b042\" data-element_type=\"column\">\n\t\t\t<div class=\"elementor-widget-wrap elementor-element-populated\">\n\t\t\t\t\t\t<div class=\"elementor-element elementor-element-abc41f8 elementor-widget elementor-widget-text-editor\" data-id=\"abc41f8\" data-element_type=\"widget\" data-widget_type=\"text-editor.default\">\n\t\t\t\t<div class=\"elementor-widget-container\">\n\t\t\t\t\t\t\t<p><span style=\"font-weight: bold\">Cari\u00f1ena Wine Museum<\/span>, el Museo del Vino de la Denominaci\u00f3n de Origen Cari\u00f1ena es un novedoso centro que combina\u00a0<span style=\"font-weight: bold\">tradici\u00f3n y modernidad<\/span>\u00a0para ofrecer una\u00a0<span style=\"font-weight: bold\">experiencia inmersiva<\/span>\u00a0<span style=\"font-weight: bold\">\u00fanica<\/span>\u00a0en el mundo del vino. Ofrece un\u00a0<span style=\"font-weight: bold\">innovador recorrido expositivo<\/span>\u00a0con\u00a0<span style=\"font-weight: bold\">contenidos interactivos y experienciales.<\/span><\/p><p>El\u00a0<span style=\"font-weight: bold\">museo se ubica<\/span>\u00a0en una\u00a0<span style=\"font-weight: bold\">antigua bodega rehabilitada<\/span>, ejemplo \u00fanico de la\u00a0<span style=\"font-weight: bold\">arquitectura industrial modernista<\/span>\u00a0en la zona; que tambi\u00e9n acoge la\u00a0<span style=\"font-weight: bold\">sede del Consejo Regulador<\/span>\u00a0y\u00a0<span style=\"font-weight: bold\">actividades culturales y de investigaci\u00f3n<\/span>. Inaugurado en 1996, ha iniciado una nueva etapa en\u00a0<span style=\"font-weight: bold\">2025<\/span>, dentro de los actos de\u00a0<span style=\"font-weight: bold\">celebraci\u00f3n de Cari\u00f1ena Ciudad Europea del Vino<\/span>, trasuna\u00a0<span style=\"font-weight: bold\">completa reforma<\/span>\u00a0en sus\u00a0<span style=\"font-weight: bold\">contenidos y recursos expositivos<\/span>\u00a0que lo destacan como el\u00a0<span style=\"font-weight: bold\">m\u00e1s moderno y revolucionario museo del vino de Europa<\/span>.<\/p><p><iframe title=\"Cari\u00f1ena Wine Museum\" width=\"500\" height=\"281\" src=\"https:\/\/www.youtube.com\/embed\/qS8RQOZ-9L4?feature=oembed\" frameborder=\"0\" allow=\"accelerometer; autoplay; clipboard-write; encrypted-media; gyroscope; picture-in-picture; web-share\" referrerpolicy=\"strict-origin-when-cross-origin\" allowfullscreen><\/iframe><\/p><p>La combinaci\u00f3n de\u00a0<span style=\"font-weight: bold\">medios digitales, nuevas tecnolog\u00edas, elementos interactivos y piezas hist\u00f3ricas<\/span>\u00a0ofrece al visitante un\u00a0<span style=\"font-weight: bold\">viaje<\/span>\u00a0<span style=\"font-weight: bold\">\u00fanico<\/span>\u00a0para\u00a0<span style=\"font-weight: bold\">explorar y experimentar<\/span>, a trav\u00e9s<span style=\"font-weight: bold\">\u00a0de los cinco sentidos<\/span>, los diversos aspectos que conforman el\u00a0<span style=\"font-weight: bold\">universo vitivin\u00edcola<\/span>\u00a0la\u00a0<span style=\"font-weight: bold\">mayor regi\u00f3n vitivin\u00edcola de Arag\u00f3n<\/span>\u00a0y una de las\u00a0<span style=\"font-weight: bold\">m\u00e1s antiguas denominaciones de Espa\u00f1a<\/span>,\u00a0<span style=\"font-weight: bold\">pionera en muchas t\u00e9cnicas<\/span>\u00a0de cultivo y producci\u00f3n.<\/p><p>Los trabajos se han realizado con el\u00a0<span style=\"font-weight: bold\">apoyo<\/span>\u00a0del\u00a0<span style=\"font-weight: bold\">Gobierno de Arag\u00f3n<\/span>\u00a0y del\u00a0<span style=\"font-weight: bold\">programa EST -Interreg POCTEFA<\/span>\u00a0de la\u00a0<span style=\"font-weight: bold\">Uni\u00f3n Europea<\/span>, una\u00a0<span style=\"font-weight: bold\">iniciativa global<\/span>\u00a0de\u00a0<span style=\"font-weight: bold\">enoturismo sostenible<\/span>\u00a0y\u00a0<span style=\"font-weight: bold\">cultura transfronteriza<\/span>\u00a0desarrollada en colaboraci\u00f3n con otras entidades espa\u00f1olas y francesas:\u00a0<span style=\"font-weight: bold\">Fundaci\u00f3n Developia, D.O. Navarra, Vignerons du Juran\u00e7on y Cave de Gan<\/span>. La obra tambi\u00e9n ha permitido dotar de\u00a0<span style=\"font-weight: bold\">accesibilidad universal<\/span>\u00a0a todos los espacios, mejorar el\u00a0<span style=\"font-weight: bold\">confort<\/span>\u00a0y las\u00a0<span style=\"font-weight: bold\">condiciones de conservaci\u00f3n<\/span>\u00a0de los bienes y reducir el\u00a0<span style=\"font-weight: bold\">gasto energ\u00e9tico<\/span>.<\/p>\t\t\t\t\t\t<\/div>\n\t\t\t\t<\/div>\n\t\t\t\t\t<\/div>\n\t\t<\/div>\n\t\t\t\t\t<\/div>\n\t\t<\/section>\n\t\t\t\t<section class=\"elementor-section elementor-top-section elementor-element elementor-element-aa14020 elementor-section-boxed elementor-section-height-default elementor-section-height-default\" data-id=\"aa14020\" data-element_type=\"section\">\n\t\t\t\t\t\t<div class=\"elementor-container elementor-column-gap-default\">\n\t\t\t\t\t<div class=\"elementor-column elementor-col-100 elementor-top-column elementor-element elementor-element-29bfa13\" data-id=\"29bfa13\" data-element_type=\"column\">\n\t\t\t<div class=\"elementor-widget-wrap elementor-element-populated\">\n\t\t\t\t\t\t<div class=\"elementor-element elementor-element-5d0de23 elementor-widget elementor-widget-image\" data-id=\"5d0de23\" data-element_type=\"widget\" data-widget_type=\"image.default\">\n\t\t\t\t<div class=\"elementor-widget-container\">\n\t\t\t\t\t\t\t\t\t\t\t\t\t<img decoding=\"async\" src=\"https:\/\/elvinodelaspiedras.es\/wp-content\/uploads\/2025\/04\/WhatsApp-Image-2025-04-09-at-15.29.31-1024x577.jpeg\" title=\"\" alt=\"\" loading=\"lazy\" \/>\t\t\t\t\t\t\t\t\t\t\t\t\t<\/div>\n\t\t\t\t<\/div>\n\t\t\t\t\t<\/div>\n\t\t<\/div>\n\t\t\t\t\t<\/div>\n\t\t<\/section>\n\t\t\t\t<section class=\"elementor-section elementor-top-section elementor-element elementor-element-128fefb elementor-section-boxed elementor-section-height-default elementor-section-height-default\" data-id=\"128fefb\" data-element_type=\"section\">\n\t\t\t\t\t\t<div class=\"elementor-container elementor-column-gap-default\">\n\t\t\t\t\t<div class=\"elementor-column elementor-col-100 elementor-top-column elementor-element elementor-element-00854c1\" data-id=\"00854c1\" data-element_type=\"column\">\n\t\t\t<div class=\"elementor-widget-wrap elementor-element-populated\">\n\t\t\t\t\t\t<div class=\"elementor-element elementor-element-d9b9282 elementor-widget elementor-widget-text-editor\" data-id=\"d9b9282\" data-element_type=\"widget\" data-widget_type=\"text-editor.default\">\n\t\t\t\t<div class=\"elementor-widget-container\">\n\t\t\t\t\t\t\t<p>El\u00a0<span style=\"font-weight: bold\">nuevo Cari\u00f1ena WineMuseum<\/span>, busca\u00a0<span style=\"font-weight: bold\">transmitir la cultura y tradici\u00f3n\u00a0<\/span>y el moderno presente y futuro de la D.O. Cari\u00f1ena a trav\u00e9s de un\u00a0<span style=\"font-weight: bold\">espacio expositivo<\/span>, dividido en\u00a0<span style=\"font-weight: bold\">cinco grandes \u00e1reas<\/span>.<\/p><p>As\u00ed, una vez el visitante entra en el museo, y tras pasar por la\u00a0<span style=\"font-weight: bold\">zona de recepci\u00f3n y tienda<\/span>, accede a un\u00a0<span style=\"font-weight: bold\">espacio circular<\/span>\u00a0donde puede disfrutar de un\u00a0<span style=\"font-weight: bold\">v\u00eddeo envolvente en 360 grados<\/span>\u00a0y que transmite, de manera espectacular, la\u00a0<span style=\"font-weight: bold\">esencia de la Denominaci\u00f3n de Origen<\/span>, sus gentes y sus campos.<\/p><p>Tras esta\u00a0<span style=\"font-weight: bold\">experiencia inmersiva<\/span>, el recorrido continua hacia la planta s\u00f3tano, donde, a trav\u00e9s de\u00a0<span style=\"font-weight: bold\">diez escenograf\u00edas<\/span>, ubicadas en los espacios de antiguos trujales, se cuenta la\u00a0<span style=\"font-weight: bold\">historia de los oficios del vino<\/span>, desde el siglo XIV hasta nuestros d\u00edas, mediante el uso de\u00a0<span style=\"font-weight: bold\">proyecciones hologr\u00e1ficas<\/span>,\u00a0<span style=\"font-weight: bold\">iluminaci\u00f3n y sonido espectacular<\/span>\u00a0y apoyo de gr\u00e1ficos explicativos.<\/p>\t\t\t\t\t\t<\/div>\n\t\t\t\t<\/div>\n\t\t\t\t\t<\/div>\n\t\t<\/div>\n\t\t\t\t\t<\/div>\n\t\t<\/section>\n\t\t\t\t<section class=\"elementor-section elementor-top-section elementor-element elementor-element-d88c500 elementor-section-boxed elementor-section-height-default elementor-section-height-default\" data-id=\"d88c500\" data-element_type=\"section\">\n\t\t\t\t\t\t<div class=\"elementor-container elementor-column-gap-default\">\n\t\t\t\t\t<div class=\"elementor-column elementor-col-50 elementor-top-column elementor-element elementor-element-709b33e\" data-id=\"709b33e\" data-element_type=\"column\">\n\t\t\t<div class=\"elementor-widget-wrap elementor-element-populated\">\n\t\t\t\t\t\t<div class=\"elementor-element elementor-element-554248a elementor-widget elementor-widget-image\" data-id=\"554248a\" data-element_type=\"widget\" data-widget_type=\"image.default\">\n\t\t\t\t<div class=\"elementor-widget-container\">\n\t\t\t\t\t\t\t\t\t\t\t\t\t<img decoding=\"async\" src=\"https:\/\/elvinodelaspiedras.es\/wp-content\/uploads\/2025\/04\/WhatsApp-Image-2025-04-09-at-14.34.21-1024x682.jpeg\" title=\"\" alt=\"\" loading=\"lazy\" \/>\t\t\t\t\t\t\t\t\t\t\t\t\t<\/div>\n\t\t\t\t<\/div>\n\t\t\t\t\t<\/div>\n\t\t<\/div>\n\t\t\t\t<div class=\"elementor-column elementor-col-50 elementor-top-column elementor-element elementor-element-b5aae5b\" data-id=\"b5aae5b\" data-element_type=\"column\">\n\t\t\t<div class=\"elementor-widget-wrap elementor-element-populated\">\n\t\t\t\t\t\t<div class=\"elementor-element elementor-element-d294d90 elementor-widget elementor-widget-image\" data-id=\"d294d90\" data-element_type=\"widget\" data-widget_type=\"image.default\">\n\t\t\t\t<div class=\"elementor-widget-container\">\n\t\t\t\t\t\t\t\t\t\t\t\t\t<img decoding=\"async\" src=\"https:\/\/elvinodelaspiedras.es\/wp-content\/uploads\/2025\/04\/WhatsApp-Image-2025-04-09-at-14.33.34-1024x682.jpeg\" title=\"\" alt=\"\" loading=\"lazy\" \/>\t\t\t\t\t\t\t\t\t\t\t\t\t<\/div>\n\t\t\t\t<\/div>\n\t\t\t\t\t<\/div>\n\t\t<\/div>\n\t\t\t\t\t<\/div>\n\t\t<\/section>\n\t\t\t\t<section class=\"elementor-section elementor-top-section elementor-element elementor-element-4bdd9e1 elementor-section-boxed elementor-section-height-default elementor-section-height-default\" data-id=\"4bdd9e1\" data-element_type=\"section\">\n\t\t\t\t\t\t<div class=\"elementor-container elementor-column-gap-default\">\n\t\t\t\t\t<div class=\"elementor-column elementor-col-100 elementor-top-column elementor-element elementor-element-af1e9bf\" data-id=\"af1e9bf\" data-element_type=\"column\">\n\t\t\t<div class=\"elementor-widget-wrap elementor-element-populated\">\n\t\t\t\t\t\t<div class=\"elementor-element elementor-element-ba715b4 elementor-widget elementor-widget-text-editor\" data-id=\"ba715b4\" data-element_type=\"widget\" data-widget_type=\"text-editor.default\">\n\t\t\t\t<div class=\"elementor-widget-container\">\n\t\t\t\t\t\t\t<p>A continuaci\u00f3n, conceptos como las\u00a0variedades, la viticultura o la elaboraci\u00f3n y distribuci\u00f3n del vino, son desarrollados en\u00a0cuatro videomappings\u00a0de grandes dimensiones y con\u00a0elementos tridimensionales, que hacen de las producciones aut\u00e9nticos espect\u00e1culos visuales.<\/p><p>En el siguiente espacio tem\u00e1tico, y mediante\u00a0<strong>recursos museogr\u00e1ficos interactivos\u00a0<\/strong>de diferentes dimensiones, el visitante puede desde\u00a0<strong>jugar<\/strong>\u00a0mientras aprende conceptos de viticultura, hasta\u00a0<strong>consultar datos<\/strong>\u00a0de las vendimias de diferentes a\u00f1os o buscar\u00a0<strong>informaci\u00f3n del patrimonio cultural<\/strong>\u00a0de alguno de los\u00a0<strong>16 municipios<\/strong>\u00a0que conforman la Denominaci\u00f3n de Origen Cari\u00f1ena.<\/p><p>La visita finaliza en la\u00a0<strong>zona de tienda<\/strong>, donde se ofrece una exclusiva selecci\u00f3n de productos, tanto de merchandising, como de las bodegas y de la tierra de la D.O. Cari\u00f1ena.<\/p><p>Adem\u00e1s, el museo cuenta con un\u00a0<strong>espacio para presentaciones y catas<\/strong>, y programa de forma regular distintas\u00a0<strong>actividades y eventos<\/strong>\u00a0en torno al mundo del vino.<\/p>\t\t\t\t\t\t<\/div>\n\t\t\t\t<\/div>\n\t\t\t\t\t<\/div>\n\t\t<\/div>\n\t\t\t\t\t<\/div>\n\t\t<\/section>\n\t\t\t\t<section class=\"elementor-section elementor-top-section elementor-element elementor-element-a9e24fe elementor-section-boxed elementor-section-height-default elementor-section-height-default\" data-id=\"a9e24fe\" data-element_type=\"section\">\n\t\t\t\t\t\t<div class=\"elementor-container elementor-column-gap-default\">\n\t\t\t\t\t<div class=\"elementor-column elementor-col-50 elementor-top-column elementor-element elementor-element-c9f71ef\" data-id=\"c9f71ef\" data-element_type=\"column\">\n\t\t\t<div class=\"elementor-widget-wrap elementor-element-populated\">\n\t\t\t\t\t\t<div class=\"elementor-element elementor-element-bde76a7 elementor-widget elementor-widget-image\" data-id=\"bde76a7\" data-element_type=\"widget\" data-widget_type=\"image.default\">\n\t\t\t\t<div class=\"elementor-widget-container\">\n\t\t\t\t\t\t\t\t\t\t\t\t\t<img decoding=\"async\" src=\"https:\/\/elvinodelaspiedras.es\/wp-content\/uploads\/2025\/04\/WhatsApp-Image-2025-04-09-at-14.51.37-1024x576.jpeg\" title=\"\" alt=\"\" loading=\"lazy\" \/>\t\t\t\t\t\t\t\t\t\t\t\t\t<\/div>\n\t\t\t\t<\/div>\n\t\t\t\t\t<\/div>\n\t\t<\/div>\n\t\t\t\t<div class=\"elementor-column elementor-col-50 elementor-top-column elementor-element elementor-element-a1a26c1\" data-id=\"a1a26c1\" data-element_type=\"column\">\n\t\t\t<div class=\"elementor-widget-wrap elementor-element-populated\">\n\t\t\t\t\t\t<div class=\"elementor-element elementor-element-85d78cb elementor-widget elementor-widget-image\" data-id=\"85d78cb\" data-element_type=\"widget\" data-widget_type=\"image.default\">\n\t\t\t\t<div class=\"elementor-widget-container\">\n\t\t\t\t\t\t\t\t\t\t\t\t\t<img decoding=\"async\" src=\"https:\/\/elvinodelaspiedras.es\/wp-content\/uploads\/2025\/04\/WhatsApp-Image-2025-04-09-at-14.40.17-1024x576.jpeg\" title=\"\" alt=\"\" loading=\"lazy\" \/>\t\t\t\t\t\t\t\t\t\t\t\t\t<\/div>\n\t\t\t\t<\/div>\n\t\t\t\t\t<\/div>\n\t\t<\/div>\n\t\t\t\t\t<\/div>\n\t\t<\/section>\n\t\t\t\t<section class=\"elementor-section elementor-top-section elementor-element elementor-element-2af31a3 elementor-section-boxed elementor-section-height-default elementor-section-height-default\" data-id=\"2af31a3\" data-element_type=\"section\">\n\t\t\t\t\t\t<div class=\"elementor-container elementor-column-gap-default\">\n\t\t\t\t\t<div class=\"elementor-column elementor-col-16 elementor-top-column elementor-element elementor-element-2fd167a\" data-id=\"2fd167a\" data-element_type=\"column\">\n\t\t\t<div class=\"elementor-widget-wrap\">\n\t\t\t\t\t\t\t<\/div>\n\t\t<\/div>\n\t\t\t\t<div class=\"elementor-column elementor-col-66 elementor-top-column elementor-element elementor-element-6d1f1f6\" data-id=\"6d1f1f6\" data-element_type=\"column\">\n\t\t\t<div class=\"elementor-widget-wrap\">\n\t\t\t\t\t\t\t<\/div>\n\t\t<\/div>\n\t\t\t\t<div class=\"elementor-column elementor-col-16 elementor-top-column elementor-element elementor-element-0078fe6\" data-id=\"0078fe6\" data-element_type=\"column\">\n\t\t\t<div class=\"elementor-widget-wrap\">\n\t\t\t\t\t\t\t<\/div>\n\t\t<\/div>\n\t\t\t\t\t<\/div>\n\t\t<\/section>\n\t\t\t\t<\/div>\n\t\t","protected":false},"excerpt":{"rendered":"<p>M\u00e1s\u00a0informaci\u00f3n:\u00a0carinenawinemuseum.com &nbsp; Horarios de visita: Miercoles a lunes: de 10:30 a 18:00 horas Martes cerrado Para eventos o visitas de grupo fuera del horario general consultar por correo electr\u00f3nico Entradas: General: 7 \u20ac Reducida: 5 \u20ac (ni\u00f1os de 4 a 11 a\u00f1os, jubilados, estudiantes, empadronados en Cari\u00f1ena) Grupos: 6 \u20ac (m\u00e1s de 10 personas) Phone: &hellip;<\/p>\n","protected":false},"author":5,"featured_media":0,"parent":0,"menu_order":4,"comment_status":"closed","ping_status":"closed","template":"my-templates\/sin-sidebar.php","meta":{"_genesis_hide_title":false,"_genesis_hide_breadcrumbs":false,"_genesis_hide_singular_image":false,"_genesis_hide_footer_widgets":false,"_genesis_custom_body_class":"","_genesis_custom_post_class":"","_genesis_layout":"","ngg_post_thumbnail":0,"footnotes":""},"class_list":{"0":"post-1382","1":"page","2":"type-page","3":"status-publish","5":"entry","6":"has-post-thumbnail"},"_links":{"self":[{"href":"https:\/\/elvinodelaspiedras.es\/en\/wp-json\/wp\/v2\/pages\/1382"}],"collection":[{"href":"https:\/\/elvinodelaspiedras.es\/en\/wp-json\/wp\/v2\/pages"}],"about":[{"href":"https:\/\/elvinodelaspiedras.es\/en\/wp-json\/wp\/v2\/types\/page"}],"author":[{"embeddable":true,"href":"https:\/\/elvinodelaspiedras.es\/en\/wp-json\/wp\/v2\/users\/5"}],"replies":[{"embeddable":true,"href":"https:\/\/elvinodelaspiedras.es\/en\/wp-json\/wp\/v2\/comments?post=1382"}],"version-history":[{"count":69,"href":"https:\/\/elvinodelaspiedras.es\/en\/wp-json\/wp\/v2\/pages\/1382\/revisions"}],"predecessor-version":[{"id":7851,"href":"https:\/\/elvinodelaspiedras.es\/en\/wp-json\/wp\/v2\/pages\/1382\/revisions\/7851"}],"wp:attachment":[{"href":"https:\/\/elvinodelaspiedras.es\/en\/wp-json\/wp\/v2\/media?parent=1382"}],"curies":[{"name":"wp","href":"https:\/\/api.w.org\/{rel}","templated":true}]}}