{"id":1384,"date":"2020-06-17T17:49:21","date_gmt":"2020-06-17T17:49:21","guid":{"rendered":"http:\/\/elvinodelaspiedras.local\/orden-apa23512002\/"},"modified":"2020-07-27T11:13:10","modified_gmt":"2020-07-27T11:13:10","slug":"orden-apa23512002","status":"publish","type":"page","link":"https:\/\/elvinodelaspiedras.es\/en\/regulating-council\/legislation\/legislacion-vitivinicola-general\/legislacion-anterior-consejo-regulador\/orden-apa23512002\/","title":{"rendered":"ORDEN APA\/2351\/2002"},"content":{"rendered":"<p><strong>ORDEN APA\/2351\/2002, de 11 de septiembre, por la que se ratifica la modificaci\u00f3n del Reglamento de la Denominaci\u00f3n de Origen \u00abCari\u00f1ena\u00bb y de su Consejo Regulador.<\/strong><\/p>\n<p>El Real Decreto 768\/1984, de 8 de febrero, de traspaso de funciones y servicios del Estado a la Comunidad Aut\u00f3noma de Arag\u00f3n, en materia de Denominaciones de Origen, dispone, en el apartado B), 1.o, 1.h), de su anexo, que la citada Comunidad Aut\u00f3noma, una vez aprobados los Reglamentos de las Denominaciones de Origen, los remitir\u00e1 al Ministerio de Agricultura, Pesca y Alimentaci\u00f3n para su conocimiento y ratificaci\u00f3n, a los efectos de su defensa por la Administraci\u00f3n General del Estado en los \u00e1mbitos nacional e internacional, lo que este har\u00e1 siempre que aquellos cumplan la legislaci\u00f3n vigente.<\/p>\n<p>Aprobado, por Orden de 12 de junio de 2000, del Departamento de Agricultura, del Gobierno de Arag\u00f3n, el Reglamento de la Denominaci\u00f3n de Origen \u00abCari\u00f1ena\u00bb, modificado posteriormente por Orden de 7 de junio de 2002 de ese mismo Departamento, corresponde al Ministerio de Agricultura, Pesca y Alimentaci\u00f3n ratificar dicha modificaci\u00f3n.<\/p>\n<p>En su virtud dispongo:<\/p>\n<p><strong>Art\u00edculo \u00fanico. Ratificaci\u00f3n.<\/strong><\/p>\n<p>Se ratifica la modificaci\u00f3n del Reglamento de la Denominaci\u00f3n de Origen \u00abCari\u00f1ena\u00bb y de su Consejo Regulador, aprobado por Orden de 12 de junio de 2000 y posteriormente modificado por Orden de 7 de junio de 2002, del Departamento de Agricultura, del Gobierno de Arag\u00f3n, que figura como anexo a la presente disposici\u00f3n, a los efectos de su promoci\u00f3n y defensa por la Administraci\u00f3n General del Estado en los \u00e1mbitos nacional e internacional.<\/p>\n<p><strong>Disposici\u00f3n derogatoria \u00fanica.<\/strong><\/p>\n<p>Queda derogada la Orden de 1 de junio de 1990, por la que se aprobaba el Reglamento de la Denominaci\u00f3n de Origen \u00abCari\u00f1ena\u00bb y de su Consejo Regulador.<\/p>\n<p><strong>Disposici\u00f3n final \u00fanica. Entrada en vigor.<\/strong><\/p>\n<p>La presente Orden entrar\u00e1 en vigor el d\u00eda siguiente al de su publicaci\u00f3n en el \u00abBolet\u00edn Oficial del Estado\u00bb.<\/p>\n<p>Madrid, 11 de septiembre de 2002.<\/p>\n<p style=\"text-align: left;\">ARIAS CA\u00d1ETE<\/p>\n<p>&nbsp;<\/p>\n<h2>ANEXO<\/h2>\n<p>Reglamento de la Denominaci\u00f3n de Origen \u00abCari\u00f1ena\u00bb y de su Consejo Regulador<\/p>\n<p><a href=\"\/en\/regulating-council\/legislation\/legislacion-vitivinicola-general\/legislacion-anterior-consejo-regulador\/orden-apa23512002\/capitulo-i\/\">CAPITULO I<\/a><\/p>\n<p><a href=\"\/en\/regulating-council\/legislation\/legislacion-vitivinicola-general\/legislacion-anterior-consejo-regulador\/orden-apa23512002\/capitulo-ii\/\">CAPITULO II<\/a><\/p>\n<p><a href=\"\/en\/regulating-council\/legislation\/legislacion-vitivinicola-general\/legislacion-anterior-consejo-regulador\/orden-apa23512002\/capitulo-iii\/\">CAPITULO III<\/a><\/p>\n<p><a href=\"\/en\/regulating-council\/legislation\/legislacion-vitivinicola-general\/legislacion-anterior-consejo-regulador\/orden-apa23512002\/capitulo-iv\/\">CAPITULO IV<\/a><\/p>\n<p><a href=\"\/en\/regulating-council\/legislation\/legislacion-vitivinicola-general\/legislacion-anterior-consejo-regulador\/orden-apa23512002\/capitulo-v\/\">CAPITULO V<\/a><\/p>\n<p><a href=\"\/en\/regulating-council\/legislation\/legislacion-vitivinicola-general\/legislacion-anterior-consejo-regulador\/orden-apa23512002\/capitulo-vi\/\">CAPITULO VI<\/a><\/p>\n<p><a href=\"\/en\/regulating-council\/legislation\/legislacion-vitivinicola-general\/legislacion-anterior-consejo-regulador\/orden-apa23512002\/capitulo-vii\/\">CAPITULO VII<\/a><\/p>\n<p><a href=\"\/en\/regulating-council\/legislation\/legislacion-vitivinicola-general\/legislacion-anterior-consejo-regulador\/orden-apa23512002\/capitulo-viii\/\">CAPITULO VIII<\/a><\/p>\n","protected":false},"excerpt":{"rendered":"<p>ORDEN APA\/2351\/2002, de 11 de septiembre, por la que se ratifica la modificaci\u00f3n del Reglamento de la Denominaci\u00f3n de Origen \u00abCari\u00f1ena\u00bb y de su Consejo Regulador. El Real Decreto 768\/1984, de 8 de febrero, de traspaso de funciones y servicios del Estado a la Comunidad Aut\u00f3noma de Arag\u00f3n, en materia de Denominaciones de Origen, dispone, &hellip;<\/p>\n","protected":false},"author":5,"featured_media":0,"parent":1367,"menu_order":2,"comment_status":"closed","ping_status":"closed","template":"","meta":{"_genesis_hide_title":false,"_genesis_hide_breadcrumbs":false,"_genesis_hide_singular_image":false,"_genesis_hide_footer_widgets":false,"_genesis_custom_body_class":"","_genesis_custom_post_class":"","_genesis_layout":"","ngg_post_thumbnail":0,"footnotes":""},"class_list":{"0":"post-1384","1":"page","2":"type-page","3":"status-publish","5":"entry"},"_links":{"self":[{"href":"https:\/\/elvinodelaspiedras.es\/en\/wp-json\/wp\/v2\/pages\/1384"}],"collection":[{"href":"https:\/\/elvinodelaspiedras.es\/en\/wp-json\/wp\/v2\/pages"}],"about":[{"href":"https:\/\/elvinodelaspiedras.es\/en\/wp-json\/wp\/v2\/types\/page"}],"author":[{"embeddable":true,"href":"https:\/\/elvinodelaspiedras.es\/en\/wp-json\/wp\/v2\/users\/5"}],"replies":[{"embeddable":true,"href":"https:\/\/elvinodelaspiedras.es\/en\/wp-json\/wp\/v2\/comments?post=1384"}],"version-history":[{"count":5,"href":"https:\/\/elvinodelaspiedras.es\/en\/wp-json\/wp\/v2\/pages\/1384\/revisions"}],"predecessor-version":[{"id":6334,"href":"https:\/\/elvinodelaspiedras.es\/en\/wp-json\/wp\/v2\/pages\/1384\/revisions\/6334"}],"up":[{"embeddable":true,"href":"https:\/\/elvinodelaspiedras.es\/en\/wp-json\/wp\/v2\/pages\/1367"}],"wp:attachment":[{"href":"https:\/\/elvinodelaspiedras.es\/en\/wp-json\/wp\/v2\/media?parent=1384"}],"curies":[{"name":"wp","href":"https:\/\/api.w.org\/{rel}","templated":true}]}}