{"id":1396,"date":"2020-06-17T17:49:21","date_gmt":"2020-06-17T17:49:21","guid":{"rendered":"http:\/\/elvinodelaspiedras.local\/reglamento\/"},"modified":"2021-09-15T08:39:32","modified_gmt":"2021-09-15T08:39:32","slug":"reglamento","status":"publish","type":"page","link":"https:\/\/elvinodelaspiedras.es\/en\/regulating-council\/reglamento\/","title":{"rendered":"Regulation"},"content":{"rendered":"<p><strong>RESOLUCI\u00d3N de 6 de febrero de 2013, del Director General de Alimentaci\u00f3n y Fomento Agroalimentario, por la que se ordena la publicaci\u00f3n en el \u00abBolet\u00edn Ofi cial de Arag\u00f3n\u00bb<\/strong><\/p>\n<p>En el &#8220;Bolet\u00edn Ofi cial de Arag\u00f3n&#8221; n\u00famero 91, de 15 de mayo de 2009, se public\u00f3 la Orden de 6 de mayo de 2009, del Consejero de Agricultura y Alimentaci\u00f3n, por la que se aprueba la normativa espec\u00edfi ca de la denominaci\u00f3n de origen \u00abCari\u00f1ena\u00bb.<\/p>\n<p>En virtud de lo establecido en la disposici\u00f3n transitoria segunda, el Consejo Regulador de la Denominaci\u00f3n de Origen Protegida \u00abCari\u00f1ena\u00bb comunica, con fecha 10 de septiembre de 2012 al Departamento de Agricultura, Ganader\u00eda y Medio Ambiente, la modifi caci\u00f3n de los Estatutos de la Denominaci\u00f3n de Origen Protegida \u00abCari\u00f1ena\u00bb contenidos en el anexo III de la Orden de 6 de mayo de 2009, aprobada en la reuni\u00f3n del pleno del Consejo Regulador celebrada el 24 de agosto de 2012.<\/p>\n<p>En consecuencia, se procede a la publicaci\u00f3n de los estatutos resultantes de la modifi caci\u00f3n que se insertan como anexo a esa resoluci\u00f3n.<\/p>\n<p>Zaragoza, 6 de febrero de 2013<\/p>\n<p><a href=\"\/_archivos\/ficheros\/reglamentos_71.pdf\" target=\"_blank\" rel=\"noopener noreferrer\">Estatutos de la Denominaci\u00f3n de Origen Protegida Cari\u00f1ena (PDF)<\/a><\/p>\n","protected":false},"excerpt":{"rendered":"<p>RESOLUCI\u00d3N de 6 de febrero de 2013, del Director General de Alimentaci\u00f3n y Fomento Agroalimentario, por la que se ordena la publicaci\u00f3n en el \u00abBolet\u00edn Ofi cial de Arag\u00f3n\u00bb En el &#8220;Bolet\u00edn Ofi cial de Arag\u00f3n&#8221; n\u00famero 91, de 15 de mayo de 2009, se public\u00f3 la Orden de 6 de mayo de 2009, del &hellip;<\/p>\n","protected":false},"author":5,"featured_media":0,"parent":1607,"menu_order":4,"comment_status":"closed","ping_status":"closed","template":"","meta":{"_genesis_hide_title":false,"_genesis_hide_breadcrumbs":false,"_genesis_hide_singular_image":false,"_genesis_hide_footer_widgets":false,"_genesis_custom_body_class":"","_genesis_custom_post_class":"","_genesis_layout":"","ngg_post_thumbnail":0,"footnotes":""},"class_list":{"0":"post-1396","1":"page","2":"type-page","3":"status-publish","5":"entry"},"_links":{"self":[{"href":"https:\/\/elvinodelaspiedras.es\/en\/wp-json\/wp\/v2\/pages\/1396"}],"collection":[{"href":"https:\/\/elvinodelaspiedras.es\/en\/wp-json\/wp\/v2\/pages"}],"about":[{"href":"https:\/\/elvinodelaspiedras.es\/en\/wp-json\/wp\/v2\/types\/page"}],"author":[{"embeddable":true,"href":"https:\/\/elvinodelaspiedras.es\/en\/wp-json\/wp\/v2\/users\/5"}],"replies":[{"embeddable":true,"href":"https:\/\/elvinodelaspiedras.es\/en\/wp-json\/wp\/v2\/comments?post=1396"}],"version-history":[{"count":3,"href":"https:\/\/elvinodelaspiedras.es\/en\/wp-json\/wp\/v2\/pages\/1396\/revisions"}],"predecessor-version":[{"id":6652,"href":"https:\/\/elvinodelaspiedras.es\/en\/wp-json\/wp\/v2\/pages\/1396\/revisions\/6652"}],"up":[{"embeddable":true,"href":"https:\/\/elvinodelaspiedras.es\/en\/wp-json\/wp\/v2\/pages\/1607"}],"wp:attachment":[{"href":"https:\/\/elvinodelaspiedras.es\/en\/wp-json\/wp\/v2\/media?parent=1396"}],"curies":[{"name":"wp","href":"https:\/\/api.w.org\/{rel}","templated":true}]}}