{"id":1400,"date":"2020-06-17T17:49:21","date_gmt":"2020-06-17T17:49:21","guid":{"rendered":"http:\/\/elvinodelaspiedras.local\/sena-de-identidad\/"},"modified":"2023-06-09T08:22:51","modified_gmt":"2023-06-09T08:22:51","slug":"sena-de-identidad","status":"publish","type":"page","link":"https:\/\/elvinodelaspiedras.es\/en\/el-vino-de-las-piedras\/sena-de-identidad\/","title":{"rendered":"Identity Sign"},"content":{"rendered":"\t\t<div data-elementor-type=\"wp-page\" data-elementor-id=\"1400\" class=\"elementor elementor-1400\">\n\t\t\t\t\t\t<section class=\"elementor-section elementor-top-section elementor-element elementor-element-5c4bae23 elementor-section-boxed elementor-section-height-default elementor-section-height-default\" data-id=\"5c4bae23\" data-element_type=\"section\">\n\t\t\t\t\t\t<div class=\"elementor-container elementor-column-gap-default\">\n\t\t\t\t\t<div class=\"elementor-column elementor-col-100 elementor-top-column elementor-element elementor-element-6c876d42\" data-id=\"6c876d42\" data-element_type=\"column\">\n\t\t\t<div class=\"elementor-widget-wrap elementor-element-populated\">\n\t\t\t\t\t\t<div class=\"elementor-element elementor-element-28a988f5 elementor-widget elementor-widget-text-editor\" data-id=\"28a988f5\" data-element_type=\"widget\" data-widget_type=\"text-editor.default\">\n\t\t\t\t<div class=\"elementor-widget-container\">\n\t\t\t\t\t\t\t<p>Nieve, llueva o truene. No hay fen\u00f3meno meteorol\u00f3gico que frene el trabajo diario de los <strong>viticultores de Cari\u00f1ena<\/strong>. Cuidan y miman cada vi\u00f1a como si fuera \u00fanica. El resultado de este duro y constante esfuerzo es un vino incomparable. Las piedras son un elemento inerte y m\u00e1s bien inc\u00f3modo, pero estos trabajadores han conseguido sacar el mejor sabor de lo que parec\u00eda un inconveniente y convertirlo en el factor de su \u00e9xito. <strong>Una tierra pedregosa, pero plagada de vida<\/strong>, de vi\u00f1as y de grandes historias.<\/p><p>\u00bfC\u00f3mo a partir de unas tierras pedregosas se pueden elaborar unos de los mejores vinos del mundo? Esa es la esencia de <strong>El Vino que Nace de las Piedras<\/strong>, lema que identifica toda la producci\u00f3n de la Denominaci\u00f3n de Origen Protegida Cari\u00f1ena. As\u00ed se demuestra <strong>que el buen vino puede emanar del lugar m\u00e1s inesperado<\/strong>.<\/p><p>El Vino que Nace de las Piedras, se cultiva en un entorno agreste, en un territorio dedicado a la viticultura desde tiempos remotos. En los <strong>16 municipios que integran la mayor y m\u00e1s antigua Denominaci\u00f3n de Arag\u00f3n<\/strong>, los terrenos y las altitudes se entremezclan <strong>dando al paisaje una gran variedad de olores y colores<\/strong>. Sin embargo, las piedras no faltan en ning\u00fan escenario y obligan a las vi\u00f1as a sobrevivir en condiciones casi extremas. El resultado son <strong>uvas m\u00e1s concentradas e intensas, y mucho m\u00e1s arom\u00e1ticas<\/strong> que las que se cultivan en otras tierras.<\/p><p>He aqu\u00ed el secreto mejor guardado de la D.O. Cari\u00f1ena: <strong>sus piedras, sus campos, su entorno y la dedicaci\u00f3n de un territorio <\/strong>que vive por y para la tierra. Con una peculiaridad \u00fanica en el mundo, como <strong>dar nombre a una variedad de uva: Cari\u00f1ena<\/strong>. Una variedad aut\u00f3ctona, como tambi\u00e9n lo es la <strong>garnacha<\/strong>, que encandila en la actualidad a medio mundo.<\/p>\t\t\t\t\t\t<\/div>\n\t\t\t\t<\/div>\n\t\t\t\t\t<\/div>\n\t\t<\/div>\n\t\t\t\t\t<\/div>\n\t\t<\/section>\n\t\t\t\t<section class=\"elementor-section elementor-top-section elementor-element elementor-element-fd1f976 elementor-section-boxed elementor-section-height-default elementor-section-height-default\" data-id=\"fd1f976\" data-element_type=\"section\">\n\t\t\t\t\t\t<div class=\"elementor-container elementor-column-gap-default\">\n\t\t\t\t\t<div class=\"elementor-column elementor-col-100 elementor-top-column elementor-element elementor-element-8cd173e\" data-id=\"8cd173e\" data-element_type=\"column\">\n\t\t\t<div class=\"elementor-widget-wrap elementor-element-populated\">\n\t\t\t\t\t\t<div class=\"elementor-element elementor-element-23a952a elementor-widget elementor-widget-text-editor\" data-id=\"23a952a\" data-element_type=\"widget\" data-widget_type=\"text-editor.default\">\n\t\t\t\t<div class=\"elementor-widget-container\">\n\t\t\t\t\t\t\t<p><img fetchpriority=\"high\" decoding=\"async\" class=\"aligncenter wp-image-6982 size-full\" src=\"https:\/\/elvinodelaspiedras.es\/en\/wp-content\/uploads\/sites\/3\/2023\/01\/DSC_0285-scaled.jpg\" alt=\"\" width=\"2560\" height=\"1691\" srcset=\"https:\/\/elvinodelaspiedras.es\/en\/wp-content\/uploads\/sites\/3\/2023\/01\/DSC_0285-scaled.jpg 2560w, https:\/\/elvinodelaspiedras.es\/en\/wp-content\/uploads\/sites\/3\/2023\/01\/DSC_0285-300x198.jpg 300w, https:\/\/elvinodelaspiedras.es\/en\/wp-content\/uploads\/sites\/3\/2023\/01\/DSC_0285-1024x676.jpg 1024w, https:\/\/elvinodelaspiedras.es\/en\/wp-content\/uploads\/sites\/3\/2023\/01\/DSC_0285-768x507.jpg 768w, https:\/\/elvinodelaspiedras.es\/en\/wp-content\/uploads\/sites\/3\/2023\/01\/DSC_0285-1536x1014.jpg 1536w, https:\/\/elvinodelaspiedras.es\/en\/wp-content\/uploads\/sites\/3\/2023\/01\/DSC_0285-2048x1353.jpg 2048w\" sizes=\"(max-width: 2560px) 100vw, 2560px\" \/><\/p>\t\t\t\t\t\t<\/div>\n\t\t\t\t<\/div>\n\t\t\t\t\t<\/div>\n\t\t<\/div>\n\t\t\t\t\t<\/div>\n\t\t<\/section>\n\t\t\t\t<\/div>\n\t\t","protected":false},"excerpt":{"rendered":"<p>Nieve, llueva o truene. No hay fen\u00f3meno meteorol\u00f3gico que frene el trabajo diario de los viticultores de Cari\u00f1ena. Cuidan y miman cada vi\u00f1a como si fuera \u00fanica. El resultado de este duro y constante esfuerzo es un vino incomparable. Las piedras son un elemento inerte y m\u00e1s bien inc\u00f3modo, pero estos trabajadores han conseguido sacar &hellip;<\/p>\n","protected":false},"author":5,"featured_media":0,"parent":1346,"menu_order":2,"comment_status":"closed","ping_status":"closed","template":"","meta":{"_genesis_hide_title":false,"_genesis_hide_breadcrumbs":false,"_genesis_hide_singular_image":false,"_genesis_hide_footer_widgets":false,"_genesis_custom_body_class":"","_genesis_custom_post_class":"","_genesis_layout":"","ngg_post_thumbnail":0,"footnotes":""},"class_list":{"0":"post-1400","1":"page","2":"type-page","3":"status-publish","5":"entry"},"_links":{"self":[{"href":"https:\/\/elvinodelaspiedras.es\/en\/wp-json\/wp\/v2\/pages\/1400"}],"collection":[{"href":"https:\/\/elvinodelaspiedras.es\/en\/wp-json\/wp\/v2\/pages"}],"about":[{"href":"https:\/\/elvinodelaspiedras.es\/en\/wp-json\/wp\/v2\/types\/page"}],"author":[{"embeddable":true,"href":"https:\/\/elvinodelaspiedras.es\/en\/wp-json\/wp\/v2\/users\/5"}],"replies":[{"embeddable":true,"href":"https:\/\/elvinodelaspiedras.es\/en\/wp-json\/wp\/v2\/comments?post=1400"}],"version-history":[{"count":14,"href":"https:\/\/elvinodelaspiedras.es\/en\/wp-json\/wp\/v2\/pages\/1400\/revisions"}],"predecessor-version":[{"id":7089,"href":"https:\/\/elvinodelaspiedras.es\/en\/wp-json\/wp\/v2\/pages\/1400\/revisions\/7089"}],"up":[{"embeddable":true,"href":"https:\/\/elvinodelaspiedras.es\/en\/wp-json\/wp\/v2\/pages\/1346"}],"wp:attachment":[{"href":"https:\/\/elvinodelaspiedras.es\/en\/wp-json\/wp\/v2\/media?parent=1400"}],"curies":[{"name":"wp","href":"https:\/\/api.w.org\/{rel}","templated":true}]}}