{"id":1401,"date":"2020-06-17T17:49:21","date_gmt":"2020-06-17T17:49:21","guid":{"rendered":"http:\/\/elvinodelaspiedras.local\/sorpresas-en-el-restaurante\/"},"modified":"2021-08-19T14:10:16","modified_gmt":"2021-08-19T14:10:16","slug":"sorpresas-en-el-restaurante","status":"publish","type":"page","link":"https:\/\/elvinodelaspiedras.es\/en\/el-vino-de-las-piedras\/campanas-anteriores\/sorpresas-en-el-restaurante\/","title":{"rendered":"Surprises in the restaurant (2018-2017)"},"content":{"rendered":"<p><img fetchpriority=\"high\" decoding=\"async\" class=\"aligncenter\" title=\"sorpresas-en-el-restaurante\" src=\"\/_archivos\/imagenes\/sorpresas-en-el-restaurante_3574.jpg\" alt=\"Sorpresas en el restaurante\" width=\"683\" height=\"313\"><br \/>\n<strong>Septiembre de 2017 y 2018 <\/strong>&nbsp;fue el <strong>mes para disfrutar de El Vino de las Piedras<\/strong> con la <strong>campa\u00f1a \u201cSorpresas en el restaurante\u201d<\/strong>, y tener la oportunidad de conseguir destacados premios. Continuando con el <strong>mismo esp\u00edritu<\/strong> que la <strong>anterior promoci\u00f3n \u201cDescubre las sorpresas\u201d<\/strong>, la <strong>Denominaci\u00f3n de Origen Protegida Cari\u00f1ena colabor\u00f3<\/strong> con la <strong>Asociaci\u00f3n de Restaurantes Horeca Zaragoza<\/strong> para ofrecer un <strong>regalo seguro<\/strong> a todos los <strong>clientes de los restaurantes participantes<\/strong> que maridaron sus platos con uno de los <strong>vinosseleccionadas de la D.O.P.<\/strong> como muestra de su variedad y calidad.<\/p>\n<p>\u201cSorpresas en el restaurante\u201d se desarroll\u00f3 durante <strong>dos fines de semana<\/strong> en cada una de sus ediciones. En todos los <strong>restaurantes participantes<\/strong>, un <strong>embajador de la Denominaci\u00f3n <\/strong>ofreci\u00f3 una <strong>degustaci\u00f3n gratuita<\/strong> de uno de los vinos de Cari\u00f1ena incluidos en la promoci\u00f3n. Si el cliente decid\u00edaacompa\u00f1ar su comida con ellos, recib\u00eda una <strong>tarjeta-rasca por cada botella<\/strong>y se le entregaba inmediatamente el premio recibido, <strong>desde una nueva botella de vino a grandes regalos como un crucero o iPhone de \u00faltima generaci\u00f3n<\/strong>.<\/p>\n<p><img decoding=\"async\" class=\"size-featured wp-image-8725 aligncenter\" src=\"https:\/\/elvinodelaspiedras.es\/wp-content\/uploads\/2021\/08\/Sorpresas-en-el-restaurante-Carinena-4-800x600.jpg\" alt=\"\" width=\"800\" height=\"600\"><\/p>\n<p>Esta <strong>promoci\u00f3n reparti\u00f3 alegr\u00eda, emoci\u00f3n y aprecio por los vinos de la D.O.P. Cari\u00f1ena<\/strong>, tanto entre quienes ya los conoc\u00edan, como entre quienes los descubrieron con esta iniciativa, ya que algunos premios fueron a parar a visitantes de lugares como Kazajist\u00e1n, Australia, Estados Unidos, Brasil o Chile.<\/p>\n<p>Durante las dos campa\u00f1as se repartieron <strong>m\u00e1s de 4.000 regalos<\/strong> con un valor superior a los <strong>40.000 euros<\/strong> en una campa\u00f1a que mostr\u00f3 la exquisitez de los Vinos de las Piedras a unas <strong>18.000 personas<\/strong> y que recibi\u00f3 las felicitaciones de todos los que la disfrutaron.<\/p>\n<p><strong>2017: DOS MIL REGALOS AGOTADOS EN DOS FINES DE SEMANA<br \/>\n<\/strong><\/p>\n<p><iframe title=\"Spot D.O.P. Cari\u00f1ena - El Vino de las Piedras\" width=\"500\" height=\"281\" src=\"https:\/\/www.youtube.com\/embed\/xmGc1BtDzYg?feature=oembed\" frameborder=\"0\" allow=\"accelerometer; autoplay; clipboard-write; encrypted-media; gyroscope; picture-in-picture; web-share\" referrerpolicy=\"strict-origin-when-cross-origin\" allowfullscreen><\/iframe><\/p>\n<p>Los <strong>2.000 regalos<\/strong> previstos se agotaron (y ampliaron con nuevos) con un d\u00eda de antelaci\u00f3n en la edici\u00f3n de 2017 de \u201cSorpresas en el restaurante\u201d, que se desarroll\u00f3 los fines de semana del 8 al 10 y del 15 al 17 de septiembre en 18 restaurantes. <strong>Un crucero para dos personas<\/strong>, un <strong>Smart TV<\/strong> de 50 pulgadas y un <strong>iPhone 7<\/strong> fueron los grandes premios; pero tambi\u00e9n se repartieron <strong>estuches de dos o una botella de El Vino de las Piedras, 18 cenas para dos personas, 20 viajes enotur\u00edsticos para visitar la Fiesta de la Vendimia de Cari\u00f1ena 2017 o 18 sets de vino. Para los camareros, tambi\u00e9n algunos rasca inclu\u00edan una propina en met\u00e1lico.<\/strong><\/p>\n<p><img decoding=\"async\" class=\"size-featured wp-image-8729 aligncenter\" src=\"https:\/\/elvinodelaspiedras.es\/wp-content\/uploads\/2021\/08\/010-Un-momento-del-acto-de-presentacion-800x600.jpg\" alt=\"\" width=\"800\" height=\"600\"><\/p>\n<p>\u201cMe he llevado esta grand\u00edsima sorpresa. Siempre tomo vino de la D.O.P. Cari\u00f1ena y me parece muy interesante dar a conocer El Vino de las Piedras con esta promoci\u00f3n,son vinos muy buenos\u201d, destacaba el afortunado ganador del iPhone, Francisco Fern\u00e1ndez Beltr\u00e1n.<\/p>\n<p><img loading=\"lazy\" decoding=\"async\" class=\"wp-image-8733 size-large aligncenter\" src=\"https:\/\/elvinodelaspiedras.es\/wp-content\/uploads\/2021\/08\/100-La-embajadora-entrega-el-iPhone-a-Francisco-Fern_ndez-que-muestra-su-m_vil-actual-683x1024.jpg\" alt=\"\" width=\"683\" height=\"1024\"><\/p>\n<p>Como \u00e9l, los participantes resaltaban el aroma, sabor y cuerpo de los vinos que hab\u00edan disfrutado; con <strong>16 marcas, 13 de tinto y tres de blanco para elegir<\/strong>; elaborados por <strong>once bodegas<\/strong> de la Denominaci\u00f3n. <strong>Covinca<\/strong>, <strong>Dominio de Longaz,<\/strong> <strong>Esteban Mart\u00edn<\/strong>, <strong>Gabarda<\/strong>, <strong>Grandes Vinos<\/strong>, <strong>Hacienda Molleda<\/strong>, <strong>Hermanos Torcal<\/strong>, <strong>Ignacio Mar\u00edn<\/strong>, <strong>Paniza<\/strong>, <strong>San Valero<\/strong> y <strong>Solar de Urbezo<\/strong>.<\/p>\n<p><img loading=\"lazy\" decoding=\"async\" class=\"alignnone size-featured wp-image-8730\" src=\"https:\/\/elvinodelaspiedras.es\/wp-content\/uploads\/2021\/08\/050-Los-16-vinos-de-11-bodegas-que-participan-en-la-promoci_n-FOTOGRAF_A-ALMOZARA-800x600.jpg\" alt=\"\" width=\"800\" height=\"600\"><\/p>\n<p>BLANCOS<\/p>\n<p>Clave de Sol Chardonnay (Bodegas Covinca)<\/p>\n<p>Corona de Arag\u00f3n Garnacha Blanca (Grandes Vinos)<\/p>\n<p>Esteban Mart\u00edn blanco (Bodegas Esteban Mart\u00edn)<\/p>\n<p>TINTOS<\/p>\n<p>Ballad (Bodegas Ignacio Mar\u00edn)<\/p>\n<p>Cachirulo (Bodegas Hermanos Torcal)<\/p>\n<p>Corona de Arag\u00f3n Special Selection (Grandes Vinos)<\/p>\n<p>Dominio de Longaz (Bodegas Dominio de Longaz)<\/p>\n<p>Esteban Mart\u00edn joven (Bodegas Esteban Mart\u00edn)<\/p>\n<p>Gabarda 2 (Bodegas Gabarda)<\/p>\n<p>GHM Cari\u00f1ena (Bodegas Hacienda Molleda)<\/p>\n<p>Hacienda Molleda Garnacha (Bodegas Hacienda Molleda)<\/p>\n<p>Particular Garnacha Vi\u00f1as Centenarias (San Valero)<\/p>\n<p>Particular Joven Garnacha (San Valero)<\/p>\n<p>Terrai OVG (Bodegas Covinca)<\/p>\n<p>Vi\u00f1a Urbezo (Bodegas Solar de Urbezo)<\/p>\n<p>Vi\u00f1as Viejas (Bodegas Paniza)<\/p>\n<p><img loading=\"lazy\" decoding=\"async\" class=\"alignnone size-featured wp-image-8732\" src=\"https:\/\/elvinodelaspiedras.es\/wp-content\/uploads\/2021\/08\/130-Ganadores-del-crucero-y-encargado-del-restaurante-800x600.jpg\" alt=\"\" width=\"800\" height=\"600\"><\/p>\n<p>Por su parte fueron <strong>18 restaurantes<\/strong> los que ofrecieron estos vinos en sus cartas para conseguir los premios de la campa\u00f1a<\/p>\n<p><strong>+Albarrac\u00edn<\/strong><\/p>\n<p><strong>A Mesa Puesta<\/strong><\/p>\n<p><strong>Casa Lac<\/strong><\/p>\n<p><strong>El Bandido<\/strong><\/p>\n<p><strong>El Candelas<\/strong><\/p>\n<p><strong>El Chalet<\/strong><\/p>\n<p><strong>El Foro<\/strong><\/p>\n<p><strong>La Bodega de Chema<\/strong><\/p>\n<p><strong>La Cuna del Cierzo<\/strong><\/p>\n<p><strong>La Parrilla de Albarrac\u00edn<\/strong><\/p>\n<p><strong>La Rinconada de Lorenzo<\/strong><\/p>\n<p><strong>La Torreta de Sanclemente<\/strong><\/p>\n<p><strong>Las Palomas<\/strong><\/p>\n<p><strong>Los Xarmientos<\/strong><\/p>\n<p><strong>Montal<\/strong><\/p>\n<p><strong>La nueva Karambola<\/strong><\/p>\n<p><strong>Tulu<\/strong><\/p>\n<p><strong>Urola<\/strong><\/p>\n<p><img loading=\"lazy\" decoding=\"async\" class=\"alignnone size-featured wp-image-8731\" src=\"https:\/\/elvinodelaspiedras.es\/wp-content\/uploads\/2021\/08\/070-Embajadora-de-la-DOP-Cari_ena-ofreciendo-una-degustaci_n-gratuita-de-El-Vino-de-las-Piedras-800x600.jpg\" alt=\"\" width=\"800\" height=\"600\"><\/p>\n<p><strong>2018, UN CRUCERO PARA LOS RESTAURANTES<br \/>\n<\/strong><\/p>\n<p><iframe title=\"Spot &quot;Sorpresas en el Restaurante&quot; 2018 (D.O.P. CARI\u00d1ENA)\" width=\"500\" height=\"281\" src=\"https:\/\/www.youtube.com\/embed\/qua0qBVxAEI?feature=oembed\" frameborder=\"0\" allow=\"accelerometer; autoplay; clipboard-write; encrypted-media; gyroscope; picture-in-picture; web-share\" referrerpolicy=\"strict-origin-when-cross-origin\" allowfullscreen><\/iframe><\/p>\n<p>En su siguiente a\u00f1o, la promoci\u00f3n incluy\u00f3 <strong>novedades<\/strong> para mejorar su alcance y efectividad, y fueron <strong>hasta 10.000 las personas<\/strong> que probaron los vinos de la Denominaci\u00f3n. As\u00ed, sus dos fines de semana de celebraci\u00f3n se ajustaron de jueves a s\u00e1bado y se busc\u00f3 a\u00fan m\u00e1s la <strong>excelencia <\/strong>en todos los detalles.<\/p>\n<p>Adem\u00e1s, se introdujo el <strong>sorteo de un crucero a los Emiratos \u00c1rabes<\/strong> (valorado en 4.000 euros) entre los <strong>restaurantes participantes<\/strong> para <strong>reconocer su colaboraci\u00f3n<\/strong> y reforzar el tri\u00e1ngulo entre restauraci\u00f3n, bodega y consumidores. Entre los \u00faltimos, se repartieron 20.000 euros en <strong>premios<\/strong>, con rascas que inclu\u00edan un <strong>crucero, un iphone X, cavas de vino, trolleys, mochilas, altavoces y auriculares bluetooth y, desde luego, botellas de vino<\/strong> de la selecci\u00f3n de este a\u00f1o.<\/p>\n<p><img loading=\"lazy\" decoding=\"async\" class=\"size-featured wp-image-8734 aligncenter\" src=\"https:\/\/elvinodelaspiedras.es\/wp-content\/uploads\/2021\/08\/01911308-800x600.jpg\" alt=\"\" width=\"800\" height=\"600\"><\/p>\n<p>As\u00ed, en esta ocasi\u00f3nse ampli\u00f3 tanto el n\u00famero de bodegas participantes como el de marcas disponibles en los restaurantes. Se cont\u00f3 con <strong>18 vinos, 12 tintos y 6 blancos, de 12 bodegas<\/strong>. <strong>Covinca, <\/strong><strong>Dominio de Longaz, <\/strong><strong>Esteban Mart\u00edn, <\/strong><strong>Gabarda, <\/strong><strong>Hacienda Molleda, <\/strong><strong>Hermanos Torcal, <\/strong><strong>Ignacio Mar\u00edn, <\/strong><strong>Paniza, <\/strong><strong>San Valero, <\/strong><strong>Solar de Urbezo, <\/strong><strong>Grandes Vinos<\/strong> y <strong>Quinta Mazuela<\/strong>.<\/p>\n<p><img loading=\"lazy\" decoding=\"async\" class=\"size-featured wp-image-8735 aligncenter\" src=\"https:\/\/elvinodelaspiedras.es\/wp-content\/uploads\/2021\/08\/01911036-800x600.jpg\" alt=\"\" width=\"800\" height=\"600\"><\/p>\n<p>BLANCOS<\/p>\n<p><strong>Corona de Arag\u00f3n Garnacha Blanca 2017 (Grandes Vinos)<\/strong><\/p>\n<p><strong>Esteban Mart\u00edn Blanco 2017 (Bodegas Esteban Mart\u00edn)<\/strong><\/p>\n<p><strong>Particular Chardonnay Moscatel de Alejandr\u00eda 2017 (San Valero)<\/strong><\/p>\n<p><strong>Torrelongares Blanco Macabeo (Bodegas Covinca)<\/strong><\/p>\n<p><strong>UrbezoChardonnay (Bodegas Solar de Urbezo)<\/strong><\/p>\n<p><strong>Vi\u00f1as de PanizaChardonnay 2017 (Bodegas Paniza)<\/strong><\/p>\n<p>TINTOS<\/p>\n<p><strong>Ballad Garnacha Old Vine (Bodegas Ignacio Mar\u00edn)<\/strong><\/p>\n<p><strong>Corona de Arag\u00f3n SpecialSelection (Grandes Vinos)<\/strong><\/p>\n<p><strong>El Cachirulo (Bodegas Hermanos Torcal)<\/strong><\/p>\n<p><strong>Esteban Mart\u00edn Crianza 2015 (Bodegas Esteban Mart\u00edn)<\/strong><\/p>\n<p><strong>Gabarda II \u2013 Roble (Bodegas Gabarda)<\/strong><\/p>\n<p><strong>GHM (Bodegas Hacienda Molleda)<\/strong><\/p>\n<p><strong>Longaz (Bodegas Dominio de Longaz)<\/strong><\/p>\n<p><strong>Particular Garnacha 2017 (San Valero)<\/strong><\/p>\n<p><strong>Quinta Mazuela (Bodegas Quinta Mazuela)<\/strong><\/p>\n<p><strong>Terrai OVG 2017 (Bodegas Covinca)<\/strong><\/p>\n<p><strong>Vi\u00f1a Urbezo (Bodegas Solar de Urbezo)<\/strong><\/p>\n<p><strong>Vi\u00f1as Viejas (Bodegas Paniza)<\/strong><\/p>\n<p><img loading=\"lazy\" decoding=\"async\" class=\"size-featured wp-image-8736\" src=\"https:\/\/elvinodelaspiedras.es\/wp-content\/uploads\/2021\/08\/Sorpresas-en-el-restaurante-Carinena-6-800x600.jpg\" alt=\"\" width=\"800\" height=\"600\"><\/p>\n<p>Por su parte, hubo <strong>diez restaurantes<\/strong> donde descubrir las sorpresas de El Vino de las Piedras. La mayor\u00eda de ellos participaron tambi\u00e9n en 2016 y 2017.<\/p>\n<p><strong>Casa Lac<\/strong><\/p>\n<p><strong>El Chalet <\/strong><\/p>\n<p><strong>El Foro<\/strong><\/p>\n<p><strong>La Bodega de Chema<\/strong><\/p>\n<p><strong>La nueva Karambola<\/strong><\/p>\n<p><strong>La Parrilla de Albarrac\u00edn<\/strong><\/p>\n<p><strong>La Rinconada de Lorenzo<\/strong><\/p>\n<p><strong>Los Xarmientos<\/strong><\/p>\n<p><strong>Novodabo<\/strong><\/p>\n<p><strong>Quema<\/strong><\/p>\n<p>La alegr\u00eda de los vinos y los premios salpic\u00f3 de nuevo a todos los consumidores de la D.O.P. Cari\u00f1ena en una campa\u00f1a que el <strong>consejero de Agricultura<\/strong> del Gobierno de Arag\u00f3n resalt\u00f3 al participar en su presentaci\u00f3n como <strong>\u201cejemplo por su apuesta por la comunicaci\u00f3n\u201d y por colaboraci\u00f3n con el sector hostelero<\/strong> \u201cuno de los cauces m\u00e1s significativos para llegar al consumidor por su influencia\u201d.<\/p>\n<p><img loading=\"lazy\" decoding=\"async\" class=\"size-featured wp-image-8737\" src=\"https:\/\/elvinodelaspiedras.es\/wp-content\/uploads\/2021\/08\/Sorpresas-en-el-restaurante-Carinena-9-800x600.jpg\" alt=\"\" width=\"800\" height=\"600\"><\/p>\n<p style=\"text-align: center\"><a href=\"https:\/\/elvinodelaspiedras.es\/prensa\/index.php?ID=38\">DESCARGAR FOTOGRAF\u00cdAS EN CALIDAD ALTA<\/a><\/p>\n","protected":false},"excerpt":{"rendered":"<p>Septiembre de 2017 y 2018 &nbsp;fue el mes para disfrutar de El Vino de las Piedras con la campa\u00f1a \u201cSorpresas en el restaurante\u201d, y tener la oportunidad de conseguir destacados premios. Continuando con el mismo esp\u00edritu que la anterior promoci\u00f3n \u201cDescubre las sorpresas\u201d, la Denominaci\u00f3n de Origen Protegida Cari\u00f1ena colabor\u00f3 con la Asociaci\u00f3n de Restaurantes &hellip;<\/p>\n","protected":false},"author":5,"featured_media":0,"parent":1305,"menu_order":1,"comment_status":"closed","ping_status":"closed","template":"","meta":{"_genesis_hide_title":false,"_genesis_hide_breadcrumbs":false,"_genesis_hide_singular_image":false,"_genesis_hide_footer_widgets":false,"_genesis_custom_body_class":"","_genesis_custom_post_class":"","_genesis_layout":"","ngg_post_thumbnail":0,"footnotes":""},"class_list":{"0":"post-1401","1":"page","2":"type-page","3":"status-publish","5":"entry"},"_links":{"self":[{"href":"https:\/\/elvinodelaspiedras.es\/en\/wp-json\/wp\/v2\/pages\/1401"}],"collection":[{"href":"https:\/\/elvinodelaspiedras.es\/en\/wp-json\/wp\/v2\/pages"}],"about":[{"href":"https:\/\/elvinodelaspiedras.es\/en\/wp-json\/wp\/v2\/types\/page"}],"author":[{"embeddable":true,"href":"https:\/\/elvinodelaspiedras.es\/en\/wp-json\/wp\/v2\/users\/5"}],"replies":[{"embeddable":true,"href":"https:\/\/elvinodelaspiedras.es\/en\/wp-json\/wp\/v2\/comments?post=1401"}],"version-history":[{"count":8,"href":"https:\/\/elvinodelaspiedras.es\/en\/wp-json\/wp\/v2\/pages\/1401\/revisions"}],"predecessor-version":[{"id":6582,"href":"https:\/\/elvinodelaspiedras.es\/en\/wp-json\/wp\/v2\/pages\/1401\/revisions\/6582"}],"up":[{"embeddable":true,"href":"https:\/\/elvinodelaspiedras.es\/en\/wp-json\/wp\/v2\/pages\/1305"}],"wp:attachment":[{"href":"https:\/\/elvinodelaspiedras.es\/en\/wp-json\/wp\/v2\/media?parent=1401"}],"curies":[{"name":"wp","href":"https:\/\/api.w.org\/{rel}","templated":true}]}}