{"id":1410,"date":"2020-06-17T17:49:22","date_gmt":"2020-06-17T17:49:22","guid":{"rendered":"http:\/\/elvinodelaspiedras.local\/tosos\/"},"modified":"2020-07-22T17:19:11","modified_gmt":"2020-07-22T17:19:11","slug":"tosos","status":"publish","type":"page","link":"https:\/\/elvinodelaspiedras.es\/en\/do-carinena\/towns\/tosos\/","title":{"rendered":"Tosos"},"content":{"rendered":"<p><img decoding=\"async\" title=\"TOSOS\" src=\"\/_archivos\/imagenes\/do-carinena_340.jpg\" alt=\"TOSOS\" width=\"145\"><\/p>\n<h2>HERITAGE<\/h2>\n<p>The Pe\u00f1a Chiquitita rock formation is located in Tosos, welcoming everyone who visits Tosos and, together with the Las Torcas reservoir, the most representative emblems of the town.<br \/>\nThe natural frame of the municipality is privileged, together with a historically rich heritage, which offers visitors endless possibilities.<\/p>\n<p>The reservoir surroundings possess remarkable historical relics that take visitors back to the Middle Age: From Tosos, on the way to the reservoir is the medieval tower &#8220;La Casaza,&#8221; located at a fantastic place with an overview of the last straits of the river.&nbsp; Near to the end of the reservoir there are remains of an ancient population Alca\u00f1iz de la Huerva, where with ruins from the &#8220;El Alca\u00f1icejo&#8221; castle, founded by Alfonso I el Batallador in 1124. At the foot of the fortress are remains of teh unusual and intriguing Cistercian monastery called &#8220;El Santo &#8221; built during the 13th century.<\/p>\n<h2>CULTURE AND TRADITIONS<\/h2>\n<h3>SORCERY IN TOSOS<\/h3>\n<p>In mid-1812, the small town from Arag\u00f3n, Tosos, was victim of a demon possession, considered by local authorities as &#8220;the most extraordinary case ever seen.&#8221; During the Corpus Christi procession, eight women behaved as if they were possessed \u201cdoing the same contortions and violent movements like those usually made by women who are really bewitched.\u201d<br \/>\nAfter a few days, thirty two people were possessed. The majority of the population assumed the supernatural explanation of the malefic and accused Joaquina Martinez as responsible, witch and sorcerer.<\/p>\n<p>These facts matched with a power vacuum in Spain during the Independence war against Napoleon&#8217;s Army (1812- 1813). The years of &#8220;revolution&#8221; that for a country marked the beginning of the end of the former regime, meant a state of social unrest in many populated areas. The furious behavior of the possessed people from Tosos led them to stand up against the authorities to defend their attitude and can be seen today as an emblem of a situation of widespread disorder.<\/p>\n<p>About these facts, a book has been published:<br \/>\n&#8220;The Possessed of Tosos (1812-1814). Witchcraft and Popular Justice during the Spanish Revolution&#8221;.<\/p>\n<p>The publication is edited by el Instituto Aragon\u00e9s de Atropolog\u00eda, number 5 of its monographs with the cooperation of the Regulatory Council of the DO and participation of Caja Rural del Campo Cari\u00f1ena (now Caja Rural de Arag\u00f3n).<br \/>\nThe author, Mary Tausiet,&nbsp; from Madrid with ancestry from Arag\u00f3n, is Doctor in History from the University of Zaragoza and also the author of another book in the same genre titled \u201cPonzo\u00f1a en los Ojos &#8211; Brujer\u00eda y Superstici\u00f3n en Arag\u00f3n en el siglo XVI.\u201d<\/p>\n<h3>RESTAURANT<\/h3>\n<p>BRASER\u00cdA JJM LAS TORCAS<br \/>\n+34 653 982 953<\/p>\n<h3>COUNTRY HOUSE<\/h3>\n<p>CIERZO Y SABINA<br \/>\n+34 Avda. Cari\u00f1ena, 27<\/p>\n","protected":false},"excerpt":{"rendered":"<p>HERITAGE The Pe\u00f1a Chiquitita rock formation is located in Tosos, welcoming everyone who visits Tosos and, together with the Las Torcas reservoir, the most representative emblems of the town. The natural frame of the municipality is privileged, together with a historically rich heritage, which offers visitors endless possibilities. The reservoir surroundings possess remarkable historical relics &hellip;<\/p>\n","protected":false},"author":5,"featured_media":0,"parent":1590,"menu_order":0,"comment_status":"closed","ping_status":"closed","template":"","meta":{"_genesis_hide_title":false,"_genesis_hide_breadcrumbs":false,"_genesis_hide_singular_image":false,"_genesis_hide_footer_widgets":false,"_genesis_custom_body_class":"","_genesis_custom_post_class":"","_genesis_layout":"","ngg_post_thumbnail":0,"footnotes":""},"class_list":{"0":"post-1410","1":"page","2":"type-page","3":"status-publish","5":"entry"},"_links":{"self":[{"href":"https:\/\/elvinodelaspiedras.es\/en\/wp-json\/wp\/v2\/pages\/1410"}],"collection":[{"href":"https:\/\/elvinodelaspiedras.es\/en\/wp-json\/wp\/v2\/pages"}],"about":[{"href":"https:\/\/elvinodelaspiedras.es\/en\/wp-json\/wp\/v2\/types\/page"}],"author":[{"embeddable":true,"href":"https:\/\/elvinodelaspiedras.es\/en\/wp-json\/wp\/v2\/users\/5"}],"replies":[{"embeddable":true,"href":"https:\/\/elvinodelaspiedras.es\/en\/wp-json\/wp\/v2\/comments?post=1410"}],"version-history":[{"count":5,"href":"https:\/\/elvinodelaspiedras.es\/en\/wp-json\/wp\/v2\/pages\/1410\/revisions"}],"predecessor-version":[{"id":5754,"href":"https:\/\/elvinodelaspiedras.es\/en\/wp-json\/wp\/v2\/pages\/1410\/revisions\/5754"}],"up":[{"embeddable":true,"href":"https:\/\/elvinodelaspiedras.es\/en\/wp-json\/wp\/v2\/pages\/1590"}],"wp:attachment":[{"href":"https:\/\/elvinodelaspiedras.es\/en\/wp-json\/wp\/v2\/media?parent=1410"}],"curies":[{"name":"wp","href":"https:\/\/api.w.org\/{rel}","templated":true}]}}