{"id":1590,"date":"2020-06-25T09:33:19","date_gmt":"2020-06-25T09:33:19","guid":{"rendered":"http:\/\/elvinodelaspiedras.local\/?page_id=1590"},"modified":"2023-01-25T17:38:42","modified_gmt":"2023-01-25T17:38:42","slug":"towns","status":"publish","type":"page","link":"https:\/\/elvinodelaspiedras.es\/en\/do-carinena\/towns\/","title":{"rendered":"Towns"},"content":{"rendered":"\t\t<div data-elementor-type=\"wp-page\" data-elementor-id=\"1590\" class=\"elementor elementor-1590\">\n\t\t\t\t\t\t<section class=\"elementor-section elementor-top-section elementor-element elementor-element-9cc04f8 elementor-section-boxed elementor-section-height-default elementor-section-height-default\" data-id=\"9cc04f8\" data-element_type=\"section\">\n\t\t\t\t\t\t<div class=\"elementor-container elementor-column-gap-default\">\n\t\t\t\t\t<div class=\"elementor-column elementor-col-100 elementor-top-column elementor-element elementor-element-0d2bf72\" data-id=\"0d2bf72\" data-element_type=\"column\">\n\t\t\t<div class=\"elementor-widget-wrap elementor-element-populated\">\n\t\t\t\t\t\t<div class=\"elementor-element elementor-element-3fedabd elementor-widget elementor-widget-image\" data-id=\"3fedabd\" data-element_type=\"widget\" data-widget_type=\"image.default\">\n\t\t\t\t<div class=\"elementor-widget-container\">\n\t\t\t\t\t\t\t\t\t\t\t\t\t<img fetchpriority=\"high\" decoding=\"async\" width=\"1024\" height=\"1024\" src=\"https:\/\/elvinodelaspiedras.es\/en\/wp-content\/uploads\/sites\/3\/2023\/01\/MAPA-COMARCAS-OK-1024x1024.jpg\" class=\"attachment-large size-large wp-image-7003\" alt=\"\" srcset=\"https:\/\/elvinodelaspiedras.es\/en\/wp-content\/uploads\/sites\/3\/2023\/01\/MAPA-COMARCAS-OK-1024x1024.jpg 1024w, https:\/\/elvinodelaspiedras.es\/en\/wp-content\/uploads\/sites\/3\/2023\/01\/MAPA-COMARCAS-OK-300x300.jpg 300w, https:\/\/elvinodelaspiedras.es\/en\/wp-content\/uploads\/sites\/3\/2023\/01\/MAPA-COMARCAS-OK-150x150.jpg 150w, https:\/\/elvinodelaspiedras.es\/en\/wp-content\/uploads\/sites\/3\/2023\/01\/MAPA-COMARCAS-OK-768x768.jpg 768w, https:\/\/elvinodelaspiedras.es\/en\/wp-content\/uploads\/sites\/3\/2023\/01\/MAPA-COMARCAS-OK-80x80.jpg 80w\" sizes=\"(max-width: 1024px) 100vw, 1024px\" \/>\t\t\t\t\t\t\t\t\t\t\t\t\t<\/div>\n\t\t\t\t<\/div>\n\t\t\t\t\t<\/div>\n\t\t<\/div>\n\t\t\t\t\t<\/div>\n\t\t<\/section>\n\t\t\t\t<section class=\"elementor-section elementor-top-section elementor-element elementor-element-5db8ac3 elementor-section-boxed elementor-section-height-default elementor-section-height-default\" data-id=\"5db8ac3\" data-element_type=\"section\">\n\t\t\t\t\t\t<div class=\"elementor-container elementor-column-gap-default\">\n\t\t\t\t\t<div class=\"elementor-column elementor-col-25 elementor-top-column elementor-element elementor-element-16e2ad1\" data-id=\"16e2ad1\" data-element_type=\"column\">\n\t\t\t<div class=\"elementor-widget-wrap elementor-element-populated\">\n\t\t\t\t\t\t<div class=\"elementor-element elementor-element-a3590db elementor-widget elementor-widget-text-editor\" data-id=\"a3590db\" data-element_type=\"widget\" data-widget_type=\"text-editor.default\">\n\t\t\t\t<div class=\"elementor-widget-container\">\n\t\t\t\t\t\t\t<ul><li><a href=\"https:\/\/elvinodelaspiedras.es\/en\/do-carinena\/towns\/aguaron\/\">Aguar\u00f3n<\/a><\/li><li><a href=\"https:\/\/elvinodelaspiedras.es\/en\/do-carinena\/towns\/aladren\/\">Aladr\u00e9n<\/a><\/li><li><a href=\"https:\/\/elvinodelaspiedras.es\/en\/do-carinena\/towns\/alfamen\/\">Alfam\u00e9n<\/a><\/li><li><a href=\"https:\/\/elvinodelaspiedras.es\/en\/do-carinena\/towns\/almonacid-de-la-sierra\/\">Almonacid de la Sierra<\/a><\/li><\/ul>\t\t\t\t\t\t<\/div>\n\t\t\t\t<\/div>\n\t\t\t\t\t<\/div>\n\t\t<\/div>\n\t\t\t\t<div class=\"elementor-column elementor-col-25 elementor-top-column elementor-element elementor-element-af0b66e\" data-id=\"af0b66e\" data-element_type=\"column\">\n\t\t\t<div class=\"elementor-widget-wrap elementor-element-populated\">\n\t\t\t\t\t\t<div class=\"elementor-element elementor-element-17cee2f elementor-widget elementor-widget-text-editor\" data-id=\"17cee2f\" data-element_type=\"widget\" data-widget_type=\"text-editor.default\">\n\t\t\t\t<div class=\"elementor-widget-container\">\n\t\t\t\t\t\t\t<ul><li><a href=\"https:\/\/elvinodelaspiedras.es\/en\/do-carinena\/towns\/alpartir\/\">Alpartir<\/a><\/li><li><a href=\"https:\/\/elvinodelaspiedras.es\/en\/do-carinena\/towns\/carinena\/\">Cari\u00f1ena<\/a><\/li><li><a href=\"https:\/\/elvinodelaspiedras.es\/en\/do-carinena\/towns\/cosuenda\/\">Cosuenda<\/a><\/li><li><a href=\"https:\/\/elvinodelaspiedras.es\/do-carinena\/municipios\/encinacorba\/\">Encinacorba<\/a><\/li><\/ul>\t\t\t\t\t\t<\/div>\n\t\t\t\t<\/div>\n\t\t\t\t\t<\/div>\n\t\t<\/div>\n\t\t\t\t<div class=\"elementor-column elementor-col-25 elementor-top-column elementor-element elementor-element-83aa005\" data-id=\"83aa005\" data-element_type=\"column\">\n\t\t\t<div class=\"elementor-widget-wrap elementor-element-populated\">\n\t\t\t\t\t\t<div class=\"elementor-element elementor-element-1c609bb elementor-widget elementor-widget-text-editor\" data-id=\"1c609bb\" data-element_type=\"widget\" data-widget_type=\"text-editor.default\">\n\t\t\t\t<div class=\"elementor-widget-container\">\n\t\t\t\t\t\t\t<ul class=\"children\"><li class=\"page_item page-item-1349\"><a href=\"https:\/\/elvinodelaspiedras.es\/en\/do-carinena\/towns\/fuendetodos\/\">Fuendetodos<\/a><\/li><li class=\"page_item page-item-1374\"><a href=\"https:\/\/elvinodelaspiedras.es\/en\/do-carinena\/towns\/longares\/\">Longares<\/a><\/li><li class=\"page_item page-item-1378\"><a href=\"https:\/\/elvinodelaspiedras.es\/en\/do-carinena\/towns\/mezalocha\/\">Mezalocha<\/a><\/li><li class=\"page_item page-item-1381\"><a href=\"https:\/\/elvinodelaspiedras.es\/en\/do-carinena\/towns\/muel\/\">Muel<\/a><\/li><\/ul>\t\t\t\t\t\t<\/div>\n\t\t\t\t<\/div>\n\t\t\t\t\t<\/div>\n\t\t<\/div>\n\t\t\t\t<div class=\"elementor-column elementor-col-25 elementor-top-column elementor-element elementor-element-ebb0eb7\" data-id=\"ebb0eb7\" data-element_type=\"column\">\n\t\t\t<div class=\"elementor-widget-wrap elementor-element-populated\">\n\t\t\t\t\t\t<div class=\"elementor-element elementor-element-6e6fb73 elementor-widget elementor-widget-text-editor\" data-id=\"6e6fb73\" data-element_type=\"widget\" data-widget_type=\"text-editor.default\">\n\t\t\t\t<div class=\"elementor-widget-container\">\n\t\t\t\t\t\t\t<ul class=\"children\"><li class=\"page_item page-item-1386\"><a href=\"https:\/\/elvinodelaspiedras.es\/en\/do-carinena\/towns\/paniza\/\">Paniza<\/a><\/li><li class=\"page_item page-item-1410\"><a href=\"https:\/\/elvinodelaspiedras.es\/en\/do-carinena\/towns\/tosos\/\">Tosos<\/a><\/li><li class=\"page_item page-item-1418\"><a href=\"https:\/\/elvinodelaspiedras.es\/en\/do-carinena\/towns\/villanueva\/\">Villanueva de Huerva<\/a><\/li><li><a href=\"https:\/\/elvinodelaspiedras.es\/en\/do-carinena\/towns\/vistabella-de-huerva\/\">Vistabella de Huerva<\/a><\/li><\/ul>\t\t\t\t\t\t<\/div>\n\t\t\t\t<\/div>\n\t\t\t\t\t<\/div>\n\t\t<\/div>\n\t\t\t\t\t<\/div>\n\t\t<\/section>\n\t\t\t\t<\/div>\n\t\t","protected":false},"excerpt":{"rendered":"<p>Aguar\u00f3n Aladr\u00e9n Alfam\u00e9n Almonacid de la Sierra Alpartir Cari\u00f1ena Cosuenda Encinacorba Fuendetodos Longares Mezalocha Muel Paniza Tosos Villanueva de Huerva Vistabella de Huerva<\/p>\n","protected":false},"author":5,"featured_media":0,"parent":1337,"menu_order":5,"comment_status":"closed","ping_status":"closed","template":"","meta":{"_genesis_hide_title":false,"_genesis_hide_breadcrumbs":false,"_genesis_hide_singular_image":false,"_genesis_hide_footer_widgets":false,"_genesis_custom_body_class":"","_genesis_custom_post_class":"","_genesis_layout":"","ngg_post_thumbnail":0,"footnotes":""},"class_list":{"0":"post-1590","1":"page","2":"type-page","3":"status-publish","5":"entry","6":"has-post-thumbnail"},"_links":{"self":[{"href":"https:\/\/elvinodelaspiedras.es\/en\/wp-json\/wp\/v2\/pages\/1590"}],"collection":[{"href":"https:\/\/elvinodelaspiedras.es\/en\/wp-json\/wp\/v2\/pages"}],"about":[{"href":"https:\/\/elvinodelaspiedras.es\/en\/wp-json\/wp\/v2\/types\/page"}],"author":[{"embeddable":true,"href":"https:\/\/elvinodelaspiedras.es\/en\/wp-json\/wp\/v2\/users\/5"}],"replies":[{"embeddable":true,"href":"https:\/\/elvinodelaspiedras.es\/en\/wp-json\/wp\/v2\/comments?post=1590"}],"version-history":[{"count":21,"href":"https:\/\/elvinodelaspiedras.es\/en\/wp-json\/wp\/v2\/pages\/1590\/revisions"}],"predecessor-version":[{"id":7015,"href":"https:\/\/elvinodelaspiedras.es\/en\/wp-json\/wp\/v2\/pages\/1590\/revisions\/7015"}],"up":[{"embeddable":true,"href":"https:\/\/elvinodelaspiedras.es\/en\/wp-json\/wp\/v2\/pages\/1337"}],"wp:attachment":[{"href":"https:\/\/elvinodelaspiedras.es\/en\/wp-json\/wp\/v2\/media?parent=1590"}],"curies":[{"name":"wp","href":"https:\/\/api.w.org\/{rel}","templated":true}]}}