{"id":5362,"date":"2020-07-16T08:27:17","date_gmt":"2020-07-16T08:27:17","guid":{"rendered":"https:\/\/elvinodelaspiedras.es\/en\/?page_id=5362"},"modified":"2021-09-15T08:36:55","modified_gmt":"2021-09-15T08:36:55","slug":"documentacion-de-certificacion","status":"publish","type":"page","link":"https:\/\/elvinodelaspiedras.es\/en\/do-carinena\/documentacion-de-certificacion\/","title":{"rendered":"Certification documentation"},"content":{"rendered":"\t\t<div data-elementor-type=\"wp-page\" data-elementor-id=\"5362\" class=\"elementor elementor-5362\">\n\t\t\t\t\t\t<section class=\"elementor-section elementor-top-section elementor-element elementor-element-5fb05e0 elementor-section-boxed elementor-section-height-default elementor-section-height-default\" data-id=\"5fb05e0\" data-element_type=\"section\">\n\t\t\t\t\t\t<div class=\"elementor-container elementor-column-gap-default\">\n\t\t\t\t\t<div class=\"elementor-column elementor-col-100 elementor-top-column elementor-element elementor-element-df32dcd\" data-id=\"df32dcd\" data-element_type=\"column\">\n\t\t\t<div class=\"elementor-widget-wrap elementor-element-populated\">\n\t\t\t\t\t\t<div class=\"elementor-element elementor-element-476a658 elementor-widget elementor-widget-text-editor\" data-id=\"476a658\" data-element_type=\"widget\" data-widget_type=\"text-editor.default\">\n\t\t\t\t<div class=\"elementor-widget-container\">\n\t\t\t\t\t\t\t<p><a href=\"\/en\/do-carinena\/documentacion-de-certificacion\/documentacion-de-certificacion\/\">Documentaci\u00f3n de Certificaci\u00f3n<\/a><\/p><p><a href=\"\/en\/do-carinena\/documentacion-de-certificacion\/certificacion-de-bodegas-de-alcance-dop-carinena\/\">Certificaci\u00f3n de bodegas de alcance D.O.P Cari\u00f1ena<\/a><\/p><p><a href=\"\/en\/do-carinena\/documentacion-de-certificacion\/certificacion-de-bodegas-de-alcance-vinos-varietales\/\">Certificaci\u00f3n de bodegas de alcance Vinos varietales<\/a><\/p>\t\t\t\t\t\t<\/div>\n\t\t\t\t<\/div>\n\t\t\t\t\t<\/div>\n\t\t<\/div>\n\t\t\t\t\t<\/div>\n\t\t<\/section>\n\t\t\t\t<\/div>\n\t\t","protected":false},"excerpt":{"rendered":"<p>Documentaci\u00f3n de Certificaci\u00f3n Certificaci\u00f3n de bodegas de alcance D.O.P Cari\u00f1ena Certificaci\u00f3n de bodegas de alcance Vinos varietales<\/p>\n","protected":false},"author":1,"featured_media":0,"parent":1337,"menu_order":2,"comment_status":"closed","ping_status":"closed","template":"","meta":{"_genesis_hide_title":false,"_genesis_hide_breadcrumbs":false,"_genesis_hide_singular_image":false,"_genesis_hide_footer_widgets":false,"_genesis_custom_body_class":"","_genesis_custom_post_class":"","_genesis_layout":"","ngg_post_thumbnail":0,"footnotes":""},"class_list":{"0":"post-5362","1":"page","2":"type-page","3":"status-publish","5":"entry"},"_links":{"self":[{"href":"https:\/\/elvinodelaspiedras.es\/en\/wp-json\/wp\/v2\/pages\/5362"}],"collection":[{"href":"https:\/\/elvinodelaspiedras.es\/en\/wp-json\/wp\/v2\/pages"}],"about":[{"href":"https:\/\/elvinodelaspiedras.es\/en\/wp-json\/wp\/v2\/types\/page"}],"author":[{"embeddable":true,"href":"https:\/\/elvinodelaspiedras.es\/en\/wp-json\/wp\/v2\/users\/1"}],"replies":[{"embeddable":true,"href":"https:\/\/elvinodelaspiedras.es\/en\/wp-json\/wp\/v2\/comments?post=5362"}],"version-history":[{"count":7,"href":"https:\/\/elvinodelaspiedras.es\/en\/wp-json\/wp\/v2\/pages\/5362\/revisions"}],"predecessor-version":[{"id":6659,"href":"https:\/\/elvinodelaspiedras.es\/en\/wp-json\/wp\/v2\/pages\/5362\/revisions\/6659"}],"up":[{"embeddable":true,"href":"https:\/\/elvinodelaspiedras.es\/en\/wp-json\/wp\/v2\/pages\/1337"}],"wp:attachment":[{"href":"https:\/\/elvinodelaspiedras.es\/en\/wp-json\/wp\/v2\/media?parent=5362"}],"curies":[{"name":"wp","href":"https:\/\/api.w.org\/{rel}","templated":true}]}}