{"id":6553,"date":"2021-07-08T12:27:01","date_gmt":"2021-07-08T12:27:01","guid":{"rendered":"https:\/\/elvinodelaspiedras.es\/en\/?page_id=6553"},"modified":"2022-05-13T09:35:51","modified_gmt":"2022-05-13T09:35:51","slug":"sustainability","status":"publish","type":"page","link":"https:\/\/elvinodelaspiedras.es\/en\/regulating-council\/sustainability\/","title":{"rendered":"Sustainability"},"content":{"rendered":"<p><a href=\"https:\/\/elvinodelaspiedras.es\/en\/wp-content\/uploads\/sites\/3\/2022\/05\/Resumen-Confusion-Polilla-2009-2021.ppt\" target=\"_blank\" rel=\"noopener\">Evoluci\u00f3n del Proyecto de investigaci\u00f3n sobre el control de <em>Lobesia botrana<\/em>, mediante confusi\u00f3n sexual, en la D.O.P. Cari\u00f1ena. Periodo 2009-2021<\/a><\/p>\n<p>&nbsp;<\/p>\n","protected":false},"excerpt":{"rendered":"<p>Evoluci\u00f3n del Proyecto de investigaci\u00f3n sobre el control de Lobesia botrana, mediante confusi\u00f3n sexual, en la D.O.P. Cari\u00f1ena. Periodo 2009-2021 &nbsp;<\/p>\n","protected":false},"author":8,"featured_media":0,"parent":1607,"menu_order":8,"comment_status":"closed","ping_status":"closed","template":"","meta":{"_genesis_hide_title":false,"_genesis_hide_breadcrumbs":false,"_genesis_hide_singular_image":false,"_genesis_hide_footer_widgets":false,"_genesis_custom_body_class":"","_genesis_custom_post_class":"","_genesis_layout":"","ngg_post_thumbnail":0,"footnotes":""},"class_list":{"0":"post-6553","1":"page","2":"type-page","3":"status-publish","5":"entry"},"_links":{"self":[{"href":"https:\/\/elvinodelaspiedras.es\/en\/wp-json\/wp\/v2\/pages\/6553"}],"collection":[{"href":"https:\/\/elvinodelaspiedras.es\/en\/wp-json\/wp\/v2\/pages"}],"about":[{"href":"https:\/\/elvinodelaspiedras.es\/en\/wp-json\/wp\/v2\/types\/page"}],"author":[{"embeddable":true,"href":"https:\/\/elvinodelaspiedras.es\/en\/wp-json\/wp\/v2\/users\/8"}],"replies":[{"embeddable":true,"href":"https:\/\/elvinodelaspiedras.es\/en\/wp-json\/wp\/v2\/comments?post=6553"}],"version-history":[{"count":3,"href":"https:\/\/elvinodelaspiedras.es\/en\/wp-json\/wp\/v2\/pages\/6553\/revisions"}],"predecessor-version":[{"id":6820,"href":"https:\/\/elvinodelaspiedras.es\/en\/wp-json\/wp\/v2\/pages\/6553\/revisions\/6820"}],"up":[{"embeddable":true,"href":"https:\/\/elvinodelaspiedras.es\/en\/wp-json\/wp\/v2\/pages\/1607"}],"wp:attachment":[{"href":"https:\/\/elvinodelaspiedras.es\/en\/wp-json\/wp\/v2\/media?parent=6553"}],"curies":[{"name":"wp","href":"https:\/\/api.w.org\/{rel}","templated":true}]}}