{"id":6573,"date":"2021-08-05T12:05:47","date_gmt":"2021-08-05T12:05:47","guid":{"rendered":"https:\/\/elvinodelaspiedras.es\/en\/?page_id=6573"},"modified":"2021-08-05T12:05:47","modified_gmt":"2021-08-05T12:05:47","slug":"near-you-2020","status":"publish","type":"page","link":"https:\/\/elvinodelaspiedras.es\/en\/el-vino-de-las-piedras\/campanas-anteriores\/near-you-2020\/","title":{"rendered":"Near you (2020)"},"content":{"rendered":"<p><img fetchpriority=\"high\" decoding=\"async\" class=\"alignnone size-featured wp-image-5924\" src=\"https:\/\/elvinodelaspiedras.es\/wp-content\/uploads\/2020\/07\/Carinena-hosteleria-alta-800x600.jpg\" alt=\"\" width=\"800\" height=\"600\"><\/p>\n<p style=\"text-align: center\"><a href=\"https:\/\/elvinodelaspiedras.es\/wp-content\/uploads\/web\/kvYiM-Carinenahosteleriaalta.JPG\" target=\"_blank\" rel=\"noopener noreferrer\">DESCARGAR FOTO EN CALIDAD ALTA<\/a><\/p>\n<p>El <strong>apoyo a la hosteler\u00eda aragonesa<\/strong> en plena <strong>pandemia sanitaria<\/strong> y la <strong>Colecci\u00f3n Premiun 2020<\/strong> \u2014con 12 vinos seleccionados por el Master of Wine Pedro Ballesteros\u2014 fueron los dos <strong>ejes de la campa\u00f1a promocional \u201cCerca de ti<\/strong>\u201d de la Denominaci\u00f3n de Origen Protegida Cari\u00f1ena.<\/p>\n<p>En un a\u00f1o especialmente dif\u00edcil para el sector hostelero, la D.O.P. Cari\u00f1ena hizo un <strong>importante esfuerzo de ayuda<\/strong>, siempre <strong>dentro de las normas establecidas por las autoridades sanitarias<\/strong>, a trav\u00e9s de la <strong>Colecci\u00f3n Premium 2020 \u201cEl Vino de las Piedras\u201d<\/strong>, integrada por <strong>doce exclusivos vinos<\/strong> (8 tintos, 2 rosados y 2 blancos) de <strong>seis bodegas<\/strong> distintas. El <strong>Master of Wine Pedro Ballesteros seleccion\u00f3<\/strong> estas botellas como <strong>muestra representativa<\/strong> para \u201centender la <strong>diversidad y excepcionalidad<\/strong> de <strong>Cari\u00f1ena<\/strong>\u201d.<\/p>\n<p><img decoding=\"async\" class=\"alignnone size-full wp-image-7138\" src=\"https:\/\/elvinodelaspiedras.es\/wp-content\/uploads\/2020\/10\/ganadores-coleccion-premium-vino-piedras-carinena.jpg\" alt=\"\" width=\"799\" height=\"535\"><\/p>\n<p>La campa\u00f1a \u201cCerca de ti\u201d se inici\u00f3 en <strong>septiembre<\/strong>, en <strong>37 restaurantes y bares de Zaragoza, Huesca y Teruel<\/strong>, con el objetivo de <strong>reivindicar<\/strong>el papel de la <strong>hosteler\u00eda<\/strong>como <strong>espacio de amistad, convivencia y disfrute<\/strong>. Todos los clientes que escogieron uno de los vinos seleccionados pudieronparticipar en el <strong>sorteo<\/strong> de una <strong>colecci\u00f3n completa<\/strong> solo por subir a su <strong>cuenta en Facebook, Instagram o Twitter<\/strong> una <strong>foto o v\u00eddeo <\/strong>sobre sus sensaciones y experiencias al probarlo, con el<strong>hashtag #Vidasyvinos.<\/strong><\/p>\n<p>En esta fase, <strong>se repartieron un centenar de colecciones<\/strong>, 1.200 botellas, en sorteos semanales, con un notable <strong>\u00e9xito<\/strong>, tanto por la <strong>participaci\u00f3n<\/strong> como por los <strong>comentarios<\/strong> recibidos sobre los vinos catados.<\/p>\n<p>En un <strong>segundo momento<\/strong>, \u201cCerca de ti\u201d se adapt\u00f3 a las nuevas restricciones y para <strong>reforzar el apoyo a los hosteleros<\/strong> se <strong>entregarondirectamentevariasColecciones Premium 2020 a losestablecimientos participantes<\/strong>. As\u00ed, est\u00e1 acci\u00f3n dot\u00f3 a sus <strong>bodegas<\/strong> de un<strong>fondo de excelentes vinos<\/strong>, con un <strong>valor de mercado de 14.000 euros<\/strong>.<\/p>\n<p style=\"text-align: center\"><img decoding=\"async\" class=\"alignnone size-full wp-image-6449\" src=\"https:\/\/elvinodelaspiedras.es\/wp-content\/uploads\/2020\/09\/Colecci\u00f3n-Premium-2020-El-Vino-de-las-Piedras-DOP-Cari\u00f1ena.jpg\" alt=\"\" width=\"800\" height=\"535\"><a href=\"https:\/\/elvinodelaspiedras.es\/wp-content\/uploads\/web\/bJGsC-VINODELASPIEDRASCOLECCIONPREMIUM2020.jpg\" target=\"_blank\" rel=\"noopener noreferrer\">DESCARGAR FOTO EN CALIDAD ALTA<\/a><\/p>\n<p><strong>LA COLECCI\u00d3N PREMIUM 2020 EL VINO DE LAS PIEDRAS<\/strong><\/p>\n<p><strong>Pedro Ballesteros<\/strong> seleccion\u00f3 los <strong>12 vinos de la Colecci\u00f3n Premium 2020 El Vino de las Piedras<\/strong> como <strong>muestra representativa de toda la variedad<\/strong> que ofrece la <strong>Denominaci\u00f3n de Origen Cari\u00f1ena<\/strong>. El Master of Wine destac\u00f3 que<strong>\u201ccada vino representa un modelo diferente\u201d<\/strong>. Estos fueron sus comentarios:<\/p>\n<p>BLANCOS<\/p>\n<p>&#8211;<strong>Particular Garnacha Blanca<\/strong>. Bodega Particular de <strong>San Valero<\/strong>. \u201c<strong>Tipicidad<\/strong> y <strong>franqueza<\/strong>. Imagen n\u00edtida del car\u00e1cter de este vi\u00f1edo en su expresi\u00f3n m\u00e1s directa y frutal\u201d<\/p>\n<p>&#8211;<strong>Corona de Arag\u00f3n Garnacha Blanca<\/strong>. <strong>Grandes Vinos<\/strong>. \u201c<strong>Complejidad y volumen<\/strong>. Abunda en una mayor complejidad que nos demuestra su <strong>potencial de guarda<\/strong>\u201d<\/p>\n<p>ROSADOS<\/p>\n<p>&#8211;<strong>Clave de Sol Rosado<\/strong>. <strong>Bodegas Covinca<\/strong>. \u201cAlegre y limpio. <strong>Vino alegre, limpio, de trago f\u00e1cil i<\/strong>deal para celebraciones\u201d<\/p>\n<p>&#8211;<strong>Monasterio de las Vi\u00f1as Garnacha Rosado<\/strong>. <strong>Grandes Vinos<\/strong>. \u201cCasi un clarete, <strong>con presencia y gastron\u00f3mico. Rosado sustancioso <\/strong>que acompa\u00f1a la buena mesa con gusto y frescura\u201d<\/p>\n<p>TINTOS<\/p>\n<p>&#8211;<strong>Hacienda Molleda Garnacha<\/strong>. <strong>Bodegas Hacienda Molleda<\/strong>. \u201cVino joven y afrutado.Vino joven de garnacha, <strong>lleno de fruto, pronto a beber<\/strong>\u201d<\/p>\n<p>&#8211;<strong>Quinta Mazuela<\/strong>. <strong>Bodegas Quinta Mazuela<\/strong>. \u201c<strong>Complejo, equilibrado<\/strong> y canta su origen. Un cl\u00e1sico de Cari\u00f1ena donde <strong>todo est\u00e1 presente en la justa cantidad<\/strong>: alcohol, taninos, acidez\u201d<\/p>\n<p>&#8211;<strong>Monasterio de las Vi\u00f1as Garnacha Vi\u00f1as Viejas<\/strong>. <strong>Grandes Vinos<\/strong>. \u201cCl\u00e1sico, de referencia y gran garnacha de crianza.<strong>Punto de referencia del clasicismo de Cari\u00f1ena<\/strong>, un vino <strong>afinado en barrica<\/strong>, con buena concentraci\u00f3n que demanda atenci\u00f3n\u201d<\/p>\n<p>&#8211;<strong>Las Margas<\/strong>. <strong>Bodem Bodegas<\/strong>. \u201c<strong>Poderoso, intenso y bien tramado<\/strong>. Una textura de grano fina e intensa, un vino para los grandes platos\u201d<\/p>\n<p>&#8211;<strong>GHM Cari\u00f1ena<\/strong>. Bodegas <strong>Hacienda Molleda<\/strong>. \u201cExpresivo y bien tipificado.Muestra la <strong>capacidad de la variedad cari\u00f1ena de ser expresiva<\/strong> y su equilibrio\u201d<\/p>\n<p>&#8211;<strong>Particular Garnacha Vi\u00f1as Centenarias<\/strong>. Bodega Particular de <strong>San Valero<\/strong>. Muy concentrado y en un estilo impresionante.El <strong>culmen de la concentraci\u00f3n<\/strong>, a la extracci\u00f3n del fruto de cepas muy viejas, a un concepto <strong>tan intelectual como sensorial<\/strong> que impresiona por su concentraci\u00f3n\u201d<\/p>\n<p>&#8211;<strong>8.0.1<\/strong>. <strong>Bodegas San Valero<\/strong>. \u201cVino <strong>de autor y muy personal<\/strong>.La muestra del saber hacer y la <strong>libertad creativa de un maestro<\/strong> que no tiene miedo a romper esquemas, que mezcla vi\u00f1edos y a\u00f1adas diferentes para conseguir algo que representa tanto a su zona como a su hacedor\u201d<\/p>\n<p>&#8211;<strong>Anay\u00f3n Cari\u00f1ena<\/strong>. <strong>Grandes Vinos<\/strong>. \u201cVino <strong>para guardar muchos a\u00f1os, con clase y fondo<\/strong>.Con saber y cari\u00f1o, de la variedad cari\u00f1ena se pueden hacer grand\u00edsimos vinos, elaborados para el paladar mas culto y exigente\u201d.<\/p>\n<p>Son 12 marcas representativas de los&nbsp;<b>modernos productos<\/b>&nbsp;que elaboran las bodegas de la D.O.P. Los vinos escogidos por&nbsp;<b>Pedro Ballesteros&nbsp;<\/b>pertenecen a estas seis:<b>&nbsp;San Valero, Grandes Vinos, Covinca, Hacienda Molleda, Bodem y Quinta Mazuela<\/b>.<\/p>\n<p><img loading=\"lazy\" decoding=\"async\" class=\"alignnone size-full wp-image-7014 aligncenter\" src=\"https:\/\/elvinodelaspiedras.es\/wp-content\/uploads\/2020\/10\/Una-de-las-fotos-ganadoras-en-los-sorteos-Vidas-y-Vinos.jpg\" alt=\"\" width=\"601\" height=\"595\"><\/p>\n<p><strong>SATISFACCI\u00d3N Y SOLIDARIDAD<\/strong><\/p>\n<p>La <strong>Colecci\u00f3n Premium<\/strong>permiti\u00f3 as\u00ed cumplir con <strong>objetivos<\/strong> como <strong>dar a conocer los Vinos de las Piedras a nuevos consumidores<\/strong>. As\u00ed, IgoneLetamendi, una de las primeras ganadoras, explicaba que prob\u00f3 por primera vez un vino de la D.O:P. Cari\u00f1ena en una visita a la ciudad de Teruel. \u201cSomos muy fan del vino y nos sorprendi\u00f3 much\u00edsimo\u201d, explicaba, adem\u00e1s de asegurar que la campa\u00f1a le iba a servir para \u201cfijarme a partir de ahora y buscar vinos de Cari\u00f1ena en mi ciudad, Bilbao, y probar m\u00e1s\u201d.<\/p>\n<p>La promoci\u00f3n tambi\u00e9n la aprovecharon los ya conocedores de la Denominaci\u00f3n para <strong>catar nuevas marcas y <\/strong>apreciar la variedad de los Vinos de las Piedras. Y los comentarios publicados en las redes divulgaron la calidad y excelente relaci\u00f3n de calidad y precio. Adem\u00e1s, incidieron en el su utilidad <strong>para<\/strong><strong> ayudar a la hosteler\u00eda<\/strong>. Otro ganador, Francisco Miguel S\u00e1nchez, explicaba: \u201cNo se pueden creer la ilusi\u00f3n que me ha hecho. Lo primero que hice fue llamar a la due\u00f1a del restaurante para dec\u00edrselo y que se hiciera promoci\u00f3n\u201d.<\/p>\n<p><strong>LOS 37 RESTAURANTES Y BARES PARTICIPANTES<\/strong><\/p>\n<p>ZARAGOZA<\/p>\n<p><strong>La Lobera<\/strong><strong>&nbsp;de Mart\u00edn<\/strong><\/p>\n<p><strong>La Ostrer\u00eda<\/strong><\/p>\n<p><strong>Parrilla Albarrac\u00edn<\/strong><\/p>\n<p><strong>La Reserva<\/strong><\/p>\n<p><strong>Palomeque<\/strong><\/p>\n<p><strong>El Foro<\/strong><\/p>\n<p><strong>+ Albarrac\u00edn<\/strong><\/p>\n<p><strong>La Rinconada<\/strong><strong>&nbsp;de Lorenzo<\/strong><\/p>\n<p><strong>La Junquera<\/strong><\/p>\n<p><strong>D\u00b4Arte<\/strong><\/p>\n<p><strong>La Bodega<\/strong><strong>&nbsp;de Chema<\/strong><\/p>\n<p><strong>Quema<\/strong><\/p>\n<p><strong>Molino de San L\u00e1zaro<\/strong><\/p>\n<p><strong>Urola<\/strong><\/p>\n<p><strong>Goralai<\/strong><\/p>\n<p><strong>Los Xarmientos<\/strong><\/p>\n<p><strong>El Chalet<\/strong><\/p>\n<p><strong>Casa Lac<\/strong><\/p>\n<p><strong>Bodegas Almau<\/strong><\/p>\n<p><strong>Casa Pedro<\/strong><\/p>\n<p><strong>Cancook<\/strong><\/p>\n<p><strong>Los Cabezudos<\/strong><\/p>\n<p><strong>Tragant\u00faa<\/strong><\/p>\n<p><strong>El Paradero (Paniza)<\/strong><\/p>\n<p><strong>El Arco (Paniza)<\/strong><\/p>\n<p><strong>La Cantina<\/strong><strong>&nbsp;(Cari\u00f1ena)<\/strong><\/p>\n<p><strong>La Rebotica<\/strong><strong>&nbsp;(Cari\u00f1ena)<\/strong><\/p>\n<p><strong>Bako (Cari\u00f1ena)<\/strong><\/p>\n<p>HUESCA<\/p>\n<p><strong>Las Torres<\/strong><\/p>\n<p><strong>Biarritz (Jaca)<\/strong><\/p>\n<p><strong>Venta del Sot\u00f3n (Esquedas)<\/strong><\/p>\n<p>&nbsp;TERUEL<\/p>\n<p><strong>La Vaquilla<\/strong><\/p>\n<p><strong>Cielo Mud\u00e9jar<\/strong><\/p>\n<p><strong>El Mercao<\/strong><\/p>\n<p><strong>Yain<\/strong><\/p>\n<p><strong>El Bat\u00e1n (Tramacastilla)<\/strong><\/p>\n<p><strong>La Trufa Negra<\/strong><strong>&nbsp;(Mora de Rubielos)<\/strong><\/p>\n<p><img loading=\"lazy\" decoding=\"async\" class=\"alignnone wp-image-8668 size-featured\" src=\"https:\/\/elvinodelaspiedras.es\/wp-content\/uploads\/2021\/08\/20200922_214610-800x600.jpg\" alt=\"\" width=\"800\" height=\"600\"><\/p>\n","protected":false},"excerpt":{"rendered":"<p>DESCARGAR FOTO EN CALIDAD ALTA El apoyo a la hosteler\u00eda aragonesa en plena pandemia sanitaria y la Colecci\u00f3n Premiun 2020 \u2014con 12 vinos seleccionados por el Master of Wine Pedro Ballesteros\u2014 fueron los dos ejes de la campa\u00f1a promocional \u201cCerca de ti\u201d de la Denominaci\u00f3n de Origen Protegida Cari\u00f1ena. En un a\u00f1o especialmente dif\u00edcil para &hellip;<\/p>\n","protected":false},"author":8,"featured_media":0,"parent":1305,"menu_order":1,"comment_status":"closed","ping_status":"closed","template":"","meta":{"_genesis_hide_title":false,"_genesis_hide_breadcrumbs":false,"_genesis_hide_singular_image":false,"_genesis_hide_footer_widgets":false,"_genesis_custom_body_class":"","_genesis_custom_post_class":"","_genesis_layout":"","ngg_post_thumbnail":0,"footnotes":""},"class_list":{"0":"post-6573","1":"page","2":"type-page","3":"status-publish","5":"entry"},"_links":{"self":[{"href":"https:\/\/elvinodelaspiedras.es\/en\/wp-json\/wp\/v2\/pages\/6573"}],"collection":[{"href":"https:\/\/elvinodelaspiedras.es\/en\/wp-json\/wp\/v2\/pages"}],"about":[{"href":"https:\/\/elvinodelaspiedras.es\/en\/wp-json\/wp\/v2\/types\/page"}],"author":[{"embeddable":true,"href":"https:\/\/elvinodelaspiedras.es\/en\/wp-json\/wp\/v2\/users\/8"}],"replies":[{"embeddable":true,"href":"https:\/\/elvinodelaspiedras.es\/en\/wp-json\/wp\/v2\/comments?post=6573"}],"version-history":[{"count":1,"href":"https:\/\/elvinodelaspiedras.es\/en\/wp-json\/wp\/v2\/pages\/6573\/revisions"}],"predecessor-version":[{"id":6574,"href":"https:\/\/elvinodelaspiedras.es\/en\/wp-json\/wp\/v2\/pages\/6573\/revisions\/6574"}],"up":[{"embeddable":true,"href":"https:\/\/elvinodelaspiedras.es\/en\/wp-json\/wp\/v2\/pages\/1305"}],"wp:attachment":[{"href":"https:\/\/elvinodelaspiedras.es\/en\/wp-json\/wp\/v2\/media?parent=6573"}],"curies":[{"name":"wp","href":"https:\/\/api.w.org\/{rel}","templated":true}]}}