{"id":6577,"date":"2021-08-19T14:03:11","date_gmt":"2021-08-19T14:03:11","guid":{"rendered":"https:\/\/elvinodelaspiedras.es\/en\/?page_id=6577"},"modified":"2021-08-19T14:03:11","modified_gmt":"2021-08-19T14:03:11","slug":"festival-of-the-stones-2019","status":"publish","type":"page","link":"https:\/\/elvinodelaspiedras.es\/en\/el-vino-de-las-piedras\/campanas-anteriores\/festival-of-the-stones-2019\/","title":{"rendered":"Festival of the Stones (2019)"},"content":{"rendered":"<p><img fetchpriority=\"high\" decoding=\"async\" class=\"alignnone wp-image-8707\" src=\"https:\/\/elvinodelaspiedras.es\/wp-content\/uploads\/2021\/08\/Banner-RRSS-1200x1200-1.jpg\" alt=\"\" width=\"800\" height=\"800\"><\/p>\n<p>La <strong>Denominaci\u00f3n de Origen Protegida Cari\u00f1ena<\/strong> celebr\u00f3 a lo largo de <strong>junio de 2019<\/strong>, con la <strong>colaboraci\u00f3n<\/strong> de la <strong>Asociaci\u00f3n de Restaurantes Horeca Zaragoza<\/strong>, el <strong>Festival de las Piedras<\/strong>, una original campa\u00f1a de promoci\u00f3n de sus vinos que fusionaba dos exitosos eventos anteriores, Sorpresas en el Restaurante y el Sal\u00f3n del Vino de las Piedras. <strong>Gastronom\u00eda, m\u00fasica y diversi\u00f3n<\/strong> se unieron en una acci\u00f3n que ofreci\u00f3 <strong>regalos directos <\/strong>por <strong>disfrutar de los Vinos de las Piedras<\/strong>.<\/p>\n<p><iframe title=\"Spot Festival de las Piedras D.O.P. Cari\u00f1ena\" width=\"500\" height=\"281\" src=\"https:\/\/www.youtube.com\/embed\/iETurNMubYQ?feature=oembed\" frameborder=\"0\" allow=\"accelerometer; autoplay; clipboard-write; encrypted-media; gyroscope; picture-in-picture; web-share\" referrerpolicy=\"strict-origin-when-cross-origin\" allowfullscreen><\/iframe><\/p>\n<p>Durante <strong>dos semanas<\/strong>, los <strong>clientes de 15 restaurantes zaragozanos<\/strong> participantes que <strong>acompa\u00f1aron su comida o cena con uno de los 14 vinos seleccionados<\/strong> de la D.O.P. Cari\u00f1ena recibieron una <strong>tarjeta rasca<\/strong> con premio. <strong>M\u00e1s de 2.000<\/strong> se llevaron una <strong>botella de vino gratis<\/strong>, para seguir catando las marcas de la Denominaci\u00f3n. Adem\u00e1s, <strong>500 afortunados<\/strong> consiguieron una <strong>entrada doble <\/strong>para una de las <strong>dos degustaciones exclusivas <\/strong>que se celebraron en el Auditorio de Zaragoza; dos singulares eventos de vino, m\u00fasica y valiosos sorteos.<\/p>\n<p><img decoding=\"async\" class=\"size-featured wp-image-8708 aligncenter\" src=\"https:\/\/elvinodelaspiedras.es\/wp-content\/uploads\/2021\/08\/7-B-800x600.jpg\" alt=\"\" width=\"800\" height=\"600\"><\/p>\n<p>En estas dos galas finales, con entrada solo para los premiados, <strong>cada bodega<\/strong> cont\u00f3 con un <strong>stand para ofrecer sus dos marcas escogidas<\/strong> para la campa\u00f1a. Los ganadores pudieron probarlos todos, con picoteo y en un cuidado ambiente, disfrutando adem\u00e1s de la <strong>actuaci\u00f3n en directo<\/strong> a dos de las <strong>mejores bandas tributo de toda Europa<\/strong>: el primer d\u00eda a Abba, y el segundo a The Beatles. Como broche, <strong>se sorte\u00f3<\/strong> entre los asistentes el <strong>primer d\u00eda<\/strong> un <strong>viaje para dos personas a Estocolmo<\/strong> y el <strong>segundo<\/strong> otro <strong>a Liverpool<\/strong>; adem\u00e1s, entre las dos veladas, se sortearon <strong>quince cenas<\/strong>, tambi\u00e9n para dos personas, en los distintos restaurantes participantes en el Festival de las Piedras.<\/p>\n<p>Acciones en las <strong>redes sociales<\/strong> para conseguir tambi\u00e9n entradas a las galas de degustaci\u00f3n y el <strong>sorteo especial de \u201cTu peso en vino\u201d<\/strong> completaron una <strong>promoci\u00f3n<\/strong> que lleg\u00f3 a <strong>m\u00e1s de siete mil clientes<\/strong> de restaurantes, con el objetivo de <strong>convertirles en \u201cembajadores de la denominaci\u00f3n&#8221;.<\/strong><\/p>\n<p><img decoding=\"async\" class=\"size-featured wp-image-8714 aligncenter\" src=\"https:\/\/elvinodelaspiedras.es\/wp-content\/uploads\/2021\/08\/18-B-800x600.jpg\" alt=\"\" width=\"800\" height=\"600\"><\/p>\n<p><strong>VINOS Y RESTAURANTES EN EL FESTIVAL DE LAS PIEDRAS<\/strong><\/p>\n<p>Con El Festival de las Piedras, la Denominaci\u00f3n de Origen Cari\u00f1ena <strong>ampli\u00f3 notablemente la duraci\u00f3n y n\u00famero de establecimientos<\/strong> participantes de sus campa\u00f1as promocionales. Fueron 16 los d\u00edas (por primera vez tambi\u00e9n entre semana) y 15 los restaurantes para participar en el Festival de las Piedras, respondiendo al <strong>creciente inter\u00e9s del p\u00fablico<\/strong> por la variedad y calidad de los Vinos de las Piedras.<\/p>\n<p><strong>Esteban Mart\u00edn, Hermanos Torcal, Paniza, San Valero, Solar de Urbezo, Covinca y Grandes Vinos<\/strong> fueron las siete<strong>bodegas<\/strong> de la D.O.P. Cari\u00f1ena que participaron, ofreciendo sus vinos en las cartas de los restaurantes y las degustaciones; cada una, con dos vinos, que mostraron la diversidad de vinos que se producen en la Denominaci\u00f3n.<\/p>\n<p><img loading=\"lazy\" decoding=\"async\" class=\"size-featured wp-image-8709\" src=\"https:\/\/elvinodelaspiedras.es\/wp-content\/uploads\/2021\/08\/Claudio-Herrero-Luis-Vaquer-Ignacio-Casamijana-y-Jose-Luis-Campos-con-los-14-vinos-del-Festival-de-las-Piedras-800x600.jpg\" alt=\"\" width=\"800\" height=\"600\"><\/p>\n<p>BLANCOS<\/p>\n<p>Clave de Sol Chardonnay 2018 (Bodegas Covinca)<\/p>\n<p>Corona de Arag\u00f3n Garnacha Blanca 2017 (Grandes Vinos)<\/p>\n<p>Esteban Mart\u00edn Blanco 2018 Chardonnay Macabeo (Bodegas Esteban Mart\u00edn)<\/p>\n<p>Marqu\u00e9s de FuendetodosChardonnay-Macabeo (Bodegas Hermanos Torcal)<\/p>\n<p>Particular Chardonnay Moscatel de Alejandr\u00eda (Bodegas San Valero)<\/p>\n<p>Urbezo Chardonnay 2018, (Bodegas Solar de Urbezo)<\/p>\n<p>ROSADOS<\/p>\n<p>Esteban Mart\u00edn Rosado 2018 Garnacha Tinta (Bodegas Esteban Mart\u00edn)<\/p>\n<p>F\u00e1bula Garnacha Rosado 2018 (Bodegas Paniza)<\/p>\n<p>TINTOS<\/p>\n<p>Cachirulo Garnacha-Shyraz 2016 (Bodegas Esteban Mart\u00edn)<\/p>\n<p>F\u00e1bula Garnacha Joven (Bodegas Paniza)<\/p>\n<p>Los Cabos de Urbezo Garnacha 2017 (Bodegas Solar de Urbezo)<\/p>\n<p>Monasterio de las Vi\u00f1as Old Vines 2016 Garnacha (Grandes Vinos)<\/p>\n<p>Particular Tinto Garnacha Joven (Bodegas San Valero)<\/p>\n<p>Terrai Old Vine Garnacha Roble 2017 (Bodegas Covinca)<\/p>\n<p>Los establecimientos hosteleros, la mayor\u00eda de ellos participantes ya en las anteriores campa\u00f1as, fueron: +Albarrac\u00edn, Casa Lac, D\u2019Arte, El Cachirulo, El Candelas, El Chalet, El Foro, La Matilde, La Rinconada de Lorenzo, Los Xarmientos, Novodabo, La Parrilla de Albarrac\u00edn, Quema, Teatro Principal y Tul\u00fa.<\/p>\n<p><strong>MARIDAJE DE M\u00daSICA Y VINO<\/strong><\/p>\n<p>En su <strong>paso por los restaurantes<\/strong>, la suma de vino de la D.O.P. Cari\u00f1ena y regalos conquist\u00f3 a <strong>zaragozanos y turistas, conocedores de la Denominaci\u00f3n y reci\u00e9n llegados, j\u00f3venes y mayores<\/strong>. Y a todos les dej\u00f3 un <strong>magn\u00edfico sabor de boca<\/strong>, como contaban los mismos participantes tras brindar con su marca elegida en toda clase de celebraciones y encuentros.<\/p>\n<p><img loading=\"lazy\" decoding=\"async\" class=\"size-featured wp-image-8710 aligncenter\" src=\"https:\/\/elvinodelaspiedras.es\/wp-content\/uploads\/2021\/08\/F54-800x600.jpg\" alt=\"\" width=\"800\" height=\"600\"><\/p>\n<p>Los afortunados que se encontraron con el premio de la <strong>degustaci\u00f3n<\/strong> pudieron disfrutar de una ocasi\u00f3n \u00fanica, que ninguno quiso perderse. Los dos d\u00edas el aforo se complet\u00f3 desde el primer momento y los asistentes aplaudieron tanto la uni\u00f3n de los vinos de Cari\u00f1ena con la gastronom\u00eda y la m\u00fasica, como la<strong> calidad de todos los vinos que pudieron probar<\/strong>.<\/p>\n<p>Los Vinos de las Piedras fueron los grandes protagonistas, pero tampoco faltaron elogios a la original experiencia de catar el vino con acompa\u00f1amiento musical y a la calidad de las actuaciones. Mayor fue todav\u00eda la fiesta entre los invitados que ganaron alg\u00fan premio en estas dos galas.<\/p>\n<p>En total, se sirvieron unas <strong>7.000 copas durante las dos degustaciones<\/strong>, que cerraron con todo el p\u00fablico del Auditorio de Zaragoza en pie para despedir el Festival de las Piedras y una novedosa propuesta de maridaje entre m\u00fasica y vinos, que gan\u00f3 nuevos entusiastas de la Denominaci\u00f3n de Origen Cari\u00f1ena.<\/p>\n<p><img loading=\"lazy\" decoding=\"async\" class=\"alignnone size-featured wp-image-8711\" src=\"https:\/\/elvinodelaspiedras.es\/wp-content\/uploads\/2021\/08\/F23-800x600.jpg\" alt=\"\" width=\"800\" height=\"600\"><\/p>\n<p style=\"text-align: center\"><a href=\"https:\/\/elvinodelaspiedras.es\/prensa\/index.php?ID=36\">DESCARGAR FOTOGRAF\u00cdAS EN CALIDAD ALTA<\/a><\/p>\n<p>&nbsp;<\/p>\n","protected":false},"excerpt":{"rendered":"<p>La Denominaci\u00f3n de Origen Protegida Cari\u00f1ena celebr\u00f3 a lo largo de junio de 2019, con la colaboraci\u00f3n de la Asociaci\u00f3n de Restaurantes Horeca Zaragoza, el Festival de las Piedras, una original campa\u00f1a de promoci\u00f3n de sus vinos que fusionaba dos exitosos eventos anteriores, Sorpresas en el Restaurante y el Sal\u00f3n del Vino de las Piedras. &hellip;<\/p>\n","protected":false},"author":8,"featured_media":0,"parent":1305,"menu_order":2,"comment_status":"closed","ping_status":"closed","template":"","meta":{"_genesis_hide_title":false,"_genesis_hide_breadcrumbs":false,"_genesis_hide_singular_image":false,"_genesis_hide_footer_widgets":false,"_genesis_custom_body_class":"","_genesis_custom_post_class":"","_genesis_layout":"","ngg_post_thumbnail":0,"footnotes":""},"class_list":{"0":"post-6577","1":"page","2":"type-page","3":"status-publish","5":"entry"},"_links":{"self":[{"href":"https:\/\/elvinodelaspiedras.es\/en\/wp-json\/wp\/v2\/pages\/6577"}],"collection":[{"href":"https:\/\/elvinodelaspiedras.es\/en\/wp-json\/wp\/v2\/pages"}],"about":[{"href":"https:\/\/elvinodelaspiedras.es\/en\/wp-json\/wp\/v2\/types\/page"}],"author":[{"embeddable":true,"href":"https:\/\/elvinodelaspiedras.es\/en\/wp-json\/wp\/v2\/users\/8"}],"replies":[{"embeddable":true,"href":"https:\/\/elvinodelaspiedras.es\/en\/wp-json\/wp\/v2\/comments?post=6577"}],"version-history":[{"count":1,"href":"https:\/\/elvinodelaspiedras.es\/en\/wp-json\/wp\/v2\/pages\/6577\/revisions"}],"predecessor-version":[{"id":6578,"href":"https:\/\/elvinodelaspiedras.es\/en\/wp-json\/wp\/v2\/pages\/6577\/revisions\/6578"}],"up":[{"embeddable":true,"href":"https:\/\/elvinodelaspiedras.es\/en\/wp-json\/wp\/v2\/pages\/1305"}],"wp:attachment":[{"href":"https:\/\/elvinodelaspiedras.es\/en\/wp-json\/wp\/v2\/media?parent=6577"}],"curies":[{"name":"wp","href":"https:\/\/api.w.org\/{rel}","templated":true}]}}