{"id":6945,"date":"2022-11-30T18:32:42","date_gmt":"2022-11-30T18:32:42","guid":{"rendered":"https:\/\/elvinodelaspiedras.es\/en\/?page_id=6945"},"modified":"2023-07-25T07:39:08","modified_gmt":"2023-07-25T07:39:08","slug":"90o-aniversario","status":"publish","type":"page","link":"https:\/\/elvinodelaspiedras.es\/en\/90o-aniversario\/","title":{"rendered":"90\u00ba ANIVERSARIO"},"content":{"rendered":"<p style=\"text-align: center\"><a href=\"https:\/\/elvinodelaspiedras.es\/comunicacion\/galerias-fotograficas\/fotografias\/galerias-fotograficas\/90o-aniversario-d-o-carinena\">VER GALER\u00cdA DE FOTOS 90 A\u00d1OS DE LA D.O. CARI\u00d1ENA<\/a><\/p>\n<p>La&nbsp;<strong>continua innovaci\u00f3n<\/strong>&nbsp;y&nbsp;<strong>b\u00fasqueda de la excelencia<\/strong>&nbsp;han sido las&nbsp;<strong>constantes<\/strong>&nbsp;de la&nbsp;<strong>Denominaci\u00f3n de Origen Cari\u00f1ena<\/strong>&nbsp;durante los&nbsp;<strong>90 a\u00f1os&nbsp;<\/strong>que celebra en&nbsp;<strong>2022<\/strong>. Fue una de las primeras denominaciones en toda Espa\u00f1a reconocidas con este&nbsp;<strong>t\u00edtulo<\/strong>&nbsp;en el&nbsp;<strong>Estatuto del Vino de 1932<\/strong>, para garantizar y certificar la procedencia y calidad de sus vinos. Un hito importante al que le precede todo un&nbsp;<strong>legado ancestral de reconocimientos<\/strong>, porque ya desde la \u00e9poca romana los vinos de esta regi\u00f3n zaragozana eran enormemente apreciados.<\/p>\n<p>En la actualidad, esta Denominaci\u00f3n re\u00fane&nbsp;<strong>16 municipios, 14.100 hect\u00e1reas, 1.350 viticultores y m\u00e1s de 30 bodegas<\/strong>. Una zona&nbsp;<strong>entregada en cuerpo y alma<\/strong>&nbsp;hist\u00f3ricamente al&nbsp;<strong>cultivo del vino<\/strong>&nbsp;y la superaci\u00f3n de todo tipo de adversidades, como la plaga de la filoxera a finales del siglo XIX. Por la sobresaliente lucha de Cari\u00f1ena contra ella, el rey Alfonso XIII le concedi\u00f3 el t\u00edtulo de ciudad en 1909.<\/p>\n<p><img fetchpriority=\"high\" decoding=\"async\" class=\"aligncenter wp-image-13608 size-full\" src=\"https:\/\/elvinodelaspiedras.es\/wp-content\/uploads\/2022\/11\/Z-SEDE-ANTIGUO.jpg\" alt=\"\" width=\"1629\" height=\"1333\"><\/p>\n<p><img decoding=\"async\" class=\"aligncenter wp-image-13605 size-full\" src=\"https:\/\/elvinodelaspiedras.es\/wp-content\/uploads\/2022\/11\/Z-SEDE-DESPUES-scaled.jpg\" alt=\"\" width=\"2560\" height=\"1702\"><\/p>\n<p>Desde los&nbsp;<strong>a\u00f1os 40 y hasta la actualidad<\/strong>, el&nbsp;<strong>cooperativismo<\/strong>&nbsp;ha sido otra de las caracter\u00edsticas del \u00e9xito y progreso de la&nbsp;<strong>mayor Denominaci\u00f3n de Arag\u00f3n<\/strong>, s\u00edmbolo de la uni\u00f3n de sus gentes en torno a un objetivo com\u00fan. El&nbsp;<strong>Consejo Regulador<\/strong>&nbsp;se cre\u00f3 en&nbsp;<strong>1960<\/strong>&nbsp;y desde entonces lo han dirigido&nbsp;<strong>14 presidentes y 4 secretarios<\/strong>. Desde sus inicios sum\u00f3, a su funci\u00f3n de&nbsp;<strong>control reglamentario<\/strong>, iniciativas para&nbsp;<strong>fomentar la calidad<\/strong>&nbsp;y&nbsp;<strong>acciones promocionales<\/strong>&nbsp;que han sido decisivas en el despegue de la DO Cari\u00f1ena. Al igual que la<strong>&nbsp;apuesta de las bodegas<\/strong>&nbsp;por una continua&nbsp;<strong>modernizaci\u00f3n e innovaci\u00f3n<\/strong>, con la incorporaci\u00f3n de avances tecnol\u00f3gicos y cient\u00edficos.<\/p>\n<p>Esta tierra fue&nbsp;<strong>pionera<\/strong>&nbsp;por ejemplo a&nbsp;<strong>nivel nacional<\/strong>&nbsp;en implantar el&nbsp;<strong>embotellado industrial<\/strong>, en la d\u00e9cada de los 60. Y veinte a\u00f1os m\u00e1s tarde,&nbsp;<strong>grandes en\u00f3logos como Luis Gasca<\/strong>&nbsp;ponen en marcha nuevas t\u00e9cnicas de viticultura como la&nbsp;<strong>vendimia controlada<\/strong>, con la que se logran vinos equilibrados y adaptados a los gustos de todos los p\u00fablicos y de los mercados internacionales, a donde en la&nbsp;<strong>actualidad<\/strong>&nbsp;se&nbsp;<strong>exportan dos de cada tres botellas<\/strong>.<\/p>\n<p><img decoding=\"async\" class=\"aligncenter wp-image-13609 size-full\" src=\"https:\/\/elvinodelaspiedras.es\/wp-content\/uploads\/2022\/11\/Z-MUSEO-ANTIGUO-scaled.jpg\" alt=\"\" width=\"2560\" height=\"1916\"><\/p>\n<p><img loading=\"lazy\" decoding=\"async\" class=\"aligncenter wp-image-13610 size-full\" src=\"https:\/\/elvinodelaspiedras.es\/wp-content\/uploads\/2022\/11\/Z-MUSEO-DESPUES-scaled.jpg\" alt=\"\" width=\"2560\" height=\"1702\"><\/p>\n<p>El&nbsp;<strong>75 aniversario<\/strong>&nbsp;de la Denominaci\u00f3n marc\u00f3 un nuevo&nbsp;<strong>impulso a la comercializaci\u00f3n y promoci\u00f3n<\/strong>, que se concret\u00f3 en&nbsp;<strong>2011<\/strong>&nbsp;con el&nbsp;<strong>rompedor lema El Vino de las Piedras<\/strong>. Y al cumplir 90 a\u00f1os, Cari\u00f1ena vuelve a reinventarse con una&nbsp;<strong>nueva imagen<\/strong>&nbsp;y mira ya hacia su centenario con el&nbsp;<strong>esp\u00edritu<\/strong>&nbsp;de seguir&nbsp;<strong>expandiendo la calidad y legado de sus vinos<\/strong>&nbsp;por&nbsp;<strong>todo el mundo<\/strong>.<\/p>\n<p><strong>PRESIDENTES CRDO CARI\u00d1ENA<\/strong><\/p>\n<p>REUNI\u00d3N CONSTITUTIVA : SIMON VICENTE JUAN 25\/05\/1960 \u2013 05\/11\/1960<br \/>\n1\u00ba JOSE MARIA BEN\u00cdTEZ-SIM\u00d3N Y BUTRON DE M\u00daJICA 05\/11\/1960 \u2013 11\/05\/1964<br \/>\n2\u00ba CARLOS ESCRIBANO ISAVA 11\/05\/1964 \u2013 18\/11\/1970<br \/>\n3\u00ba MANUEL ANGULO 18\/11\/1970 \u2013 10\/07\/1972<br \/>\n4\u00ba PRES. ACCIDENTAL: SIM\u00d3N VICENTE JUAN 10\/07\/1972 \u2013 12\/03\/1973<br \/>\n5\u00ba JUAN MANUEL JUSTE TRULL\u00c9N 12\/03\/1973 \u2013 14\/02\/1976<br \/>\n6\u00ba PRESIDENTE ACCIDENTAL: SALVADOR RUIZ BERDEJO 14\/02\/1976 \u2013 26\/04\/1976<br \/>\n7\u00ba JOS\u00c9 BRIBI\u00c1N SANZ 26\/04\/1976 \u2013 08\/03\/1982<br \/>\n8\u00ba PRESIDENTE ACCIDENTAL: JES\u00daS FERNANDEZ MORENO 08\/03\/1982 \u2013 28\/7\/1982<br \/>\n9\u00ba FERNANDO PELIGERO G\u00d3MEZ 28\/07\/1982 \u2013 05\/09\/1992<br \/>\n10\u00ba F\u00c9LIX B\u00c1GUENA ISIEGAS 5\/09\/1992 \u2013 15\/12\/2000<br \/>\n11\u00ba SANTIAGO BEGU\u00c9 GIL 15\/12\/2000 \u2013 16\/07\/2009<br \/>\n12\u00ba JOS\u00c9 LUIS MAINAR FRANCO 16\/07\/2009 \u2013 22\/07\/2013<br \/>\n13\u00ba ANTONIO UBIDE BOSQUED 22\/07\/2013 \u2013 20\/07\/2017<br \/>\n14\u00ba IGNACIO CASAMITJANA BARRIOS 20\/07\/2017 \u2013 11\/06\/2021<br \/>\n15\u00ba ANTONIO UBIDE BOSQUED 11\/06\/2021<\/p>\n<p><img loading=\"lazy\" decoding=\"async\" class=\"aligncenter wp-image-13642 size-full\" src=\"https:\/\/elvinodelaspiedras.es\/wp-content\/uploads\/2022\/11\/18-Jose-Bribian-scaled.jpg\" alt=\"\" width=\"2560\" height=\"1826\"><\/p>\n<p><img loading=\"lazy\" decoding=\"async\" class=\"aligncenter wp-image-13640 size-full\" src=\"https:\/\/elvinodelaspiedras.es\/wp-content\/uploads\/2022\/11\/19-Fernando-Peligero.jpg\" alt=\"\" width=\"1968\" height=\"1620\"><\/p>\n<p><img loading=\"lazy\" decoding=\"async\" class=\"aligncenter wp-image-13641 size-full\" src=\"https:\/\/elvinodelaspiedras.es\/wp-content\/uploads\/2022\/11\/23-InauguracionMuseo2.jpg\" alt=\"\" width=\"1645\" height=\"1215\"><\/p>\n<p><img loading=\"lazy\" decoding=\"async\" class=\"aligncenter wp-image-13644 size-full\" src=\"https:\/\/elvinodelaspiedras.es\/wp-content\/uploads\/2022\/11\/30-Santiago-Begue-scaled.jpg\" alt=\"\" width=\"2560\" height=\"1863\"><\/p>\n<p><img loading=\"lazy\" decoding=\"async\" class=\"aligncenter wp-image-13645 size-full\" src=\"https:\/\/elvinodelaspiedras.es\/wp-content\/uploads\/2022\/11\/32-Jose-Luis-Mainar-scaled.jpg\" alt=\"\" width=\"2560\" height=\"1823\"><\/p>\n<p><img loading=\"lazy\" decoding=\"async\" class=\"aligncenter wp-image-13646 size-full\" src=\"https:\/\/elvinodelaspiedras.es\/wp-content\/uploads\/2022\/11\/35-Antonio-Ubide-scaled.jpg\" alt=\"\" width=\"2560\" height=\"1803\"><\/p>\n<p><img loading=\"lazy\" decoding=\"async\" class=\"aligncenter wp-image-13647 size-full\" src=\"https:\/\/elvinodelaspiedras.es\/wp-content\/uploads\/2022\/11\/37-Ignacio-Casamitjana.jpg\" alt=\"\" width=\"1500\" height=\"1080\"><\/p>\n<p><strong>SECRETARIOS GENERALES CRDO CARI\u00d1ENA<\/strong><\/p>\n<p>1\u00ba PEDRO QU\u00cdLEZ LISBONA 05\/11\/1960 \u2013 11\/05\/1964<br \/>\n2\u00ba LORENZO ORTIZ MONTORO 11\/05\/1964 \u2013 12\/07\/1968<br \/>\n3\u00ba ENRIQUE CLAVERA DE GUELBENZU 12\/07\/1968 \u2013 18\/3\/1992<br \/>\n4\u00ba SECRETARIO ACCIDENTAL: CLAUDIO HERRERO EZQUERRO 01\/08\/1989 \u2013&nbsp;09\/06\/1992<br \/>\n5\u00ba CLAUDIO HERRERO EZQUERRO 22\/01\/1993<\/p>\n<p><img loading=\"lazy\" decoding=\"async\" class=\"aligncenter wp-image-13648 size-full\" src=\"https:\/\/elvinodelaspiedras.es\/wp-content\/uploads\/2022\/11\/17-ENRIQUE-CLAVERA-secretario.jpg\" alt=\"\" width=\"2406\" height=\"1570\"><\/p>\n<p><img loading=\"lazy\" decoding=\"async\" class=\"aligncenter wp-image-7118 size-full\" src=\"https:\/\/elvinodelaspiedras.es\/en\/wp-content\/uploads\/sites\/3\/2023\/07\/Claudio-Herrero.jpg\" alt=\"\" width=\"1685\" height=\"1200\" srcset=\"https:\/\/elvinodelaspiedras.es\/en\/wp-content\/uploads\/sites\/3\/2023\/07\/Claudio-Herrero.jpg 1685w, https:\/\/elvinodelaspiedras.es\/en\/wp-content\/uploads\/sites\/3\/2023\/07\/Claudio-Herrero-300x214.jpg 300w, https:\/\/elvinodelaspiedras.es\/en\/wp-content\/uploads\/sites\/3\/2023\/07\/Claudio-Herrero-1024x729.jpg 1024w, https:\/\/elvinodelaspiedras.es\/en\/wp-content\/uploads\/sites\/3\/2023\/07\/Claudio-Herrero-768x547.jpg 768w, https:\/\/elvinodelaspiedras.es\/en\/wp-content\/uploads\/sites\/3\/2023\/07\/Claudio-Herrero-1536x1094.jpg 1536w\" sizes=\"(max-width: 1685px) 100vw, 1685px\" \/><\/p>\n<p style=\"text-align: center\"><a href=\"https:\/\/elvinodelaspiedras.es\/comunicacion\/galerias-fotograficas\/fotografias\/galerias-fotograficas\/90o-aniversario-d-o-carinena\">VER GALER\u00cdA DE FOTOS 90 A\u00d1OS DE LA D.O. CARI\u00d1ENA<\/a><\/p>\n","protected":false},"excerpt":{"rendered":"<p>VER GALER\u00cdA DE FOTOS 90 A\u00d1OS DE LA D.O. CARI\u00d1ENA La&nbsp;continua innovaci\u00f3n&nbsp;y&nbsp;b\u00fasqueda de la excelencia&nbsp;han sido las&nbsp;constantes&nbsp;de la&nbsp;Denominaci\u00f3n de Origen Cari\u00f1ena&nbsp;durante los&nbsp;90 a\u00f1os&nbsp;que celebra en&nbsp;2022. Fue una de las primeras denominaciones en toda Espa\u00f1a reconocidas con este&nbsp;t\u00edtulo&nbsp;en el&nbsp;Estatuto del Vino de 1932, para garantizar y certificar la procedencia y calidad de sus vinos. Un hito &hellip;<\/p>\n","protected":false},"author":8,"featured_media":0,"parent":0,"menu_order":0,"comment_status":"closed","ping_status":"closed","template":"","meta":{"_genesis_hide_title":false,"_genesis_hide_breadcrumbs":false,"_genesis_hide_singular_image":false,"_genesis_hide_footer_widgets":false,"_genesis_custom_body_class":"","_genesis_custom_post_class":"","_genesis_layout":"","ngg_post_thumbnail":0,"footnotes":""},"class_list":{"0":"post-6945","1":"page","2":"type-page","3":"status-publish","5":"entry","6":"has-post-thumbnail"},"_links":{"self":[{"href":"https:\/\/elvinodelaspiedras.es\/en\/wp-json\/wp\/v2\/pages\/6945"}],"collection":[{"href":"https:\/\/elvinodelaspiedras.es\/en\/wp-json\/wp\/v2\/pages"}],"about":[{"href":"https:\/\/elvinodelaspiedras.es\/en\/wp-json\/wp\/v2\/types\/page"}],"author":[{"embeddable":true,"href":"https:\/\/elvinodelaspiedras.es\/en\/wp-json\/wp\/v2\/users\/8"}],"replies":[{"embeddable":true,"href":"https:\/\/elvinodelaspiedras.es\/en\/wp-json\/wp\/v2\/comments?post=6945"}],"version-history":[{"count":3,"href":"https:\/\/elvinodelaspiedras.es\/en\/wp-json\/wp\/v2\/pages\/6945\/revisions"}],"predecessor-version":[{"id":7119,"href":"https:\/\/elvinodelaspiedras.es\/en\/wp-json\/wp\/v2\/pages\/6945\/revisions\/7119"}],"wp:attachment":[{"href":"https:\/\/elvinodelaspiedras.es\/en\/wp-json\/wp\/v2\/media?parent=6945"}],"curies":[{"name":"wp","href":"https:\/\/api.w.org\/{rel}","templated":true}]}}