{"id":6996,"date":"2023-01-25T17:18:06","date_gmt":"2023-01-25T17:18:06","guid":{"rendered":"https:\/\/elvinodelaspiedras.es\/en\/?page_id=6996"},"modified":"2023-01-25T17:18:06","modified_gmt":"2023-01-25T17:18:06","slug":"fuendetodos","status":"publish","type":"page","link":"https:\/\/elvinodelaspiedras.es\/en\/do-carinena\/towns\/fuendetodos\/","title":{"rendered":"Fuendetodos"},"content":{"rendered":"<p><img fetchpriority=\"high\" decoding=\"async\" class=\"alignnone size-medium wp-image-6998\" src=\"https:\/\/elvinodelaspiedras.es\/en\/wp-content\/uploads\/sites\/3\/2023\/01\/Casa_natal_de_Francisco_Goya_Fuendetodos_Zaragoza_Espana_2015-01-08_DD_06-300x219.jpeg\" alt=\"\" width=\"300\" height=\"219\"><\/p>\n<p>Esta localidad es mundialmente conocida como lugar de nacimiento, en 1746, de Francisco de Goya, el pintor aragon\u00e9s m\u00e1s universal, cuya figura recuerdan los tres centros de la Casa-Museo de Goya. El pueblo tambi\u00e9n conserva otros monumentos y un interesante conjunto etnogr\u00e1fico y natural.<\/p>\n<p>La Casa Natal del pintor (declarada Bien de Inter\u00e9s Cultural) alberga una exposici\u00f3n de objetos y muebles de la \u00e9poca. Por otra parte, el Museo del Grabado expone una selecci\u00f3n de grabados de las cuatro grandes series del artista: &#8220;Los Caprichos&#8221;, &#8220;Los Desastres de la guerra&#8221;, &#8220;La Tauromaquia&#8221; y &#8220;Los Disparates&#8221;. Finalmente, la Sala Zuloaga es un edificio inaugurado en 1996 y destinado a sala de exposiciones temporales especializadas en arte gr\u00e1fico; a lo largo de m\u00e1s de 20 a\u00f1os ha acogido importantes exposiciones de grabado hist\u00f3rico y arte gr\u00e1fico contempor\u00e1neo.<\/p>\n<p>Tambi\u00e9n se atribuye al joven Goya una pintura en la iglesia de la Asunci\u00f3n, de factura barroca. El casco urbano tambi\u00e9n conserva varias casonas de inter\u00e9s y los restos de la fortaleza medieval conocida como la Obra de los Moros.<\/p>\n<p>El patrimonio etnogr\u00e1fico incluye la fuente medieval que da nombre al pueblo, hornos de cal, neveros (utilizados antiguamente para almacenar la nieve del invierno para convertirla en hielo) y canteras de piedras, en una ruta marcada como sendero educativo.<\/p>\n<p>Para conocer el entorno natural de Fuendetodos, el espacio de naturaleza Fuendeverde organiza talleres infantiles y excursiones guiadas, con las que descubrir en el entorno los sorprendentes parajes de los hocinos (barrancos). Tambi\u00e9n se pueden visitar huellas de la guerra Civil.<\/p>\n<p>&nbsp;<\/p>\n","protected":false},"excerpt":{"rendered":"<p>Esta localidad es mundialmente conocida como lugar de nacimiento, en 1746, de Francisco de Goya, el pintor aragon\u00e9s m\u00e1s universal, cuya figura recuerdan los tres centros de la Casa-Museo de Goya. El pueblo tambi\u00e9n conserva otros monumentos y un interesante conjunto etnogr\u00e1fico y natural. La Casa Natal del pintor (declarada Bien de Inter\u00e9s Cultural) alberga &hellip;<\/p>\n","protected":false},"author":8,"featured_media":0,"parent":1590,"menu_order":16,"comment_status":"closed","ping_status":"closed","template":"","meta":{"_genesis_hide_title":false,"_genesis_hide_breadcrumbs":false,"_genesis_hide_singular_image":false,"_genesis_hide_footer_widgets":false,"_genesis_custom_body_class":"","_genesis_custom_post_class":"","_genesis_layout":"","ngg_post_thumbnail":0,"footnotes":""},"class_list":{"0":"post-6996","1":"page","2":"type-page","3":"status-publish","5":"entry","6":"has-post-thumbnail"},"_links":{"self":[{"href":"https:\/\/elvinodelaspiedras.es\/en\/wp-json\/wp\/v2\/pages\/6996"}],"collection":[{"href":"https:\/\/elvinodelaspiedras.es\/en\/wp-json\/wp\/v2\/pages"}],"about":[{"href":"https:\/\/elvinodelaspiedras.es\/en\/wp-json\/wp\/v2\/types\/page"}],"author":[{"embeddable":true,"href":"https:\/\/elvinodelaspiedras.es\/en\/wp-json\/wp\/v2\/users\/8"}],"replies":[{"embeddable":true,"href":"https:\/\/elvinodelaspiedras.es\/en\/wp-json\/wp\/v2\/comments?post=6996"}],"version-history":[{"count":1,"href":"https:\/\/elvinodelaspiedras.es\/en\/wp-json\/wp\/v2\/pages\/6996\/revisions"}],"predecessor-version":[{"id":6999,"href":"https:\/\/elvinodelaspiedras.es\/en\/wp-json\/wp\/v2\/pages\/6996\/revisions\/6999"}],"up":[{"embeddable":true,"href":"https:\/\/elvinodelaspiedras.es\/en\/wp-json\/wp\/v2\/pages\/1590"}],"wp:attachment":[{"href":"https:\/\/elvinodelaspiedras.es\/en\/wp-json\/wp\/v2\/media?parent=6996"}],"curies":[{"name":"wp","href":"https:\/\/api.w.org\/{rel}","templated":true}]}}