{"id":7000,"date":"2023-01-25T17:19:17","date_gmt":"2023-01-25T17:19:17","guid":{"rendered":"https:\/\/elvinodelaspiedras.es\/en\/?page_id=7000"},"modified":"2023-01-25T17:19:43","modified_gmt":"2023-01-25T17:19:43","slug":"vistabella-de-huerva","status":"publish","type":"page","link":"https:\/\/elvinodelaspiedras.es\/en\/do-carinena\/towns\/vistabella-de-huerva\/","title":{"rendered":"Vistabella de Huerva"},"content":{"rendered":"<figure id=\"attachment_7001\" aria-describedby=\"caption-attachment-7001\" style=\"width: 300px\" class=\"wp-caption alignnone\"><img fetchpriority=\"high\" decoding=\"async\" class=\"size-medium wp-image-7001\" src=\"https:\/\/elvinodelaspiedras.es\/en\/wp-content\/uploads\/sites\/3\/2023\/01\/vistabella_1-300x225.jpg\" alt=\"\" width=\"300\" height=\"225\" srcset=\"https:\/\/elvinodelaspiedras.es\/en\/wp-content\/uploads\/sites\/3\/2023\/01\/vistabella_1-300x225.jpg 300w, https:\/\/elvinodelaspiedras.es\/en\/wp-content\/uploads\/sites\/3\/2023\/01\/vistabella_1-260x195.jpg 260w\" sizes=\"(max-width: 300px) 100vw, 300px\" \/><figcaption id=\"caption-attachment-7001\" class=\"wp-caption-text\">Digital Camera<\/figcaption><\/figure>\n<p>Esta peque\u00f1a localidad es un bonito enclave a orillas del r\u00edo Huerva y rodeada de monte, id\u00f3nea para disfrutar de paseos y excursiones, como la subida la ermita de Santa Quiteria, entre carrascas y pinares, que ofrece excelentes panor\u00e1micas.<\/p>\n<p>El casco urbano ha conservado su urbanismo t\u00edpico. Se mantienen tambi\u00e9n restos de la iglesia de San Miguel Arc\u00e1ngel, un edificio mud\u00e9jar en el siglo XVI, reaprovechados cuando se levant\u00f3 el actual edificio.<\/p>\n","protected":false},"excerpt":{"rendered":"<p>Esta peque\u00f1a localidad es un bonito enclave a orillas del r\u00edo Huerva y rodeada de monte, id\u00f3nea para disfrutar de paseos y excursiones, como la subida la ermita de Santa Quiteria, entre carrascas y pinares, que ofrece excelentes panor\u00e1micas. El casco urbano ha conservado su urbanismo t\u00edpico. Se mantienen tambi\u00e9n restos de la iglesia de &hellip;<\/p>\n","protected":false},"author":8,"featured_media":0,"parent":1590,"menu_order":16,"comment_status":"closed","ping_status":"closed","template":"","meta":{"_genesis_hide_title":false,"_genesis_hide_breadcrumbs":false,"_genesis_hide_singular_image":false,"_genesis_hide_footer_widgets":false,"_genesis_custom_body_class":"","_genesis_custom_post_class":"","_genesis_layout":"","ngg_post_thumbnail":0,"footnotes":""},"class_list":{"0":"post-7000","1":"page","2":"type-page","3":"status-publish","5":"entry","6":"has-post-thumbnail"},"_links":{"self":[{"href":"https:\/\/elvinodelaspiedras.es\/en\/wp-json\/wp\/v2\/pages\/7000"}],"collection":[{"href":"https:\/\/elvinodelaspiedras.es\/en\/wp-json\/wp\/v2\/pages"}],"about":[{"href":"https:\/\/elvinodelaspiedras.es\/en\/wp-json\/wp\/v2\/types\/page"}],"author":[{"embeddable":true,"href":"https:\/\/elvinodelaspiedras.es\/en\/wp-json\/wp\/v2\/users\/8"}],"replies":[{"embeddable":true,"href":"https:\/\/elvinodelaspiedras.es\/en\/wp-json\/wp\/v2\/comments?post=7000"}],"version-history":[{"count":1,"href":"https:\/\/elvinodelaspiedras.es\/en\/wp-json\/wp\/v2\/pages\/7000\/revisions"}],"predecessor-version":[{"id":7002,"href":"https:\/\/elvinodelaspiedras.es\/en\/wp-json\/wp\/v2\/pages\/7000\/revisions\/7002"}],"up":[{"embeddable":true,"href":"https:\/\/elvinodelaspiedras.es\/en\/wp-json\/wp\/v2\/pages\/1590"}],"wp:attachment":[{"href":"https:\/\/elvinodelaspiedras.es\/en\/wp-json\/wp\/v2\/media?parent=7000"}],"curies":[{"name":"wp","href":"https:\/\/api.w.org\/{rel}","templated":true}]}}