{"id":7107,"date":"2023-06-21T08:25:56","date_gmt":"2023-06-21T08:25:56","guid":{"rendered":"https:\/\/elvinodelaspiedras.es\/en\/?page_id=7107"},"modified":"2023-06-21T08:25:56","modified_gmt":"2023-06-21T08:25:56","slug":"caracterizacion-de-terroirs","status":"publish","type":"page","link":"https:\/\/elvinodelaspiedras.es\/en\/do-carinena\/viticulture\/production-area\/caracterizacion-de-terroirs\/","title":{"rendered":"Caracterizaci\u00f3n de terroirs"},"content":{"rendered":"<p><a href=\"https:\/\/elvinodelaspiedras.es\/en\/wp-content\/uploads\/sites\/3\/2023\/06\/Presentacion-sintesis-resultados-DO-Carinena.pdf\" target=\"_blank\" rel=\"noopener\">Descargar el informe<\/a>&nbsp;\u00abCaracterizaci\u00f3n de los potenciales viticulturales y enol\u00f3gicos de los terroirs de la DOP Cari\u00f1ena\u00bb. S\u00edntesis de los cinco a\u00f1os de resultados<\/p>\n","protected":false},"excerpt":{"rendered":"<p>Descargar el informe&nbsp;\u00abCaracterizaci\u00f3n de los potenciales viticulturales y enol\u00f3gicos de los terroirs de la DOP Cari\u00f1ena\u00bb. S\u00edntesis de los cinco a\u00f1os de resultados<\/p>\n","protected":false},"author":8,"featured_media":0,"parent":1558,"menu_order":4,"comment_status":"closed","ping_status":"closed","template":"","meta":{"_genesis_hide_title":false,"_genesis_hide_breadcrumbs":false,"_genesis_hide_singular_image":false,"_genesis_hide_footer_widgets":false,"_genesis_custom_body_class":"","_genesis_custom_post_class":"","_genesis_layout":"","ngg_post_thumbnail":0,"footnotes":""},"class_list":{"0":"post-7107","1":"page","2":"type-page","3":"status-publish","5":"entry"},"_links":{"self":[{"href":"https:\/\/elvinodelaspiedras.es\/en\/wp-json\/wp\/v2\/pages\/7107"}],"collection":[{"href":"https:\/\/elvinodelaspiedras.es\/en\/wp-json\/wp\/v2\/pages"}],"about":[{"href":"https:\/\/elvinodelaspiedras.es\/en\/wp-json\/wp\/v2\/types\/page"}],"author":[{"embeddable":true,"href":"https:\/\/elvinodelaspiedras.es\/en\/wp-json\/wp\/v2\/users\/8"}],"replies":[{"embeddable":true,"href":"https:\/\/elvinodelaspiedras.es\/en\/wp-json\/wp\/v2\/comments?post=7107"}],"version-history":[{"count":1,"href":"https:\/\/elvinodelaspiedras.es\/en\/wp-json\/wp\/v2\/pages\/7107\/revisions"}],"predecessor-version":[{"id":7108,"href":"https:\/\/elvinodelaspiedras.es\/en\/wp-json\/wp\/v2\/pages\/7107\/revisions\/7108"}],"up":[{"embeddable":true,"href":"https:\/\/elvinodelaspiedras.es\/en\/wp-json\/wp\/v2\/pages\/1558"}],"wp:attachment":[{"href":"https:\/\/elvinodelaspiedras.es\/en\/wp-json\/wp\/v2\/media?parent=7107"}],"curies":[{"name":"wp","href":"https:\/\/api.w.org\/{rel}","templated":true}]}}